{"id":1921,"date":"2025-11-18T14:32:01","date_gmt":"2025-11-18T13:32:01","guid":{"rendered":"https:\/\/www.bastiandruck.de\/akzidenzen\/"},"modified":"2026-02-10T11:50:21","modified_gmt":"2026-02-10T10:50:21","slug":"impresiones-comerciales","status":"publish","type":"page","link":"https:\/\/www.bastiandruck.de\/es\/impresiones-comerciales\/","title":{"rendered":"Impresiones comerciales (Akzidenzen)"},"content":{"rendered":"<div class=\"wpb-content-wrapper\"><p>[vc_row full_width=&#8221;stretch_row_content_no_spaces&#8221;][vc_column]<div class=\"banner-area banner-5bf3ec817cf7c autoplay-true social-buttons-align-right\"><div class=\"banner-bottom\"><div class=\"container\"><div class=\"banner-counter\"><\/div><div class=\"owl-nav\"><\/div><\/div><\/div><div class=\"banner  fixed-height style2\" style=\"height: 610px;\"><div class=\"item banner-item-6a047affbc002 middle tal white\" style=\"background-image: url(https:\/\/www.bastiandruck.de\/wp-content\/uploads\/2025\/08\/ChatGPT-Image-29.-Aug.-2025-16_50_26.png);\"><div class=\"overlay\"><\/div><div class=\"container\"><div class=\"cell\"><div class=\"sub-h decor-h dec-line-t-l\"><span>Somos su socio en materia de impresi\u00f3n comercial<\/span><\/div><div class=\"h\"><\/p>\n<h1>Impresi\u00f3n perfecta para trabajos comerciales: experiencia que convence<\/h1>\n<p><\/div><\/div><\/div><\/div><\/div><\/div>[\/vc_column][\/vc_row][vc_row css=&#8221;.vc_custom_1761301326054{margin-top: 80px !important;}&#8221; el_class=&#8221;greybox&#8221;][vc_column css=&#8221;.vc_custom_1761301278586{padding-top: 24px !important;padding-right: 48px !important;padding-bottom: 24px !important;padding-left: 48px !important;background-color: #F2F2F2 !important;border-radius: 10px !important;}&#8221;][vc_column_text css=&#8221;&#8221;]<\/p>\n<h2 class=\"ms-outlook-mobile-reference-message skipProofing\" dir=\"ltr\"><span style=\"font-size: 24pt;\">Somos especialistas en la impresi\u00f3n de trabajos comerciales.<\/span><\/h2>\n<p>[\/vc_column_text][vc_column_text css=&#8221;&#8221;]Como imprenta comercial con amplia experiencia, ofrecemos soluciones a medida para productos de impresi\u00f3n sofisticados. Desde productos planos hasta folletos y cat\u00e1logos, ya sean grapados, encolados, con o sin p\u00e1ginas desplegables, pasando por encartes y flyers troquelados: imprimimos y montamos con la m\u00e1xima precisi\u00f3n.<\/p>\n<p>Nuestro moderno equipamiento nos permite realizar formatos individuales, troquelados especiales y pliegues, todo ello seg\u00fan sus especificaciones. Usted se beneficia de una alta calidad constante, tanto en tiradas peque\u00f1as como en series de gran volumen.<\/p>\n<p>Gracias a d\u00e9cadas de experiencia en la impresi\u00f3n de material publicitario y para puntos de venta, sabemos lo que importa: el cumplimiento de los plazos, la fiabilidad y una log\u00edstica fluida. Si lo solicita, tambi\u00e9n podemos encargarnos del env\u00edo espec\u00edfico para cada sucursal de su material para puntos de venta, de forma puntual, segura y estructurada.[\/vc_column_text]<div class=\"button-container  vc_custom_1770720617107 tal\"><a href=\"https:\/\/www.bastiandruck.de\/es\/contacto\/\" class=\"button-style2\" target=\"_self\">Contacto<\/a><\/div>\r\n        <div class=\"icon-box icon-box-6a047affbca01 icon-box-style1 tal  vc_custom_1770718564783\">\r\n                            <div class=\"icon basic-ui-elements-printer\"><\/div>\r\n                            <h4 class=\"heading\">Un acabado que entusiasma<\/h4>\r\n                            <div class=\"desc\">Todos los productos comerciales pueden refinarse con barnices y efectos de alta calidad. Ya sea barniz de dispersi\u00f3n, tacto suave, combinaciones mate-brillante o barnices perfumados, convertimos sus productos impresos en aut\u00e9nticos embajadores de su marca.<\/p>\n<p>Una cubierta refinada garantiza una primera impresi\u00f3n decisiva, especialmente en folletos, cat\u00e1logos y env\u00edos publicitarios premium. Nuestra tecnolog\u00eda de bronceado confiere a sus productos un aspecto met\u00e1lico elegante, sin soportes de pl\u00e1stico ni residuos de l\u00e1minas. Los pigmentos met\u00e1licos utilizados son totalmente reciclables, lo que supone una ventaja para el medio ambiente y la rentabilidad.<\/p>\n<p>Adem\u00e1s, ofrecemos estampados en caliente en oro, plata o tonos personalizados, as\u00ed como estampados parciales en relieve, con los que se pueden resaltar elementos de dise\u00f1o individuales. La combinaci\u00f3n de estampado y l\u00e1mina en caliente crea impresionantes efectos 3D que convencen tanto a la vista como al tacto, ideales para portadas, portadas de revistas o folletos de imagen con pretensiones premium.<\/div>\r\n                    <\/div>\r\n        \r\n        [\/vc_column][\/vc_row][vc_row css=&#8221;.vc_custom_1765448762550{margin-top: 80px !important;margin-bottom: 20px !important;}&#8221;][vc_column width=&#8221;1\/2&#8243;]\r\n        <div class=\"icon-box icon-box-6a047affbca77 icon-box-style1 tal\">\r\n                            <div class=\"icon base-icons-heart\"><\/div>\r\n                            <h4 class=\"heading\">La sostenibilidad se une a la innovaci\u00f3n<\/h4>\r\n                            <div class=\"desc\">Nuestra producci\u00f3n combina eficiencia con responsabilidad. Trabajamos con tintas sin disolventes, procesos energ\u00e9ticamente eficientes y materiales reciclables. El resultado son productos impresos sostenibles que cumplen con los m\u00e1s altos est\u00e1ndares de calidad y, al mismo tiempo, conservan los recursos.<br \/>\nPorque la sostenibilidad y el impacto de la marca no son incompatibles, sino que se refuerzan mutuamente.<\/div>\r\n                    <\/div>\r\n        \r\n        [\/vc_column][vc_column width=&#8221;1\/2&#8243;]\r\n        <div class=\"icon-box icon-box-6a047affbcacd icon-box-style1 tal\">\r\n                            <div class=\"icon base-icons-like\"><\/div>\r\n                            <h4 class=\"heading\">Su socio s\u00f3lido para la impresi\u00f3n comercial<\/h4>\r\n                            <div class=\"desc\">Con nuestros conocimientos t\u00e9cnicos, la tecnolog\u00eda de impresi\u00f3n m\u00e1s moderna y un fino sentido de la est\u00e9tica de marca, le acompa\u00f1amos desde la idea hasta la entrega. Ya se trate de folletos, cat\u00e1logos, flyers o material para puntos de venta, le garantizamos la m\u00e1xima precisi\u00f3n, puntualidad en la entrega y una presentaci\u00f3n atractiva.<\/div>\r\n                    <\/div>\r\n        \r\n        [\/vc_column][\/vc_row][vc_row css=&#8221;.vc_custom_1765448771431{margin-bottom: 80px !important;}&#8221;][vc_column]<div class=\"pt-special-heading pt-special-heading-5bf401ae270da  wpb_animate_when_almost_visible wpb_fadeInLeft fadeInLeft tac  vc_custom_1770718611509\"><div class=\"sub-h decor-h\"><span>Nuestro trabajo<\/span><\/div><h2 class=\"heading\"><i>Realizado con <span>amor<\/span><\/i><\/h2><\/div>[vc_gallery type=&#8221;image_grid&#8221; images=&#8221;1930,1931,1932&#8243; img_size=&#8221;large&#8221; css=&#8221;.vc_custom_1762247381295{margin-bottom: 0px !important;}&#8221;][\/vc_column][\/vc_row]<\/p>\n<\/div>","protected":false},"excerpt":{"rendered":"<p>[vc_row full_width=&#8221;stretch_row_content_no_spaces&#8221;][vc_column][\/vc_column][\/vc_row][vc_row css=&#8221;.vc_custom_1761301326054{margin-top: 80px !important;}&#8221; el_class=&#8221;greybox&#8221;][vc_column css=&#8221;.vc_custom_1761301278586{padding-top: 24px !important;padding-right: 48px !important;padding-bottom: 24px !important;padding-left: 48px !important;background-color: #F2F2F2 !important;border-radius: 10px !important;}&#8221;][vc_column_text css=&#8221;&#8221;] Somos especialistas en la impresi\u00f3n de trabajos comerciales. [\/vc_column_text][vc_column_text css=&#8221;&#8221;]Como imprenta comercial con amplia experiencia, ofrecemos soluciones a medida para productos de impresi\u00f3n sofisticados. Desde productos planos hasta folletos y cat\u00e1logos, ya sean grapados, encolados, [&hellip;]<\/p>\n","protected":false},"author":2,"featured_media":0,"parent":0,"menu_order":0,"comment_status":"closed","ping_status":"closed","template":"template-landing.php","meta":{"_acf_changed":false,"footnotes":""},"class_list":["post-1921","page","type-page","status-publish","hentry"],"acf":[],"_links":{"self":[{"href":"https:\/\/www.bastiandruck.de\/es\/wp-json\/wp\/v2\/pages\/1921","targetHints":{"allow":["GET"]}}],"collection":[{"href":"https:\/\/www.bastiandruck.de\/es\/wp-json\/wp\/v2\/pages"}],"about":[{"href":"https:\/\/www.bastiandruck.de\/es\/wp-json\/wp\/v2\/types\/page"}],"author":[{"embeddable":true,"href":"https:\/\/www.bastiandruck.de\/es\/wp-json\/wp\/v2\/users\/2"}],"replies":[{"embeddable":true,"href":"https:\/\/www.bastiandruck.de\/es\/wp-json\/wp\/v2\/comments?post=1921"}],"version-history":[{"count":7,"href":"https:\/\/www.bastiandruck.de\/es\/wp-json\/wp\/v2\/pages\/1921\/revisions"}],"predecessor-version":[{"id":2224,"href":"https:\/\/www.bastiandruck.de\/es\/wp-json\/wp\/v2\/pages\/1921\/revisions\/2224"}],"wp:attachment":[{"href":"https:\/\/www.bastiandruck.de\/es\/wp-json\/wp\/v2\/media?parent=1921"}],"curies":[{"name":"wp","href":"https:\/\/api.w.org\/{rel}","templated":true}]}}