{"id":1944,"date":"2025-12-01T15:50:46","date_gmt":"2025-12-01T14:50:46","guid":{"rendered":"https:\/\/www.bastiandruck.de\/bronze\/"},"modified":"2026-02-10T11:49:05","modified_gmt":"2026-02-10T10:49:05","slug":"bronceado","status":"publish","type":"page","link":"https:\/\/www.bastiandruck.de\/es\/bronceado\/","title":{"rendered":"Bronceado"},"content":{"rendered":"<div class=\"wpb-content-wrapper\"><p>[vc_row full_width=&#8221;stretch_row_content_no_spaces&#8221;][vc_column]<div class=\"banner-area banner-5bf3ec817cf7c autoplay-true social-buttons-align-right\"><div class=\"banner-bottom\"><div class=\"container\"><div class=\"banner-counter\"><\/div><div class=\"owl-nav\"><\/div><\/div><\/div><div class=\"banner  fixed-height style2\" style=\"height: 610px;\"><div class=\"item banner-item-6a047a39ba394 middle tal white\" style=\"background-image: url(https:\/\/www.bastiandruck.de\/wp-content\/uploads\/2025\/12\/0F9A1129.jpg);\"><div class=\"overlay\"><\/div><div class=\"container\"><div class=\"cell\"><div class=\"sub-h decor-h dec-line-t-l\"><span>\u00a1Somos sus socios en materia de bronceado!<\/span><\/div><div class=\"h\"><\/p>\n<h1>Bronceado y acabado: experiencia que convence<\/h1>\n<p><\/div><\/div><\/div><\/div><\/div><\/div>[\/vc_column][\/vc_row][vc_row css=&#8221;.vc_custom_1761301326054{margin-top: 80px !important;}&#8221; el_class=&#8221;greybox&#8221;][vc_column css=&#8221;.vc_custom_1761301278586{padding-top: 24px !important;padding-right: 48px !important;padding-bottom: 24px !important;padding-left: 48px !important;background-color: #F2F2F2 !important;border-radius: 10px !important;}&#8221;][vc_column_text css=&#8221;&#8221;]<\/p>\n<h2 style=\"line-height: 24pt;\"><span style=\"font-size: clamp(18pt, 5vw, 24pt);\">Somos especialistas en el bronceado sostenible en la impresi\u00f3n de etiquetas y envases.<\/span><\/h2>\n<p>[\/vc_column_text][vc_column_text css=&#8221;&#8221;]El bronceado es uno de los acabados de impresi\u00f3n m\u00e1s antiguos y, al mismo tiempo, m\u00e1s eficaces, con un brillo met\u00e1lico \u00fanico en la superficie que destaca claramente de las tintas met\u00e1licas cl\u00e1sicas. Proporciona efectos dorados, plateados, bronce y nacarados de alta calidad que se perciben con intensidad independientemente del \u00e1ngulo de visi\u00f3n y realzan visiblemente las etiquetas, los envases y los productos comerciales.<\/p>\n<p>A diferencia de las l\u00e1minas en caliente y en fr\u00edo, el bronceado no requiere ning\u00fan material pl\u00e1stico de soporte. Los pigmentos met\u00e1licos se aplican directamente en o sobre la capa de tinta, sin que se generen l\u00e1minas de soporte de PET ni residuos de l\u00e1minas, como ocurre con el estampado de l\u00e1minas debido al sistema utilizado.<\/p>\n<p>Al mismo tiempo, el bronceado ofrece flexibilidad en el dise\u00f1o: los pigmentos met\u00e1licos se pueden formular en casi cualquier tono, desde los cl\u00e1sicos tonos dorados y plateados hasta colores met\u00e1licos individuales y espec\u00edficos de la marca.[\/vc_column_text]<div class=\"button-container  vc_custom_1770720542394 tal\"><a href=\"https:\/\/www.bastiandruck.de\/es\/contacto\/\" class=\"button-style2\" target=\"_self\">Contacto<\/a><\/div>\r\n        <div class=\"icon-box icon-box-6a047a39baf4f icon-box-style1 tal  vc_custom_1770717543758\">\r\n                            <div class=\"icon basic-ui-elements-printer\"><\/div>\r\n                            <h4 class=\"heading\">Bronceado que entusiasma<\/h4>\r\n                            <div class=\"desc\">Con el bronceado conseguimos efectos met\u00e1licos precisos y brillantes para etiquetas con cola h\u00fameda, cajas plegables, productos comerciales y material de oficina, como acabado independiente o en combinaci\u00f3n con barnices y estampados. Los pigmentos met\u00e1licos se aplican de forma selectiva sobre superficies de color preparadas y, si es necesario, se pueden recubrir con un barniz protector para aumentar a\u00fan m\u00e1s la resistencia a la abrasi\u00f3n y la durabilidad.<\/div>\r\n                    <\/div>\r\n        \r\n        [\/vc_column][\/vc_row][vc_row css=&#8221;.vc_custom_1765448658537{margin-top: 80px !important;margin-bottom: 20px !important;}&#8221;][vc_column width=&#8221;1\/2&#8243;]\r\n        <div class=\"icon-box icon-box-6a047a39bafc0 icon-box-style1 tal\">\r\n                            <div class=\"icon base-icons-heart\"><\/div>\r\n                            <h4 class=\"heading\">La sostenibilidad se une a la innovaci\u00f3n<\/h4>\r\n                            <div class=\"desc\">Una ventaja esencial del bronceado es que no contiene pl\u00e1sticos: los pigmentos met\u00e1licos se integran normalmente en un sistema de tinta fina y destintable sobre papel o cart\u00f3n. No se genera ning\u00fan material de soporte relevante en t\u00e9rminos de micropl\u00e1sticos, como puede ocurrir con las l\u00e1minas de pl\u00e1stico o los efectos brillantes cl\u00e1sicos.<br \/>\nMientras que los barnices brillantes UV suelen basarse en part\u00edculas de pl\u00e1stico y aglutinantes curables por UV con fotoiniciadores, un segmento que cada vez est\u00e1 m\u00e1s en el punto de mira de la normativa europea sobre micropl\u00e1sticos y las restricciones sobre purpurina, en el bronceado se utilizan pigmentos met\u00e1licos sin part\u00edculas de pl\u00e1stico. Los pigmentos met\u00e1licos en s\u00ed mismos son totalmente reciclables en cuanto al material, y los estudios demuestran que las tintas de impresi\u00f3n con pigmentos met\u00e1licos no obstaculizan el procesamiento de las fibras ni la destintabilidad en la cadena de reciclaje de papel usado, siempre que est\u00e9n formuladas adecuadamente.<\/div>\r\n                    <\/div>\r\n        \r\n        [\/vc_column][vc_column width=&#8221;1\/2&#8243;]\r\n        <div class=\"icon-box icon-box-6a047a39bb01f icon-box-style1 tal\">\r\n                            <div class=\"icon base-icons-like\"><\/div>\r\n                            <h4 class=\"heading\">Su socio s\u00f3lido para efectos met\u00e1licos con un mejor balance ecol\u00f3gico<\/h4>\r\n                            <div class=\"desc\">Con el bronceado, le ofrecemos una alternativa de alta calidad, visualmente impactante y, al mismo tiempo, respetuosa con el medio ambiente a los cl\u00e1sicos estampados en l\u00e1mina y efectos brillantes UV.<\/p>\n<div>\n<div>\u2713 Sin soporte pl\u00e1stico, sin residuos de l\u00e1minas<\/div>\n<div>\u2713 Sin part\u00edculas de purpurina a base de micropl\u00e1sticos<\/div>\n<div>\u2713 Pigmentos met\u00e1licos reciclables y sistemas de tinta destintables<\/div>\n<div>\u2713 Tonos met\u00e1licos personalizados que se adaptan a su marca<\/div>\n<div>\u2713 Se puede combinar con barnices, estampado en seco y l\u00e1minas en caliente para efectos 3D<\/div>\n<\/div>\n<p>El resultado son acabados de primera calidad que convencen en el punto de venta y, al mismo tiempo, satisfacen las crecientes exigencias en materia de sostenibilidad, reciclabilidad y conservaci\u00f3n de recursos.<\/div>\r\n                    <\/div>\r\n        \r\n        [\/vc_column][\/vc_row][vc_row css=&#8221;.vc_custom_1765448666892{margin-bottom: 80px !important;}&#8221;][vc_column]<div class=\"pt-special-heading pt-special-heading-5bf401ae270da  wpb_animate_when_almost_visible wpb_fadeInLeft fadeInLeft tac  vc_custom_1770717592312\"><div class=\"sub-h decor-h\"><span>Nuestro trabajo<\/span><\/div><h2 class=\"heading\"><i>Realizado con <span>amor<\/span><\/i><\/h2><\/div>[vc_gallery type=&#8221;image_grid&#8221; images=&#8221;1945,1950,1949&#8243; img_size=&#8221;large&#8221; css=&#8221;.vc_custom_1765480195255{margin-bottom: 0px !important;}&#8221;][\/vc_column][\/vc_row]<\/p>\n<\/div>","protected":false},"excerpt":{"rendered":"<p>[vc_row full_width=&#8221;stretch_row_content_no_spaces&#8221;][vc_column][\/vc_column][\/vc_row][vc_row css=&#8221;.vc_custom_1761301326054{margin-top: 80px !important;}&#8221; el_class=&#8221;greybox&#8221;][vc_column css=&#8221;.vc_custom_1761301278586{padding-top: 24px !important;padding-right: 48px !important;padding-bottom: 24px !important;padding-left: 48px !important;background-color: #F2F2F2 !important;border-radius: 10px !important;}&#8221;][vc_column_text css=&#8221;&#8221;] Somos especialistas en el bronceado sostenible en la impresi\u00f3n de etiquetas y envases. [\/vc_column_text][vc_column_text css=&#8221;&#8221;]El bronceado es uno de los acabados de impresi\u00f3n m\u00e1s antiguos y, al mismo tiempo, m\u00e1s eficaces, con un brillo met\u00e1lico [&hellip;]<\/p>\n","protected":false},"author":2,"featured_media":0,"parent":0,"menu_order":0,"comment_status":"closed","ping_status":"closed","template":"template-landing.php","meta":{"_acf_changed":false,"footnotes":""},"class_list":["post-1944","page","type-page","status-publish","hentry"],"acf":[],"_links":{"self":[{"href":"https:\/\/www.bastiandruck.de\/es\/wp-json\/wp\/v2\/pages\/1944","targetHints":{"allow":["GET"]}}],"collection":[{"href":"https:\/\/www.bastiandruck.de\/es\/wp-json\/wp\/v2\/pages"}],"about":[{"href":"https:\/\/www.bastiandruck.de\/es\/wp-json\/wp\/v2\/types\/page"}],"author":[{"embeddable":true,"href":"https:\/\/www.bastiandruck.de\/es\/wp-json\/wp\/v2\/users\/2"}],"replies":[{"embeddable":true,"href":"https:\/\/www.bastiandruck.de\/es\/wp-json\/wp\/v2\/comments?post=1944"}],"version-history":[{"count":7,"href":"https:\/\/www.bastiandruck.de\/es\/wp-json\/wp\/v2\/pages\/1944\/revisions"}],"predecessor-version":[{"id":2221,"href":"https:\/\/www.bastiandruck.de\/es\/wp-json\/wp\/v2\/pages\/1944\/revisions\/2221"}],"wp:attachment":[{"href":"https:\/\/www.bastiandruck.de\/es\/wp-json\/wp\/v2\/media?parent=1944"}],"curies":[{"name":"wp","href":"https:\/\/api.w.org\/{rel}","templated":true}]}}