{"id":1957,"date":"2025-12-02T11:05:47","date_gmt":"2025-12-02T10:05:47","guid":{"rendered":"https:\/\/www.bastiandruck.de\/buerobedarf\/"},"modified":"2026-02-10T11:50:39","modified_gmt":"2026-02-10T10:50:39","slug":"material-de-oficina","status":"publish","type":"page","link":"https:\/\/www.bastiandruck.de\/es\/material-de-oficina\/","title":{"rendered":"Material de oficina (B\u00fcrobedarf)"},"content":{"rendered":"<div class=\"wpb-content-wrapper\"><p>[vc_row full_width=&#8221;stretch_row_content_no_spaces&#8221;][vc_column]<div class=\"banner-area banner-5bf3ec817cf7c autoplay-true social-buttons-align-right\"><div class=\"banner-bottom\"><div class=\"container\"><div class=\"banner-counter\"><\/div><div class=\"owl-nav\"><\/div><\/div><\/div><div class=\"banner  fixed-height style2\" style=\"height: 610px;\"><div class=\"item banner-item-6a047b050c9f6 middle tal white\" style=\"background-image: url(https:\/\/www.bastiandruck.de\/wp-content\/uploads\/2025\/08\/ChatGPT-Image-29.-Aug.-2025-16_47_44.png);\"><div class=\"overlay\"><\/div><div class=\"container\"><div class=\"cell\"><div class=\"sub-h decor-h dec-line-t-l\"><span>\u00a1Somos su socio en materia de material de oficina!<\/span><\/div><div class=\"h\"><\/p>\n<h1>Equipamos su oficina<\/h1>\n<p><\/div><\/div><\/div><\/div><\/div><\/div>[\/vc_column][\/vc_row][vc_row css=&#8221;.vc_custom_1761301326054{margin-top: 80px !important;}&#8221; el_class=&#8221;greybox&#8221;][vc_column css=&#8221;.vc_custom_1761301278586{padding-top: 24px !important;padding-right: 48px !important;padding-bottom: 24px !important;padding-left: 48px !important;background-color: #F2F2F2 !important;border-radius: 10px !important;}&#8221;][vc_column_text css=&#8221;&#8221;]<\/p>\n<h2 style=\"line-height: 24pt;\"><span style=\"font-size: clamp(18pt, 5vw, 24pt);\">Somos especialistas en la impresi\u00f3n de material de oficina<\/span><\/h2>\n<p>[\/vc_column_text][vc_column_text css=&#8221;&#8221;]Como imprenta con amplia experiencia en material de oficina y comercial, le ofrecemos productos a medida que combinan funcionalidad y presencia de marca. Desde blocs de notas hasta sublistones, calendarios, papel de carta y tarjetas de visita: fabricamos material de oficina que convence d\u00eda a d\u00eda.<\/p>\n<p>Ya sea para uso interno, como regalo para clientes o para el punto de venta, producimos productos de impresi\u00f3n personalizados que reflejan a la perfecci\u00f3n su dise\u00f1o corporativo. El procesamiento preciso y los materiales de alta calidad dan como resultado productos duraderos que hacen visible su marca, en cada escritorio y en cada contacto con el cliente.<\/p>\n<p>Nuestra producci\u00f3n permite tiradas tanto peque\u00f1as como grandes, con una calidad constante. Si lo desea, le ayudamos con el dise\u00f1o y la personalizaci\u00f3n para que sus art\u00edculos de oficina se adapten de forma \u00f3ptima a la imagen de su marca.[\/vc_column_text]<div class=\"button-container  vc_custom_1770720635212 tal\"><a href=\"https:\/\/www.bastiandruck.de\/es\/contacto\/\" class=\"button-style2\" target=\"_self\">Contacto<\/a><\/div>\r\n        <div class=\"icon-box icon-box-6a047b050d487 icon-box-style1 tal  vc_custom_1770718707450\">\r\n                            <div class=\"icon basic-ui-elements-printer\"><\/div>\r\n                            <h4 class=\"heading\">Un acabado que entusiasma<\/h4>\r\n                            <div class=\"desc\">El acabado tambi\u00e9n desempe\u00f1a un papel decisivo en el \u00e1mbito de los suministros de oficina. Con estampados en caliente en oro, plata o tonos personalizados, los logotipos, las letras y los elementos de dise\u00f1o se pueden resaltar con elegancia y dar un toque exclusivo a los impresos comerciales cl\u00e1sicos.<\/p>\n<p>Adem\u00e1s, realizamos acabados con barnices de dispersi\u00f3n, que proporcionan una protecci\u00f3n adicional de la superficie y brillo, as\u00ed como con barnices perfumados, que ampl\u00edan la comunicaci\u00f3n de su marca a un nivel sensorial, ideal para mailings, blocs de notas o promociones especiales para clientes.<\/p>\n<p>El resultado son productos impresos de alta calidad que no solo son funcionales, sino tambi\u00e9n representativos, para una comunicaci\u00f3n de marca que deja huella.<\/div>\r\n                    <\/div>\r\n        \r\n        [\/vc_column][\/vc_row][vc_row css=&#8221;.vc_custom_1765448732611{margin-top: 80px !important;margin-bottom: 20px !important;}&#8221;][vc_column width=&#8221;1\/2&#8243;]\r\n        <div class=\"icon-box icon-box-6a047b050d502 icon-box-style1 tal\">\r\n                            <div class=\"icon base-icons-heart\"><\/div>\r\n                            <h4 class=\"heading\">La sostenibilidad se une a la rentabilidad<\/h4>\r\n                            <div class=\"desc\">Damos gran importancia al uso de materiales respetuosos con el medio ambiente y procesos que ahorran recursos. Todas las tintas y barnices utilizados est\u00e1n libres de disolventes, y muchos de nuestros papeles proceden de la silvicultura sostenible.<br \/>\nDe este modo, combinamos la responsabilidad ecol\u00f3gica con la eficiencia econ\u00f3mica, sin comprometer la calidad ni la apariencia.<\/div>\r\n                    <\/div>\r\n        \r\n        [\/vc_column][vc_column width=&#8221;1\/2&#8243;]\r\n        <div class=\"icon-box icon-box-6a047b050d561 icon-box-style1 tal\">\r\n                            <div class=\"icon base-icons-like\"><\/div>\r\n                            <h4 class=\"heading\">Su socio de confianza para material impreso comercial<\/h4>\r\n                            <div class=\"desc\">Con muchos a\u00f1os de experiencia, la tecnolog\u00eda de impresi\u00f3n m\u00e1s moderna y un alto nivel de exigencia en cuanto a dise\u00f1o y acabado, realizamos sus productos de impresi\u00f3n para oficina, desde la idea hasta el producto final.<br \/>\nYa se trate de papel de carta, tarjetas de visita, blocs de notas, calendarios o tapetes de escritorio, garantizamos una calidad constante, un impacto de marca claro y una entrega puntual.<\/div>\r\n                    <\/div>\r\n        \r\n        [\/vc_column][\/vc_row][vc_row css=&#8221;.vc_custom_1765448740694{margin-bottom: 80px !important;}&#8221;][vc_column]<div class=\"pt-special-heading pt-special-heading-5bf401ae270da  wpb_animate_when_almost_visible wpb_fadeInLeft fadeInLeft tac  vc_custom_1770718754146\"><div class=\"sub-h decor-h\"><span>Nuestro trabajo<\/span><\/div><h2 class=\"heading\"><i>Realizado con <span>amor<\/span><\/i><\/h2><\/div>[vc_gallery type=&#8221;image_grid&#8221; images=&#8221;1930,1931,1932&#8243; img_size=&#8221;large&#8221; css=&#8221;.vc_custom_1762247381295{margin-bottom: 0px !important;}&#8221;][\/vc_column][\/vc_row]<\/p>\n<\/div>","protected":false},"excerpt":{"rendered":"<p>[vc_row full_width=&#8221;stretch_row_content_no_spaces&#8221;][vc_column][\/vc_column][\/vc_row][vc_row css=&#8221;.vc_custom_1761301326054{margin-top: 80px !important;}&#8221; el_class=&#8221;greybox&#8221;][vc_column css=&#8221;.vc_custom_1761301278586{padding-top: 24px !important;padding-right: 48px !important;padding-bottom: 24px !important;padding-left: 48px !important;background-color: #F2F2F2 !important;border-radius: 10px !important;}&#8221;][vc_column_text css=&#8221;&#8221;] Somos especialistas en la impresi\u00f3n de material de oficina [\/vc_column_text][vc_column_text css=&#8221;&#8221;]Como imprenta con amplia experiencia en material de oficina y comercial, le ofrecemos productos a medida que combinan funcionalidad y presencia de marca. Desde blocs [&hellip;]<\/p>\n","protected":false},"author":2,"featured_media":0,"parent":0,"menu_order":0,"comment_status":"closed","ping_status":"closed","template":"template-landing.php","meta":{"_acf_changed":false,"footnotes":""},"class_list":["post-1957","page","type-page","status-publish","hentry"],"acf":[],"_links":{"self":[{"href":"https:\/\/www.bastiandruck.de\/es\/wp-json\/wp\/v2\/pages\/1957","targetHints":{"allow":["GET"]}}],"collection":[{"href":"https:\/\/www.bastiandruck.de\/es\/wp-json\/wp\/v2\/pages"}],"about":[{"href":"https:\/\/www.bastiandruck.de\/es\/wp-json\/wp\/v2\/types\/page"}],"author":[{"embeddable":true,"href":"https:\/\/www.bastiandruck.de\/es\/wp-json\/wp\/v2\/users\/2"}],"replies":[{"embeddable":true,"href":"https:\/\/www.bastiandruck.de\/es\/wp-json\/wp\/v2\/comments?post=1957"}],"version-history":[{"count":4,"href":"https:\/\/www.bastiandruck.de\/es\/wp-json\/wp\/v2\/pages\/1957\/revisions"}],"predecessor-version":[{"id":2225,"href":"https:\/\/www.bastiandruck.de\/es\/wp-json\/wp\/v2\/pages\/1957\/revisions\/2225"}],"wp:attachment":[{"href":"https:\/\/www.bastiandruck.de\/es\/wp-json\/wp\/v2\/media?parent=1957"}],"curies":[{"name":"wp","href":"https:\/\/api.w.org\/{rel}","templated":true}]}}