{"id":1969,"date":"2025-11-18T14:27:09","date_gmt":"2025-11-18T13:27:09","guid":{"rendered":"https:\/\/www.bastiandruck.de\/getraenke\/"},"modified":"2026-02-10T11:48:49","modified_gmt":"2026-02-10T10:48:50","slug":"bebidas","status":"publish","type":"page","link":"https:\/\/www.bastiandruck.de\/es\/bebidas\/","title":{"rendered":"Bebidas (Getr\u00e4nke)"},"content":{"rendered":"<div class=\"wpb-content-wrapper\"><p>[vc_row full_width=&#8221;stretch_row_content_no_spaces&#8221;][vc_column]<div class=\"banner-area banner-5bf3ec817cf7c autoplay-true social-buttons-align-right\"><div class=\"banner-bottom\"><div class=\"container\"><div class=\"banner-counter\"><\/div><div class=\"owl-nav\"><\/div><\/div><\/div><div class=\"banner  fixed-height style2\" style=\"height: 610px;\"><div class=\"item banner-item-6a047a3be2fed middle tal white\" style=\"background-image: url(https:\/\/www.bastiandruck.de\/wp-content\/uploads\/2025\/08\/ChatGPT-Image-29.-Aug.-2025-16_28_11.png);\"><div class=\"overlay\"><\/div><div class=\"container\"><div class=\"cell\"><div class=\"sub-h decor-h dec-line-t-l\"><span>Somos su socio en materia de impresi\u00f3n para bebidas y botellas.<\/span><\/div><div class=\"h\"><\/p>\n<h1>Impresi\u00f3n perfecta para bebidas y botellas: experiencia que convence<\/h1>\n<p><\/div><\/div><\/div><\/div><\/div><\/div>[\/vc_column][\/vc_row][vc_row css=&#8221;.vc_custom_1761301326054{margin-top: 80px !important;}&#8221; el_class=&#8221;greybox&#8221;][vc_column css=&#8221;.vc_custom_1761301278586{padding-top: 24px !important;padding-right: 48px !important;padding-bottom: 24px !important;padding-left: 48px !important;background-color: #F2F2F2 !important;border-radius: 10px !important;}&#8221;][vc_column_text css=&#8221;&#8221;]<\/p>\n<h2 style=\"line-height: 24pt;\"><span style=\"font-size: clamp(18pt, 5vw, 24pt);\">Su especialista en etiquetas con cola h\u00fameda e impresi\u00f3n de etiquetas para la industria alimentaria y de bebidas.<\/span><\/h2>\n<p>[\/vc_column_text][vc_column_text css=&#8221;&#8221;]Como imprenta especializada en etiquetas con m\u00e1s de 100 a\u00f1os de experiencia en el sector de las etiquetas con cola h\u00fameda, ofrecemos soluciones de impresi\u00f3n a medida que convencen tanto a nivel visual como por su fiabilidad en la producci\u00f3n.<\/p>\n<p>Ya se trate de etiquetas para cervezas, aguas minerales, bebidas alcoh\u00f3licas o alimentos, producimos etiquetas que refuerzan la marca, son eficientes y t\u00e9cnicamente precisas.<\/p>\n<p>Nuestros papeles son aptos para todas las m\u00e1quinas de etiquetado con cola h\u00fameda habituales y garantizan un procesamiento sin problemas, incluso a altas velocidades de l\u00ednea. Gracias a nuestra estrecha colaboraci\u00f3n con los principales fabricantes de papel, adem\u00e1s de los materiales est\u00e1ndar, ofrecemos papeles especiales con superficies t\u00e1ctiles o estructuradas que diferencian de forma palpable la imagen de marca.<\/p>\n<p>Desde tiradas peque\u00f1as hasta producciones en serie con m\u00e1s de 100 millones de juegos de etiquetas, ofrecemos constantemente la m\u00e1xima calidad, con precisi\u00f3n, puntualidad y un servicio personalizado.[\/vc_column_text]<div class=\"button-container  vc_custom_1770720525561 tal\"><a href=\"https:\/\/www.bastiandruck.de\/es\/contacto\/\" class=\"button-style2\" target=\"_self\">Contacto<\/a><\/div>\r\n        <div class=\"icon-box icon-box-6a047a3be39b2 icon-box-style1 tal  vc_custom_1770717353343\">\r\n                            <div class=\"icon basic-ui-elements-printer\"><\/div>\r\n                            <h4 class=\"heading\">Acabados que causan impresi\u00f3n<\/h4>\r\n                            <div class=\"desc\">Ofrecemos una amplia gama de t\u00e9cnicas de acabado, desde barnices de dispersi\u00f3n y barnices de impresi\u00f3n hasta efectos soft touch y mate brillante, pasando por colores especiales y barnices perfumados.<\/p>\n<p>Adem\u00e1s, ofrecemos estampados en caliente con los que se pueden aplicar efectos met\u00e1licos en oro, plata o tonos personalizados a la etiqueta, con precisi\u00f3n, brillo y un gran impacto para la marca. Para conseguir una mayor profundidad t\u00e1ctil y una diferenciaci\u00f3n visual, apostamos por el estampado en seco, con el que se pueden resaltar parcialmente elementos de dise\u00f1o individuales, como logotipos, letras u ornamentos. Una caracter\u00edstica destacada es nuestra tecnolog\u00eda de bronceado:<br \/>\nconvence por su elegante aspecto met\u00e1lico y su sostenibilidad. A diferencia de la l\u00e1mina en caliente convencional, el bronceado no genera soportes de pl\u00e1stico ni residuos de l\u00e1mina. Los pigmentos met\u00e1licos utilizados son totalmente reciclables, lo que combina un excelente balance medioambiental con un brillo met\u00e1lico de alta calidad, ideal para bebidas premium y marcas exigentes. De este modo, no solo creamos atractivos visuales, sino tambi\u00e9n experiencias t\u00e1ctiles que atraen a los consumidores y cargan emocionalmente a las marcas.<\/div>\r\n                    <\/div>\r\n        \r\n        [\/vc_column][\/vc_row][vc_row css=&#8221;.vc_custom_1765448624425{margin-top: 80px !important;margin-bottom: 20px !important;}&#8221;][vc_column width=&#8221;1\/2&#8243;]\r\n        <div class=\"icon-box icon-box-6a047a3be3a29 icon-box-style1 tal\">\r\n                            <div class=\"icon base-icons-heart\"><\/div>\r\n                            <h4 class=\"heading\">La sostenibilidad se une a la rentabilidad<\/h4>\r\n                            <div class=\"desc\">Nuestra producci\u00f3n combina la m\u00e1xima calidad con la responsabilidad ecol\u00f3gica. Apostamos por tintas sin disolventes, procesos energ\u00e9ticamente eficientes y materiales reciclables. Numerosas combinaciones de papel y barniz cumplen con los m\u00e1s altos est\u00e1ndares medioambientales, sin comprometer el aspecto ni el rendimiento.<br \/>\nDe este modo, creamos soluciones de etiquetado sostenibles que posicionan su marca de forma respetuosa con el medio ambiente y, al mismo tiempo, convencen desde el punto de vista econ\u00f3mico.<\/div>\r\n                    <\/div>\r\n        \r\n        [\/vc_column][vc_column width=&#8221;1\/2&#8243;]\r\n        <div class=\"icon-box icon-box-6a047a3be3a7e icon-box-style1 tal\">\r\n                            <div class=\"icon base-icons-like\"><\/div>\r\n                            <h4 class=\"heading\">Su socio para la seguridad de los procesos y el impacto de la marca<\/h4>\r\n                            <div class=\"desc\">Con nuestros conocimientos t\u00e9cnicos, nuestra moderna tecnolog\u00eda de impresi\u00f3n y un claro enfoque en la calidad y la fiabilidad en la entrega, le acompa\u00f1amos desde el asesoramiento sobre materiales hasta la producci\u00f3n en serie, pasando por la impresi\u00f3n de pruebas.<br \/>\nYa sea para cervecer\u00edas, embotelladores de agua mineral, fabricantes de bebidas o productores de alimentos, somos su socio de confianza para procesos de etiquetado eficientes y una calidad de marca visible.<\/div>\r\n                    <\/div>\r\n        \r\n        [\/vc_column][\/vc_row][vc_row css=&#8221;.vc_custom_1765448631461{margin-bottom: 80px !important;}&#8221;][vc_column]<div class=\"pt-special-heading pt-special-heading-5bf401ae270da  wpb_animate_when_almost_visible wpb_fadeInLeft fadeInLeft tac  vc_custom_1770717404795\"><div class=\"sub-h decor-h\"><span>Nuestro trabajo<\/span><\/div><h2 class=\"heading\"><i>Realizado con <span>amor<\/span><\/i><\/h2><\/div>[vc_gallery type=&#8221;image_grid&#8221; images=&#8221;1930,1931,1932&#8243; img_size=&#8221;large&#8221; css=&#8221;.vc_custom_1762247381295{margin-bottom: 0px !important;}&#8221;][\/vc_column][\/vc_row]<\/p>\n<\/div>","protected":false},"excerpt":{"rendered":"<p>[vc_row full_width=&#8221;stretch_row_content_no_spaces&#8221;][vc_column][\/vc_column][\/vc_row][vc_row css=&#8221;.vc_custom_1761301326054{margin-top: 80px !important;}&#8221; el_class=&#8221;greybox&#8221;][vc_column css=&#8221;.vc_custom_1761301278586{padding-top: 24px !important;padding-right: 48px !important;padding-bottom: 24px !important;padding-left: 48px !important;background-color: #F2F2F2 !important;border-radius: 10px !important;}&#8221;][vc_column_text css=&#8221;&#8221;] Su especialista en etiquetas con cola h\u00fameda e impresi\u00f3n de etiquetas para la industria alimentaria y de bebidas. [\/vc_column_text][vc_column_text css=&#8221;&#8221;]Como imprenta especializada en etiquetas con m\u00e1s de 100 a\u00f1os de experiencia en el sector de [&hellip;]<\/p>\n","protected":false},"author":2,"featured_media":0,"parent":0,"menu_order":0,"comment_status":"closed","ping_status":"closed","template":"template-landing.php","meta":{"_acf_changed":false,"footnotes":""},"class_list":["post-1969","page","type-page","status-publish","hentry"],"acf":[],"_links":{"self":[{"href":"https:\/\/www.bastiandruck.de\/es\/wp-json\/wp\/v2\/pages\/1969","targetHints":{"allow":["GET"]}}],"collection":[{"href":"https:\/\/www.bastiandruck.de\/es\/wp-json\/wp\/v2\/pages"}],"about":[{"href":"https:\/\/www.bastiandruck.de\/es\/wp-json\/wp\/v2\/types\/page"}],"author":[{"embeddable":true,"href":"https:\/\/www.bastiandruck.de\/es\/wp-json\/wp\/v2\/users\/2"}],"replies":[{"embeddable":true,"href":"https:\/\/www.bastiandruck.de\/es\/wp-json\/wp\/v2\/comments?post=1969"}],"version-history":[{"count":6,"href":"https:\/\/www.bastiandruck.de\/es\/wp-json\/wp\/v2\/pages\/1969\/revisions"}],"predecessor-version":[{"id":2220,"href":"https:\/\/www.bastiandruck.de\/es\/wp-json\/wp\/v2\/pages\/1969\/revisions\/2220"}],"wp:attachment":[{"href":"https:\/\/www.bastiandruck.de\/es\/wp-json\/wp\/v2\/media?parent=1969"}],"curies":[{"name":"wp","href":"https:\/\/api.w.org\/{rel}","templated":true}]}}