{"id":1981,"date":"2025-10-15T11:14:30","date_gmt":"2025-10-15T09:14:30","guid":{"rendered":"https:\/\/www.bastiandruck.de\/kontakt\/"},"modified":"2026-02-10T11:36:01","modified_gmt":"2026-02-10T10:36:01","slug":"contacto","status":"publish","type":"page","link":"https:\/\/www.bastiandruck.de\/es\/contacto\/","title":{"rendered":"Contacto"},"content":{"rendered":"<div class=\"wpb-content-wrapper\"><p>[vc_row full_width=&#8221;stretch_row_content_no_spaces&#8221;][vc_column]<div class=\"banner-area banner-5bf3ec817cf7c autoplay-true social-buttons-align-right\"><div class=\"banner-bottom\"><div class=\"container\"><div class=\"banner-counter\"><\/div><div class=\"owl-nav\"><\/div><\/div><\/div><div class=\"banner  fixed-height style2\" style=\"height: 610px;\"><div class=\"item banner-item-6a047a1f1730e middle tal white\" style=\"background-image: url(https:\/\/www.bastiandruck.de\/wp-content\/uploads\/2025\/09\/Heidelberg_Bastian-240-scaled.jpg);\"><div class=\"overlay\"><\/div><div class=\"container\"><div class=\"cell\"><div class=\"sub-h decor-h dec-line-t-l\"><span>\u00a1Somos sus socios en materia de impresi\u00f3n!<\/span><\/div><div class=\"h\"><\/p>\n<h1>C\u00f3mo ponerse en contacto con nosotros<\/h1>\n<p><\/div><\/div><\/div><\/div><\/div><\/div>[\/vc_column][\/vc_row][vc_row css=&#8221;.vc_custom_1765444599936{margin-top: 80px !important;margin-right: 0px !important;margin-bottom: 80px !important;margin-left: 0px !important;}&#8221;][vc_column css=&#8221;.vc_custom_1765444591342{margin-right: 0px !important;margin-left: 0px !important;padding-top: 0px !important;padding-right: 0px !important;padding-bottom: 0px !important;padding-left: 0px !important;background-color: #FFFFFF00 !important;}&#8221;]<div class=\"pt-special-heading pt-special-heading-6a047a1f17de0  tal\"><div class=\"sub-h decor-h\"><span>Esperamos su mensaje<\/span><\/div><h2 class=\"heading\"><i>P\u00f3ngase en contacto con nosotros para su pr\u00f3ximo proyecto<\/i><\/h2><\/div>[vc_column_text css=&#8221;&#8221;]Ya se trate de ideas iniciales, solicitudes de proyectos concretos o simplemente una conversaci\u00f3n abierta, dedicaremos tiempo a atender sus necesidades. Porque los proyectos exitosos comienzan con un buen intercambio de ideas.<\/p>\n<p>Escr\u00edbanos, ll\u00e1menos o d\u00e9jenos un mensaje a trav\u00e9s del formulario. Nos pondremos en contacto con usted lo antes posible de forma personalizada, fiable, transparente y de igual a igual.<\/p>\n<p>Demos juntos el primer paso hacia soluciones de impresi\u00f3n de alta calidad que convenzan.[\/vc_column_text][vc_raw_html css=&#8221;&#8221;]JTNDc3R5bGUlM0UlMEEuY29udGFjdC1ib3hlcyUyMCU3QiUwQSUyMCUyMGRpc3BsYXklM0ElMjBmbGV4JTNCJTBBJTIwJTIwZmxleC13cmFwJTNBJTIwd3JhcCUzQiUwQSUyMCUyMGdhcCUzQSUyMDYwcHglM0IlMEElMjAlMjBqdXN0aWZ5LWNvbnRlbnQlM0ElMjBjZW50ZXIlM0IlMEElMjAlMjBtYXJnaW4lM0ElMjAwJTNCJTBBJTIwJTIwcGFkZGluZyUzQSUyMDAlM0IlMEElN0QlMEEuY29udGFjdC1ib3glMjAlN0IlMEElMjAlMjBmbGV4JTNBJTIwMSUzQiUwQSUyMCUyMG1pbi13aWR0aCUzQSUyMDMwMHB4JTNCJTBBJTIwJTIwbWF4LXdpZHRoJTNBJTIwMzUwcHglM0IlMEElMjAlMjBwYWRkaW5nJTNBJTIwMThweCUyMDBweCUzQiUwQSUyMCUyMHRleHQtYWxpZ24lM0ElMjBjZW50ZXIlM0IlMEElMjAlMjBiYWNrZ3JvdW5kJTNBJTIwJTIzZmZmJTNCJTBBJTIwJTIwYm9yZGVyJTNBJTIwMnB4JTIwc29saWQlMjAlMjNmMGYwZjAlM0IlMEElMjAlMjBib3JkZXItcmFkaXVzJTNBJTIwOHB4JTNCJTBBJTIwJTIwdHJhbnNpdGlvbiUzQSUyMGFsbCUyMDAuM3MlMjBlYXNlJTNCJTBBJTdEJTBBLmNvbnRhY3QtYm94JTNBaG92ZXIlMjAlN0IlMEElMjAlMjBib3JkZXItY29sb3IlM0ElMjAlMjNhNmNjMGMlM0IlMEElMjAlMjBib3gtc2hhZG93JTNBJTIwMCUyMDVweCUyMDIwcHglMjByZ2JhJTI4MTY2JTJDJTIwMjA0JTJDJTIwMTIlMkMlMjAwLjE1JTI5JTNCJTBBJTIwJTIwdHJhbnNmb3JtJTNBJTIwdHJhbnNsYXRlWSUyOC01cHglMjklM0IlMEElN0QlMEEuY29udGFjdC1ib3gtaWNvbiUyMCU3QiUwQSUyMCUyMHdpZHRoJTNBJTIwNzBweCUzQiUwQSUyMCUyMGhlaWdodCUzQSUyMDcwcHglM0IlMEElMjAlMjBtYXJnaW4lM0ElMjAwJTIwYXV0byUyMDIwcHglM0IlMEElMjAlMjBkaXNwbGF5JTNBJTIwZmxleCUzQiUwQSUyMCUyMGFsaWduLWl0ZW1zJTNBJTIwY2VudGVyJTNCJTBBJTIwJTIwanVzdGlmeS1jb250ZW50JTNBJTIwY2VudGVyJTNCJTBBJTIwJTIwYmFja2dyb3VuZCUzQSUyMCUyM2E2Y2MwYyUzQiUwQSUyMCUyMGJvcmRlci1yYWRpdXMlM0ElMjA1MCUyNSUzQiUwQSUyMCUyMHRyYW5zaXRpb24lM0ElMjBhbGwlMjAwLjNzJTIwZWFzZSUzQiUwQSU3RCUwQS5jb250YWN0LWJveCUzQWhvdmVyJTIwLmNvbnRhY3QtYm94LWljb24lMjAlN0IlMEElMjAlMjB0cmFuc2Zvcm0lM0ElMjBzY2FsZSUyODEuMSUyOSUzQiUwQSU3RCUwQS5jb250YWN0LWJveC1pY29uJTIwaSUyMCU3QiUwQSUyMCUyMGZvbnQtc2l6ZSUzQSUyMDMycHglM0IlMEElMjAlMjBjb2xvciUzQSUyMCUyM2ZmZiUzQiUwQSU3RCUwQS5jb250YWN0LWJveC1saW5rJTIwJTdCJTBBJTIwJTIwY29sb3IlM0ElMjAlMjMzODM4MzglM0IlMEElMjAlMjB0ZXh0LWRlY29yYXRpb24lM0ElMjBub25lJTNCJTBBJTIwJTIwZm9udC1zaXplJTNBJTIwMThweCUzQiUwQSUyMCUyMGZvbnQtd2VpZ2h0JTNBJTIwNjAwJTNCJTBBJTIwJTIwZGlzcGxheSUzQSUyMGJsb2NrJTNCJTBBJTIwJTIwdHJhbnNpdGlvbiUzQSUyMGNvbG9yJTIwMC4zcyUyMGVhc2UlM0IlMEElN0QlMEEuY29udGFjdC1ib3gtbGluayUzQWhvdmVyJTIwJTdCJTBBJTIwJTIwY29sb3IlM0ElMjAlMjNhNmNjMGMlM0IlMEElN0QlMEElNDBtZWRpYSUyMCUyOG1heC13aWR0aCUzQSUyMDc2OHB4JTI5JTIwJTdCJTBBJTIwJTIwLmNvbnRhY3QtYm94ZXMlMjAlN0IlMEElMjAlMjAlMjAlMjBmbGV4LWRpcmVjdGlvbiUzQSUyMGNvbHVtbiUzQiUwQSUyMCUyMCUyMCUyMGdhcCUzQSUyMDIwcHglM0IlMEElMjAlMjAlN0QlMEElMjAlMjAlMEElMjAlMjAuY29udGFjdC1ib3glMjAlN0IlMEElMjAlMjAlMjAlMjBtYXgtd2lkdGglM0ElMjAxMDAlMjUlM0IlMEElMjAlMjAlN0QlMEElN0QlMEElM0MlMkZzdHlsZSUzRSUwQSUzQ2RpdiUyMGNsYXNzJTNEJTIyY29udGFjdC1ib3hlcyUyMiUzRSUwQSUyMCUyMCUzQ2RpdiUyMGNsYXNzJTNEJTIyY29udGFjdC1ib3glMjIlM0UlMEElMjAlMjAlMjAlMjAlM0NkaXYlMjBjbGFzcyUzRCUyMmNvbnRhY3QtYm94LWljb24lMjIlM0UlMEElMjAlMjAlMjAlMjAlMjAlMjAlM0NpJTIwY2xhc3MlM0QlMjJmYS1zb2xpZCUyMGZhLXBob25lJTIyJTNFJTNDJTJGaSUzRSUwQSUyMCUyMCUyMCUyMCUzQyUyRmRpdiUzRSUwQSUyMCUyMCUyMCUyMCUzQ2ElMjBocmVmJTNEJTIydGVsJTNBJTJCNDk2NTAyOTI1NiUyMiUyMGNsYXNzJTNEJTIyY29udGFjdC1ib3gtbGluayUyMiUzRUxsJUMzJUExbWVub3MlM0ElM0NiciUzRSUyQjQ5JTIwNjUwMiUyMDkyNTYwJTNDJTJGYSUzRSUwQSUyMCUyMCUzQyUyRmRpdiUzRSUwQSUyMCUyMCUwQSUyMCUyMCUzQ2RpdiUyMGNsYXNzJTNEJTIyY29udGFjdC1ib3glMjIlM0UlMEElMjAlMjAlMjAlMjAlM0NkaXYlMjBjbGFzcyUzRCUyMmNvbnRhY3QtYm94LWljb24lMjIlM0UlMEElMjAlMjAlMjAlMjAlMjAlMjAlM0NpJTIwY2xhc3MlM0QlMjJmYS1zb2xpZCUyMGZhLWVudmVsb3BlJTIyJTNFJTNDJTJGaSUzRSUwQSUyMCUyMCUyMCUyMCUzQyUyRmRpdiUzRSUwQSUyMCUyMCUyMCUyMCUzQ2ElMjBocmVmJTNEJTIybWFpbHRvJTNBaW5mbyU0MGJhc3RpYW5kcnVjay5kZSUyMiUyMGNsYXNzJTNEJTIyY29udGFjdC1ib3gtbGluayUyMiUzRUVudiVDMyVBRGUlMjB1biUyMGNvcnJlbyUyMGVsZWN0ciVDMyVCM25pY28lM0ElM0NiciUzRWluZm8lNDBiYXN0aWFuZHJ1Y2suZGUlM0MlMkZhJTNFJTBBJTIwJTIwJTNDJTJGZGl2JTNFJTBBJTIwJTIwJTBBJTIwJTIwJTNDZGl2JTIwY2xhc3MlM0QlMjJjb250YWN0LWJveCUyMiUzRSUwQSUyMCUyMCUyMCUyMCUzQ2RpdiUyMGNsYXNzJTNEJTIyY29udGFjdC1ib3gtaWNvbiUyMiUzRSUwQSUyMCUyMCUyMCUyMCUyMCUyMCUzQ2klMjBjbGFzcyUzRCUyMmZhLXNvbGlkJTIwZmEtbWFwLW1hcmtlci1hbHQlMjIlM0UlM0MlMkZpJTNFJTBBJTIwJTIwJTIwJTIwJTNDJTJGZGl2JTNFJTBBJTIwJTIwJTIwJTIwJTNDYSUyMGhyZWYlM0QlMjJodHRwcyUzQSUyRiUyRnd3dy5nb29nbGUuY29tJTJGbWFwcyUyRnNlYXJjaCUyRiUzRmFwaSUzRDElMjZxdWVyeSUzRFJvYmVydC1TY2h1bWFuLVN0cmElQzMlOUZlJTJCNSUyQyUyQjU0MzQzJTJCRiVDMyVCNmhyZW4lMjIlMjB0YXJnZXQlM0QlMjJfYmxhbmslMjIlMjByZWwlM0QlMjJub29wZW5lciUyMiUyMGNsYXNzJTNEJTIyY29udGFjdC1ib3gtbGluayUyMiUzRVJvYmVydC1TY2h1bWFuLVN0cmElQzMlOUZlJTIwNSUzQ2JyJTNFRC01NDM0MyUyMEYlQzMlQjZocmVuJTNDJTJGYSUzRSUwQSUyMCUyMCUzQyUyRmRpdiUzRSUwQSUzQyUyRmRpdiUzRQ==[\/vc_raw_html][\/vc_column][\/vc_row][vc_row css=&#8221;.vc_custom_1765444608918{margin-top: 80px !important;margin-right: 0px !important;margin-bottom: 80px !important;margin-left: 0px !important;}&#8221;][vc_column css=&#8221;.vc_custom_1760527533439{padding-top: 0px !important;padding-right: 0px !important;padding-bottom: 0px !important;padding-left: 0px !important;background-color: #FFFFFF00 !important;}&#8221;][vc_column_text css=&#8221;&#8221;]<\/p>\n<h3>O env\u00edenos directamente un mensaje:<\/h3>\n<p>[\/vc_column_text]\n<div class=\"wpcf7 no-js\" id=\"wpcf7-f2141-o1\" lang=\"es-ES\" dir=\"ltr\" data-wpcf7-id=\"2141\">\n<div class=\"screen-reader-response\"><p role=\"status\" aria-live=\"polite\" aria-atomic=\"true\"><\/p> <ul><\/ul><\/div>\n<form action=\"\/es\/wp-json\/wp\/v2\/pages\/1981#wpcf7-f2141-o1\" method=\"post\" class=\"wpcf7-form init\" aria-label=\"Formulario de contacto\" enctype=\"multipart\/form-data\" novalidate=\"novalidate\" data-status=\"init\">\n<fieldset class=\"hidden-fields-container\"><input type=\"hidden\" name=\"_wpcf7\" value=\"2141\" \/><input type=\"hidden\" name=\"_wpcf7_version\" value=\"6.1.5\" \/><input type=\"hidden\" name=\"_wpcf7_locale\" value=\"es_ES\" \/><input type=\"hidden\" name=\"_wpcf7_unit_tag\" value=\"wpcf7-f2141-o1\" \/><input type=\"hidden\" name=\"_wpcf7_container_post\" value=\"0\" \/><input type=\"hidden\" name=\"_wpcf7_posted_data_hash\" value=\"\" \/>\n<\/fieldset>\n<span class=\"wpcf7-form-control-wrap\" data-name=\"unternehmen\"><input size=\"40\" maxlength=\"400\" class=\"wpcf7-form-control wpcf7-text\" aria-invalid=\"false\" placeholder=\"Empresa\" value=\"\" type=\"text\" name=\"unternehmen\" \/><\/span>\n<div class=\"form-row-half\">\n<span class=\"wpcf7-form-control-wrap\" data-name=\"vorname\"><input size=\"40\" maxlength=\"400\" class=\"wpcf7-form-control wpcf7-text wpcf7-validates-as-required\" aria-required=\"true\" aria-invalid=\"false\" placeholder=\"Nombre\" value=\"\" type=\"text\" name=\"vorname\" \/><\/span>\n<span class=\"wpcf7-form-control-wrap\" data-name=\"nachname\"><input size=\"40\" maxlength=\"400\" class=\"wpcf7-form-control wpcf7-text wpcf7-validates-as-required\" aria-required=\"true\" aria-invalid=\"false\" placeholder=\"Apellido\" value=\"\" type=\"text\" name=\"nachname\" \/><\/span>\n<\/div>\n<span class=\"wpcf7-form-control-wrap\" data-name=\"strasse\"><input size=\"40\" maxlength=\"400\" class=\"wpcf7-form-control wpcf7-text wpcf7-validates-as-required\" aria-required=\"true\" aria-invalid=\"false\" placeholder=\"Calle y n\u00famero\" value=\"\" type=\"text\" name=\"strasse\" \/><\/span>\n<div class=\"form-row-half\">\n<span class=\"wpcf7-form-control-wrap\" data-name=\"plz\"><input size=\"40\" maxlength=\"400\" class=\"wpcf7-form-control wpcf7-text wpcf7-validates-as-required\" aria-required=\"true\" aria-invalid=\"false\" placeholder=\"C\u00f3digo postal\" value=\"\" type=\"text\" name=\"plz\" \/><\/span>\n<span class=\"wpcf7-form-control-wrap\" data-name=\"ort\"><input size=\"40\" maxlength=\"400\" class=\"wpcf7-form-control wpcf7-text wpcf7-validates-as-required\" aria-required=\"true\" aria-invalid=\"false\" placeholder=\"Lugar\" value=\"\" type=\"text\" name=\"ort\" \/><\/span>\n<\/div>\n<div class=\"form-row-half\">\n<span class=\"wpcf7-form-control-wrap\" data-name=\"telefon\"><input size=\"40\" maxlength=\"400\" class=\"wpcf7-form-control wpcf7-tel wpcf7-validates-as-required wpcf7-text wpcf7-validates-as-tel\" aria-required=\"true\" aria-invalid=\"false\" placeholder=\"Tel\u00e9fono\" value=\"\" type=\"tel\" name=\"telefon\" \/><\/span>\n<span class=\"wpcf7-form-control-wrap\" data-name=\"email\"><input size=\"40\" maxlength=\"400\" class=\"wpcf7-form-control wpcf7-email wpcf7-validates-as-required wpcf7-text wpcf7-validates-as-email\" aria-required=\"true\" aria-invalid=\"false\" placeholder=\"E-Mail\" value=\"\" type=\"email\" name=\"email\" \/><\/span>\n<\/div>\n<div class=\"form-row-half\">\n<div class=\"file-upload-wrapper\">\n<p><strong>Anexo 1:<\/strong><\/p>\n<span class=\"wpcf7-form-control-wrap\" data-name=\"anhang1\"><input size=\"40\" class=\"wpcf7-form-control wpcf7-file\" accept=\"audio\/*,video\/*,image\/*\" aria-invalid=\"false\" type=\"file\" name=\"anhang1\" \/><\/span>\n<p class=\"file-hint\">max. 10 MB<\/p>\n<\/div>\n<div class=\"file-upload-wrapper\">\n<p><strong>Anexo 2:<\/strong><\/p>\n<span class=\"wpcf7-form-control-wrap\" data-name=\"anhang2\"><input size=\"40\" class=\"wpcf7-form-control wpcf7-file\" accept=\"audio\/*,video\/*,image\/*\" aria-invalid=\"false\" type=\"file\" name=\"anhang2\" \/><\/span>\n<p class=\"file-hint\">max. 10 MB<\/p>\n<\/div>\n<\/div>\n<span class=\"wpcf7-form-control-wrap\" data-name=\"betreff\"><input size=\"40\" maxlength=\"400\" class=\"wpcf7-form-control wpcf7-text wpcf7-validates-as-required\" aria-required=\"true\" aria-invalid=\"false\" placeholder=\"Asunto\" value=\"\" type=\"text\" name=\"betreff\" \/><\/span>\n<span class=\"wpcf7-form-control-wrap\" data-name=\"nachricht\"><textarea cols=\"40\" rows=\"10\" maxlength=\"2000\" class=\"wpcf7-form-control wpcf7-textarea wpcf7-validates-as-required\" aria-required=\"true\" aria-invalid=\"false\" placeholder=\"Mensaje\" name=\"nachricht\"><\/textarea><\/span>\n<div class=\"privacy-wrapper\">\n<span class=\"wpcf7-form-control-wrap\" data-name=\"datenschutz\"><span class=\"wpcf7-form-control wpcf7-acceptance\"><span class=\"wpcf7-list-item\"><label><input type=\"checkbox\" name=\"datenschutz\" value=\"1\" aria-invalid=\"false\" \/><span class=\"wpcf7-list-item-label\">Por la presente acepto la <a href=\"https:\/\/www.bastiandruck.de\/es\/politica-de-privacidad\/\" target=\"_blank\">pol\u00edtica de privacidad<\/a>. Mis datos se procesar\u00e1n exclusivamente para tramitar mi solicitud.<\/span><\/label><\/span><\/span><\/span>\n<\/div>\n<div class=\"submit-wrapper\">\n<input class=\"wpcf7-form-control wpcf7-submit has-spinner\" type=\"submit\" value=\"Enviar\" \/>\n<\/div><input type=\"hidden\" id=\"ct_checkjs_cf7_7a53928fa4dd31e82c6ef826f341daec\" name=\"ct_checkjs_cf7\" value=\"0\" \/><script >setTimeout(function(){var ct_input_name = \"ct_checkjs_cf7_7a53928fa4dd31e82c6ef826f341daec\";if (document.getElementById(ct_input_name) !== null) {var ct_input_value = document.getElementById(ct_input_name).value;document.getElementById(ct_input_name).value = document.getElementById(ct_input_name).value.replace(ct_input_value, '711113347');}}, 1000);<\/script><input\n                    class=\"apbct_special_field apbct_email_id__wp_contact_form_7\"\n                    name=\"apbct__email_id__wp_contact_form_7\"\n                    aria-label=\"apbct__label_id__wp_contact_form_7\"\n                    type=\"text\" size=\"30\" maxlength=\"200\" autocomplete=\"off\"\n                    value=\"\"\n                \/><div class=\"wpcf7-response-output\" aria-hidden=\"true\"><\/div>\n<\/form>\n<\/div>\n[\/vc_column][\/vc_row]<\/p>\n<\/div>","protected":false},"excerpt":{"rendered":"<p>[vc_row full_width=&#8221;stretch_row_content_no_spaces&#8221;][vc_column][\/vc_column][\/vc_row][vc_row css=&#8221;.vc_custom_1765444599936{margin-top: 80px !important;margin-right: 0px !important;margin-bottom: 80px !important;margin-left: 0px !important;}&#8221;][vc_column css=&#8221;.vc_custom_1765444591342{margin-right: 0px !important;margin-left: 0px !important;padding-top: 0px !important;padding-right: 0px !important;padding-bottom: 0px !important;padding-left: 0px !important;background-color: #FFFFFF00 !important;}&#8221;][vc_column_text css=&#8221;&#8221;]Ya se trate de ideas iniciales, solicitudes de proyectos concretos o simplemente una conversaci\u00f3n abierta, dedicaremos tiempo a atender sus necesidades. Porque los proyectos exitosos comienzan con un buen [&hellip;]<\/p>\n","protected":false},"author":2,"featured_media":0,"parent":0,"menu_order":0,"comment_status":"closed","ping_status":"closed","template":"template-landing.php","meta":{"_acf_changed":false,"footnotes":""},"class_list":["post-1981","page","type-page","status-publish","hentry"],"acf":[],"_links":{"self":[{"href":"https:\/\/www.bastiandruck.de\/es\/wp-json\/wp\/v2\/pages\/1981","targetHints":{"allow":["GET"]}}],"collection":[{"href":"https:\/\/www.bastiandruck.de\/es\/wp-json\/wp\/v2\/pages"}],"about":[{"href":"https:\/\/www.bastiandruck.de\/es\/wp-json\/wp\/v2\/types\/page"}],"author":[{"embeddable":true,"href":"https:\/\/www.bastiandruck.de\/es\/wp-json\/wp\/v2\/users\/2"}],"replies":[{"embeddable":true,"href":"https:\/\/www.bastiandruck.de\/es\/wp-json\/wp\/v2\/comments?post=1981"}],"version-history":[{"count":3,"href":"https:\/\/www.bastiandruck.de\/es\/wp-json\/wp\/v2\/pages\/1981\/revisions"}],"predecessor-version":[{"id":2193,"href":"https:\/\/www.bastiandruck.de\/es\/wp-json\/wp\/v2\/pages\/1981\/revisions\/2193"}],"wp:attachment":[{"href":"https:\/\/www.bastiandruck.de\/es\/wp-json\/wp\/v2\/media?parent=1981"}],"curies":[{"name":"wp","href":"https:\/\/api.w.org\/{rel}","templated":true}]}}