{"id":1988,"date":"2018-11-15T13:31:08","date_gmt":"2018-11-15T12:31:08","guid":{"rendered":"https:\/\/www.bastiandruck.de\/split-screen\/"},"modified":"2026-02-10T11:52:24","modified_gmt":"2026-02-10T10:52:24","slug":"split-screen","status":"publish","type":"page","link":"https:\/\/www.bastiandruck.de\/es\/","title":{"rendered":"Startseite"},"content":{"rendered":"<div class=\"wpb-content-wrapper\"><p>[vc_row full_width=&#8221;stretch_row_content_no_spaces&#8221;][vc_column]\r\n        <div class=\"split-screen split-screen-6a046dd88a4f4\">\r\n            <div class=\"items\">\r\n        <div class=\"screen-item item-6a046dd88a5e4\" data-hex=\"#FFFFFF7A\">\r\n            <div class=\"item item-left col-xs-12 col-sm-6\">\r\n                                                    <div class=\"letter\">T<\/div>\r\n                            <\/div>\r\n            <div class=\"item item-right col-xs-12 col-sm-6\">\r\n                <div class=\"cell cell-container\">\r\n                    <div class=\"num\"><\/div>\r\n                                            <div class=\"h h1\">Tabaco y<br \/>\naccesorios<\/div>\r\n                                            <div class=\"text\">Imprimimos y refinamos recortes de tabaco para convertirlos en envases llamativos y de alta calidad. La precisi\u00f3n y los efectos impactantes garantizan el m\u00e1ximo impacto de la marca en el punto de venta.<\/div>\r\n                                            <a href=\"https:\/\/www.bastiandruck.de\/es\/tabaco\/\" class=\"button-style1\" target=\"_self\">Descubrir<\/a>\r\n                                    <\/div>\r\n                <div class=\"counter\">\r\n                    <div class=\"current\"><\/div>\r\n                    <div class=\"total\"><\/div>\r\n                <\/div>\r\n            <\/div>\r\n        <\/div>\r\n\r\n        \r\n        <div class=\"screen-item item-6a046dd88aa20\" data-hex=\"#FFFFFF7D\">\r\n            <div class=\"item item-left col-xs-12 col-sm-6\">\r\n                                                    <div class=\"letter\">B<\/div>\r\n                            <\/div>\r\n            <div class=\"item item-right col-xs-12 col-sm-6\">\r\n                <div class=\"cell cell-container\">\r\n                    <div class=\"num\"><\/div>\r\n                                            <div class=\"h h1\">Bebidas y<br \/>\ncomida<\/div>\r\n                                            <div class=\"text\">Producimos bandas, etiquetas con cola h\u00fameda y etiquetas de dep\u00f3sito para alimentos y bebidas del m\u00e1s alto nivel.<\/div>\r\n                                            <a href=\"https:\/\/www.bastiandruck.de\/es\/bebidas\/\" class=\"button-style1\" target=\"_self\">Descubrir<\/a>\r\n                                    <\/div>\r\n                <div class=\"counter\">\r\n                    <div class=\"current\"><\/div>\r\n                    <div class=\"total\"><\/div>\r\n                <\/div>\r\n            <\/div>\r\n        <\/div>\r\n\r\n        \r\n        <div class=\"screen-item item-6a046dd88ac4c\" data-hex=\"#FFFFFF7D\">\r\n            <div class=\"item item-left col-xs-12 col-sm-6\">\r\n                                                    <div class=\"letter\">B<\/div>\r\n                            <\/div>\r\n            <div class=\"item item-right col-xs-12 col-sm-6\">\r\n                <div class=\"cell cell-container\">\r\n                    <div class=\"num\"><\/div>\r\n                                            <div class=\"h h1\">Bronceado<\/div>\r\n                                            <div class=\"text\">Bronceamos hojas impresas para convertirlas en productos \u00fanicos y brillantes. La precisi\u00f3n y el acabado garantizan la m\u00e1xima atenci\u00f3n.<\/div>\r\n                                            <a href=\"https:\/\/www.bastiandruck.de\/es\/bronceado\/\" class=\"button-style1\" target=\"_self\">Entdecken<\/a>\r\n                                    <\/div>\r\n                <div class=\"counter\">\r\n                    <div class=\"current\"><\/div>\r\n                    <div class=\"total\"><\/div>\r\n                <\/div>\r\n            <\/div>\r\n        <\/div>\r\n\r\n        \r\n        <div class=\"screen-item item-6a046dd88b022\" data-hex=\"#FFFFFF78\">\r\n            <div class=\"item item-left col-xs-12 col-sm-6\">\r\n                                                    <div class=\"letter\">E<\/div>\r\n                            <\/div>\r\n            <div class=\"item item-right col-xs-12 col-sm-6\">\r\n                <div class=\"cell cell-container\">\r\n                    <div class=\"num\"><\/div>\r\n                                            <div class=\"h h1\">Embalajes<\/div>\r\n                                            <div class=\"text\">Imprimimos, refinamos y procesamos embalajes en tiradas peque\u00f1as y grandes, de forma precisa, flexible y eficaz.<\/div>\r\n                                            <a href=\"https:\/\/www.bastiandruck.de\/es\/embalajes\/\" class=\"button-style1\" target=\"_self\">Descubrir<\/a>\r\n                                    <\/div>\r\n                <div class=\"counter\">\r\n                    <div class=\"current\"><\/div>\r\n                    <div class=\"total\"><\/div>\r\n                <\/div>\r\n            <\/div>\r\n        <\/div>\r\n\r\n        \r\n        <div class=\"screen-item item-6a046dd88b28a\" data-hex=\"#FFFFFF7A\">\r\n            <div class=\"item item-left col-xs-12 col-sm-6\">\r\n                                                    <div class=\"letter\">M<\/div>\r\n                            <\/div>\r\n            <div class=\"item item-right col-xs-12 col-sm-6\">\r\n                <div class=\"cell cell-container\">\r\n                    <div class=\"num\"><\/div>\r\n                                            <div class=\"h h1\">Material de oficina<\/div>\r\n                                            <div class=\"text\">Producimos material impreso de alta calidad para oficinas y negocios, que organiza de forma \u00f3ptima el lugar de trabajo y lo equipa de manera profesional.<\/div>\r\n                                            <a href=\"https:\/\/www.bastiandruck.de\/es\/material-de-oficina\/\" class=\"button-style1\" target=\"_self\">Descubrir<\/a>\r\n                                    <\/div>\r\n                <div class=\"counter\">\r\n                    <div class=\"current\"><\/div>\r\n                    <div class=\"total\"><\/div>\r\n                <\/div>\r\n            <\/div>\r\n        <\/div>\r\n\r\n        \r\n        <div class=\"screen-item item-6a046dd88b503\" data-hex=\"#FFFFFF7A\">\r\n            <div class=\"item item-left col-xs-12 col-sm-6\">\r\n                                                    <div class=\"letter\">I<\/div>\r\n                            <\/div>\r\n            <div class=\"item item-right col-xs-12 col-sm-6\">\r\n                <div class=\"cell cell-container\">\r\n                    <div class=\"num\"><\/div>\r\n                                            <div class=\"h h1\">Impresiones comerciales<\/div>\r\n                                            <div class=\"text\">Realizamos una amplia variedad de impresiones comerciales, desde cat\u00e1logos y folletos hasta flyers y productos personalizados.<\/div>\r\n                                            <a href=\"https:\/\/www.bastiandruck.de\/es\/impresiones-comerciales\/\" class=\"button-style1\" target=\"_self\">Descubrir<\/a>\r\n                                    <\/div>\r\n                <div class=\"counter\">\r\n                    <div class=\"current\"><\/div>\r\n                    <div class=\"total\"><\/div>\r\n                <\/div>\r\n            <\/div>\r\n        <\/div>\r\n\r\n        <\/div>\r\n            <div class=\"pagination-dots\"><\/div>\r\n        <\/div>\r\n        \r\n        [\/vc_column][\/vc_row]<\/p>\n<\/div>","protected":false},"excerpt":{"rendered":"<p>[vc_row full_width=&#8221;stretch_row_content_no_spaces&#8221;][vc_column][\/vc_column][\/vc_row]<\/p>\n","protected":false},"author":2,"featured_media":0,"parent":0,"menu_order":0,"comment_status":"closed","ping_status":"closed","template":"template-landing.php","meta":{"_acf_changed":false,"footnotes":""},"class_list":["post-1988","page","type-page","status-publish","hentry"],"acf":[],"_links":{"self":[{"href":"https:\/\/www.bastiandruck.de\/es\/wp-json\/wp\/v2\/pages\/1988","targetHints":{"allow":["GET"]}}],"collection":[{"href":"https:\/\/www.bastiandruck.de\/es\/wp-json\/wp\/v2\/pages"}],"about":[{"href":"https:\/\/www.bastiandruck.de\/es\/wp-json\/wp\/v2\/types\/page"}],"author":[{"embeddable":true,"href":"https:\/\/www.bastiandruck.de\/es\/wp-json\/wp\/v2\/users\/2"}],"replies":[{"embeddable":true,"href":"https:\/\/www.bastiandruck.de\/es\/wp-json\/wp\/v2\/comments?post=1988"}],"version-history":[{"count":4,"href":"https:\/\/www.bastiandruck.de\/es\/wp-json\/wp\/v2\/pages\/1988\/revisions"}],"predecessor-version":[{"id":2228,"href":"https:\/\/www.bastiandruck.de\/es\/wp-json\/wp\/v2\/pages\/1988\/revisions\/2228"}],"wp:attachment":[{"href":"https:\/\/www.bastiandruck.de\/es\/wp-json\/wp\/v2\/media?parent=1988"}],"curies":[{"name":"wp","href":"https:\/\/api.w.org\/{rel}","templated":true}]}}