{"id":2004,"date":"2025-10-04T18:01:01","date_gmt":"2025-10-04T16:01:01","guid":{"rendered":"https:\/\/www.bastiandruck.de\/tabak\/"},"modified":"2026-02-10T11:52:53","modified_gmt":"2026-02-10T10:52:53","slug":"tabaco","status":"publish","type":"page","link":"https:\/\/www.bastiandruck.de\/es\/tabaco\/","title":{"rendered":"Tabaco"},"content":{"rendered":"<div class=\"wpb-content-wrapper\"><p>[vc_row full_width=&#8221;stretch_row_content_no_spaces&#8221;][vc_column]<div class=\"banner-area banner-5bf3ec817cf7c autoplay-true social-buttons-align-right\"><div class=\"banner-bottom\"><div class=\"container\"><div class=\"banner-counter\"><\/div><div class=\"owl-nav\"><\/div><\/div><\/div><div class=\"banner  fixed-height style2\" style=\"height: 610px;\"><div class=\"item banner-item-6a047a1e97aac middle tal white\" style=\"background-image: url(https:\/\/www.bastiandruck.de\/wp-content\/uploads\/2025\/10\/Gemini_Generated_Image_vy9cszvy9cszvy9c.png);\"><div class=\"overlay\"><\/div><div class=\"container\"><div class=\"cell\"><div class=\"sub-h decor-h dec-line-t-l\"><span>\u00a1Somos su socio en materia de impresi\u00f3n para productos del tabaco!<\/span><\/div><div class=\"h\"><\/p>\n<h1>Impresi\u00f3n perfecta para el sector del tabaco: experiencia que convence<\/h1>\n<p><\/div><\/div><\/div><\/div><\/div><\/div>[\/vc_column][\/vc_row][vc_row css=&#8221;.vc_custom_1761301326054{margin-top: 80px !important;}&#8221; el_class=&#8221;greybox&#8221;][vc_column css=&#8221;.vc_custom_1761301278586{padding-top: 24px !important;padding-right: 48px !important;padding-bottom: 24px !important;padding-left: 48px !important;background-color: #F2F2F2 !important;border-radius: 10px !important;}&#8221;][vc_column_text css=&#8221;&#8221;]<\/p>\n<h2><span style=\"font-size: 24pt;\">Somos especialistas en impresi\u00f3n en el sector del tabaco<\/span><\/h2>\n<p>[\/vc_column_text][vc_column_text css=&#8221;&#8221;]Como imprenta especializada en el sector del tabaco, le ofrecemos soluciones a medida para las m\u00e1s altas exigencias. Desde recortes para paquetes de cigarrillos hasta cajas con tapa, fundas, cuellos, tapas y fondos de cajas, pasando por recortes para fundas deslizantes: imprimimos y confeccionamos con precisi\u00f3n. Tambi\u00e9n realizamos tiradas m\u00e1s peque\u00f1as de forma artesanal y con total fiabilidad.<\/p>\n<p>Nuestra cartera de productos tambi\u00e9n incluye insertos para bolsas de tabaco, fabricados mediante un proceso rotativo, troquelado plano, troquelado a contrapresi\u00f3n o como variante cortada. Gracias a nuestra tecnolog\u00eda, podemos trabajar con muy pocos puntos de sujeci\u00f3n, una ventaja decisiva que mejora significativamente el comportamiento de inserci\u00f3n de los insertos y permite un procesamiento posterior sin problemas.\u2028Adem\u00e1s, mediante una supervisi\u00f3n continua de la imagen en la troqueladora, garantizamos un control de calidad del 100 % de cada hoja individual en cuanto a caracter\u00edsticas definidas, para una m\u00e1xima seguridad del proceso y resultados sin errores.[\/vc_column_text]<div class=\"button-container  vc_custom_1770720769871 tal\"><a href=\"https:\/\/www.bastiandruck.de\/es\/contacto\/\" class=\"button-style2\" target=\"_self\">Contacto<\/a><\/div>[\/vc_column][\/vc_row][vc_row css=&#8221;.vc_custom_1765448559221{margin-top: 80px !important;margin-bottom: 20px !important;}&#8221;][vc_column width=&#8221;1\/3&#8243;]\r\n        <div class=\"icon-box icon-box-6a047a1e98d1d icon-box-style1 tal\">\r\n                            <div class=\"icon basic-ui-elements-printer\"><\/div>\r\n                            <h4 class=\"heading\">Un acabado que entusiasma<\/h4>\r\n                            <div class=\"desc\">Todos los productos impresos pueden refinarse con barnices de dispersi\u00f3n y de impresi\u00f3n de alta calidad, as\u00ed como con efectos especiales. Ya se trate de efectos drip-off, barnices perfumados o elegantes barnices softtouch, nos encargamos de crear una imagen de marca \u00fanica.<\/div>\r\n                    <\/div>\r\n        \r\n        [\/vc_column][vc_column width=&#8221;1\/3&#8243;]\r\n        <div class=\"icon-box icon-box-6a047a1e98db1 icon-box-style1 tal\">\r\n                            <div class=\"icon base-icons-heart\"><\/div>\r\n                            <h4 class=\"heading\">La sostenibilidad se une a la innovaci\u00f3n<\/h4>\r\n                            <div class=\"desc\">Nuestro acabado en bronce no solo ofrece ventajas est\u00e9ticas, sino tambi\u00e9n un excelente balance ecol\u00f3gico. A diferencia de las l\u00e1minas t\u00e9rmicas convencionales, no se generan materiales pl\u00e1sticos de soporte ni residuos de l\u00e1minas. Los pigmentos met\u00e1licos son totalmente reciclables, lo que supone una ventaja tanto para el medio ambiente como para los costes.<\/div>\r\n                    <\/div>\r\n        \r\n        [\/vc_column][vc_column width=&#8221;1\/3&#8243;]\r\n        <div class=\"icon-box icon-box-6a047a1e98e2e icon-box-style1 tal\">\r\n                            <div class=\"icon base-icons-like\"><\/div>\r\n                            <h4 class=\"heading\">Su socio de confianza en materia de impresi\u00f3n<\/h4>\r\n                            <div class=\"desc\">Con nuestros profundos conocimientos, la tecnolog\u00eda m\u00e1s avanzada y una clara visi\u00f3n de la calidad, le ayudamos a presentar sus productos de tabaco de la mejor manera posible: de forma est\u00e9tica, sostenible y econ\u00f3mica.<\/div>\r\n                    <\/div>\r\n        \r\n        [\/vc_column][\/vc_row][vc_row css=&#8221;.vc_custom_1765448581646{margin-bottom: 80px !important;}&#8221;][vc_column]<div class=\"pt-special-heading pt-special-heading-5bf401ae270da  wpb_animate_when_almost_visible wpb_fadeInLeft fadeInLeft tac  vc_custom_1770719700771\"><div class=\"sub-h decor-h\"><span>Nuestro trabajo<\/span><\/div><h2 class=\"heading\"><i>Realizado con <span>amor<\/span><\/i><\/h2><\/div>[vc_gallery type=&#8221;image_grid&#8221; images=&#8221;1930,1931,1932&#8243; img_size=&#8221;large&#8221; css=&#8221;.vc_custom_1762247381295{margin-bottom: 0px !important;}&#8221;][\/vc_column][\/vc_row]<\/p>\n<\/div>","protected":false},"excerpt":{"rendered":"<p>[vc_row full_width=&#8221;stretch_row_content_no_spaces&#8221;][vc_column][\/vc_column][\/vc_row][vc_row css=&#8221;.vc_custom_1761301326054{margin-top: 80px !important;}&#8221; el_class=&#8221;greybox&#8221;][vc_column css=&#8221;.vc_custom_1761301278586{padding-top: 24px !important;padding-right: 48px !important;padding-bottom: 24px !important;padding-left: 48px !important;background-color: #F2F2F2 !important;border-radius: 10px !important;}&#8221;][vc_column_text css=&#8221;&#8221;] Somos especialistas en impresi\u00f3n en el sector del tabaco [\/vc_column_text][vc_column_text css=&#8221;&#8221;]Como imprenta especializada en el sector del tabaco, le ofrecemos soluciones a medida para las m\u00e1s altas exigencias. Desde recortes para paquetes de cigarrillos hasta [&hellip;]<\/p>\n","protected":false},"author":2,"featured_media":0,"parent":0,"menu_order":0,"comment_status":"closed","ping_status":"closed","template":"template-landing.php","meta":{"_acf_changed":false,"footnotes":""},"class_list":["post-2004","page","type-page","status-publish","hentry"],"acf":[],"_links":{"self":[{"href":"https:\/\/www.bastiandruck.de\/es\/wp-json\/wp\/v2\/pages\/2004","targetHints":{"allow":["GET"]}}],"collection":[{"href":"https:\/\/www.bastiandruck.de\/es\/wp-json\/wp\/v2\/pages"}],"about":[{"href":"https:\/\/www.bastiandruck.de\/es\/wp-json\/wp\/v2\/types\/page"}],"author":[{"embeddable":true,"href":"https:\/\/www.bastiandruck.de\/es\/wp-json\/wp\/v2\/users\/2"}],"replies":[{"embeddable":true,"href":"https:\/\/www.bastiandruck.de\/es\/wp-json\/wp\/v2\/comments?post=2004"}],"version-history":[{"count":5,"href":"https:\/\/www.bastiandruck.de\/es\/wp-json\/wp\/v2\/pages\/2004\/revisions"}],"predecessor-version":[{"id":2229,"href":"https:\/\/www.bastiandruck.de\/es\/wp-json\/wp\/v2\/pages\/2004\/revisions\/2229"}],"wp:attachment":[{"href":"https:\/\/www.bastiandruck.de\/es\/wp-json\/wp\/v2\/media?parent=2004"}],"curies":[{"name":"wp","href":"https:\/\/api.w.org\/{rel}","templated":true}]}}