{"id":2012,"date":"2025-10-23T16:33:57","date_gmt":"2025-10-23T14:33:57","guid":{"rendered":"https:\/\/www.bastiandruck.de\/unser-team\/"},"modified":"2026-02-17T10:35:19","modified_gmt":"2026-02-17T09:35:19","slug":"nuestro-equipo","status":"publish","type":"page","link":"https:\/\/www.bastiandruck.de\/es\/nuestro-equipo\/","title":{"rendered":"Nuestro equipo"},"content":{"rendered":"<div class=\"wpb-content-wrapper\"><p>[vc_row full_width=&#8221;stretch_row_content_no_spaces&#8221;][vc_column]<div class=\"banner-area banner-5bf3ec817cf7c autoplay-true social-buttons-align-right\"><div class=\"banner-bottom\"><div class=\"container\"><div class=\"banner-counter\"><\/div><div class=\"owl-nav\"><\/div><\/div><\/div><div class=\"banner  fixed-height style2\" style=\"height: 610px;\"><div class=\"item banner-item-6a047a1ad81c2 middle tal white\" style=\"background-image: url(https:\/\/www.bastiandruck.de\/wp-content\/uploads\/2025\/09\/Heidelberg_Bastian-2-scaled.jpg);\"><div class=\"overlay\"><\/div><div class=\"container\"><div class=\"cell\"><div class=\"sub-h decor-h dec-line-t-l\"><span>\u00a1Nuestro orgullo, que hace posible la fabricaci\u00f3n de productos de primera clase!<\/span><\/div><div class=\"h\"><\/p>\n<h1>Nuestro equipo<\/h1>\n<p><\/div><\/div><\/div><\/div><\/div><\/div>[\/vc_column][\/vc_row][vc_row css=&#8221;.vc_custom_1542718712769{padding-bottom: 25px !important;}&#8221;][vc_column css=&#8221;.vc_custom_1761233562952{margin-top: 72px !important;}&#8221;]<div class=\"pt-special-heading pt-special-heading-5be3cdba69bf6  wpb_animate_when_almost_visible wpb_fadeInLeft fadeInLeft tac  vc_custom_1770719119866\"><div class=\"sub-h decor-h\"><span>Nuestro equipo<\/span><\/div><h2 class=\"heading\"><i>\u00a1Sus <span>expertos<\/span> en materia de impresi\u00f3n!<\/i><\/h2><\/div>[vc_custom_heading text=&#8221;Direcci\u00f3n&#8221; font_container=&#8221;tag:h2|font_size:32|text_align:center|color:%23A6CC0C&#8221; use_theme_fonts=&#8221;yes&#8221; css=&#8221;.vc_custom_1770719128506{margin-bottom: 48px !important;}&#8221;]\r\n        <div class=\"team-carousel-area\">\r\n            <div class=\"team-carousel row team-items-6a047a1ad91ce  wpb_animate_when_almost_visible wpb_fadeInLeft fadeInLeft\">\r\n                \r\n        <div class=\"team-item col-xs-12 col-sm-6 col-md-4 col-lg-3\">\r\n            <div class=\"image-area\">\r\n                                    <div class=\"image\" style=\"background-image: url(https:\/\/www.bastiandruck.de\/wp-content\/uploads\/2025\/10\/Nico-Rudolf-Kessel-1024x1024.jpg);\"><\/div>\r\n                                <div class=\"content\">\r\n                                    <\/div>\r\n            <\/div>\r\n            <div class=\"bottom\">\r\n                                    <h6 class=\"h\">Nico Rudolf Kessel<\/h6>\r\n                                    <div class=\"post\">Director General \u2013 Managing Director<br \/>\nM.Sc. Wirtsch.-Ing<\/div>\r\n                            <\/div>\r\n        <\/div>\r\n        \r\n        \r\n        <div class=\"team-item col-xs-12 col-sm-6 col-md-4 col-lg-3\">\r\n            <div class=\"image-area\">\r\n                                    <div class=\"image\" style=\"background-image: url(https:\/\/www.bastiandruck.de\/wp-content\/uploads\/2025\/10\/Baiba-Kessel-1024x1024.jpg);\"><\/div>\r\n                                <div class=\"content\">\r\n                                            <div class=\"desc\">bk@bastiandruck.de<br \/>\n+49 65 02 \/ 92 56-38<\/div>\r\n                                    <\/div>\r\n            <\/div>\r\n            <div class=\"bottom\">\r\n                                    <h6 class=\"h\">Baiba Kessel<\/h6>\r\n                                    <div class=\"post\">Direcci\u00f3n de Control de Producci\u00f3n<br \/>\nM.Sc. Wirtsch.-Ing<\/div>\r\n                            <\/div>\r\n        <\/div>\r\n        \r\n        \r\n        <div class=\"team-item col-xs-12 col-sm-6 col-md-4 col-lg-3\">\r\n            <div class=\"image-area\">\r\n                                    <div class=\"image\" style=\"background-image: url(https:\/\/www.bastiandruck.de\/wp-content\/uploads\/2025\/10\/Michael-Pfisterer-1024x1024.jpg);\"><\/div>\r\n                                <div class=\"content\">\r\n                                    <\/div>\r\n            <\/div>\r\n            <div class=\"bottom\">\r\n                                    <h6 class=\"h\">Michael Pfisterer<\/h6>\r\n                                    <div class=\"post\">Director t\u00e9cnico<\/div>\r\n                            <\/div>\r\n        <\/div>\r\n        \r\n        \r\n        <div class=\"team-item col-xs-12 col-sm-6 col-md-4 col-lg-3\">\r\n            <div class=\"image-area\">\r\n                                    <div class=\"image\" style=\"background-image: url(https:\/\/www.bastiandruck.de\/wp-content\/uploads\/2025\/09\/stacks-image-05bd097-1200x1200-1-1024x1024.jpg);\"><\/div>\r\n                                <div class=\"content\">\r\n                                    <\/div>\r\n            <\/div>\r\n            <div class=\"bottom\">\r\n                                    <h6 class=\"h\">Karl-Heinz Kessel<\/h6>\r\n                                    <div class=\"post\">Apoderado<\/div>\r\n                            <\/div>\r\n        <\/div>\r\n        \r\n                    <\/div>\r\n        <\/div>\r\n\r\n        [vc_separator style=&#8221;dotted&#8221; border_width=&#8221;3&#8243; css=&#8221;.vc_custom_1764601600766{margin-top: 50px !important;margin-bottom: 50px !important;}&#8221;][vc_custom_heading text=&#8221;Distribuci\u00f3n \/ C\u00e1lculo&#8221; font_container=&#8221;tag:h2|font_size:32|text_align:center|color:%23A6CC0C&#8221; use_theme_fonts=&#8221;yes&#8221; css=&#8221;.vc_custom_1770719181611{margin-bottom: 48px !important;}&#8221;]\r\n        <div class=\"team-carousel-area\">\r\n            <div class=\"team-carousel row team-items-6a047a1ada48f  wpb_animate_when_almost_visible wpb_fadeInLeft fadeInLeft\">\r\n                \r\n        <div class=\"team-item col-xs-12 col-sm-6 col-md-4 col-lg-3\">\r\n            <div class=\"image-area\">\r\n                                    <div class=\"image\" style=\"background-image: url(https:\/\/www.bastiandruck.de\/wp-content\/uploads\/2025\/10\/Josef-Altmeyer-1024x1024.jpg);\"><\/div>\r\n                                <div class=\"content\">\r\n                                            <div class=\"desc\">ja@bastiandruck.de<br \/>\n+49 65 02 \/ 92 56-19<\/div>\r\n                                    <\/div>\r\n            <\/div>\r\n            <div class=\"bottom\">\r\n                                    <h6 class=\"h\">Josef Altmeyer<\/h6>\r\n                                    <div class=\"post\">Apoderado \/ C\u00e1lculo<\/div>\r\n                            <\/div>\r\n        <\/div>\r\n        \r\n        \r\n        <div class=\"team-item col-xs-12 col-sm-6 col-md-4 col-lg-3\">\r\n            <div class=\"image-area\">\r\n                                    <div class=\"image\" style=\"background-image: url(https:\/\/www.bastiandruck.de\/wp-content\/uploads\/2025\/10\/Katharina-Kohl-1024x1024.jpg);\"><\/div>\r\n                                <div class=\"content\">\r\n                                            <div class=\"desc\">kko@bastiandruck.de<br \/>\n+49 65 02 \/ 92 56-17<\/div>\r\n                                    <\/div>\r\n            <\/div>\r\n            <div class=\"bottom\">\r\n                                    <h6 class=\"h\">Katharina Kohl<\/h6>\r\n                                    <div class=\"post\">Asesora de clientes<\/div>\r\n                            <\/div>\r\n        <\/div>\r\n        \r\n        \r\n        <div class=\"team-item col-xs-12 col-sm-6 col-md-4 col-lg-3\">\r\n            <div class=\"image-area\">\r\n                                    <div class=\"image\" style=\"background-image: url(https:\/\/www.bastiandruck.de\/wp-content\/uploads\/2025\/12\/0F9A0882-683x1024.jpg);\"><\/div>\r\n                                <div class=\"content\">\r\n                                            <div class=\"desc\">kb@bastiandruck.de<br \/>\n+49 65 02 \/ 92 56-32<\/div>\r\n                                    <\/div>\r\n            <\/div>\r\n            <div class=\"bottom\">\r\n                                    <h6 class=\"h\">Kevin Berndt<\/h6>\r\n                                    <div class=\"post\">Distribuci\u00f3n<\/div>\r\n                            <\/div>\r\n        <\/div>\r\n        \r\n        \r\n        <div class=\"team-item col-xs-12 col-sm-6 col-md-4 col-lg-3\">\r\n            <div class=\"image-area\">\r\n                                    <div class=\"image\" style=\"background-image: url(https:\/\/www.bastiandruck.de\/wp-content\/uploads\/2025\/10\/Christine-Pallant-Kriebs-1024x1024.jpg);\"><\/div>\r\n                                <div class=\"content\">\r\n                                            <div class=\"desc\">cpk@bastiandruck.de<br \/>\n+49 65 02 \/ 92 56-18<\/div>\r\n                                    <\/div>\r\n            <\/div>\r\n            <div class=\"bottom\">\r\n                                    <h6 class=\"h\">Christine Pallant-Kriebs<\/h6>\r\n                                    <div class=\"post\">Asesora de clientes<\/div>\r\n                            <\/div>\r\n        <\/div>\r\n        \r\n                    <\/div>\r\n        <\/div>\r\n\r\n        [vc_separator style=&#8221;dotted&#8221; border_width=&#8221;3&#8243; css=&#8221;.vc_custom_1764601600766{margin-top: 50px !important;margin-bottom: 50px !important;}&#8221;][vc_custom_heading text=&#8221;Prepress \/ AV&#8221; font_container=&#8221;tag:h2|font_size:32|text_align:center|color:%23A6CC0C&#8221; use_theme_fonts=&#8221;yes&#8221; css=&#8221;.vc_custom_1764601874823{margin-bottom: 48px !important;}&#8221;]\r\n        <div class=\"team-carousel-area\">\r\n            <div class=\"team-carousel row team-items-6a047a1adb508  wpb_animate_when_almost_visible wpb_fadeInLeft fadeInLeft\">\r\n                \r\n        <div class=\"team-item col-xs-12 col-sm-6 col-md-4 col-lg-3\">\r\n            <div class=\"image-area\">\r\n                                    <div class=\"image\" style=\"background-image: url(https:\/\/www.bastiandruck.de\/wp-content\/uploads\/2025\/10\/Thomas-Roth.jpg);\"><\/div>\r\n                                <div class=\"content\">\r\n                                            <div class=\"desc\">tr@bastiandruck.de<br \/>\n+49 65 02 \/ 92 56-33<\/div>\r\n                                    <\/div>\r\n            <\/div>\r\n            <div class=\"bottom\">\r\n                                    <h6 class=\"h\">Thomas Roth<\/h6>\r\n                                    <div class=\"post\">Jefe de equipo Prepress \/ AV<br \/>\nT\u00e9cnico en medios impresos<\/div>\r\n                            <\/div>\r\n        <\/div>\r\n        \r\n        \r\n        <div class=\"team-item col-xs-12 col-sm-6 col-md-4 col-lg-3\">\r\n            <div class=\"image-area\">\r\n                                    <div class=\"image\" style=\"background-image: url(https:\/\/www.bastiandruck.de\/wp-content\/uploads\/2025\/10\/Sarah-Kirsten-1024x1024.jpg);\"><\/div>\r\n                                <div class=\"content\">\r\n                                            <div class=\"desc\">sk@bastiandruck.de<br \/>\n+49 65 02 \/ 92 56-62<\/div>\r\n                                    <\/div>\r\n            <\/div>\r\n            <div class=\"bottom\">\r\n                                    <h6 class=\"h\">Sarah Kirsten<\/h6>\r\n                                    <div class=\"post\">Prepress \/ AV<\/div>\r\n                            <\/div>\r\n        <\/div>\r\n        \r\n        \r\n        <div class=\"team-item col-xs-12 col-sm-6 col-md-4 col-lg-3\">\r\n            <div class=\"image-area\">\r\n                                    <div class=\"image\" style=\"background-image: url(https:\/\/www.bastiandruck.de\/wp-content\/uploads\/2025\/10\/Viktorija-Volz-1024x1024.jpg);\"><\/div>\r\n                                <div class=\"content\">\r\n                                            <div class=\"desc\">vv@bastiandruck.de<br \/>\n+49 65 02 \/ 92 56-34<\/div>\r\n                                    <\/div>\r\n            <\/div>\r\n            <div class=\"bottom\">\r\n                                    <h6 class=\"h\">Viktorija Volz<\/h6>\r\n                                    <div class=\"post\">Prepress \/ AV<br \/>\nEconomista empresarial<\/div>\r\n                            <\/div>\r\n        <\/div>\r\n        \r\n        \r\n        <div class=\"team-item col-xs-12 col-sm-6 col-md-4 col-lg-3\">\r\n            <div class=\"image-area\">\r\n                                    <div class=\"image\" style=\"background-image: url(https:\/\/www.bastiandruck.de\/wp-content\/uploads\/2025\/12\/Melanie-Roth-2-1024x1024.jpg);\"><\/div>\r\n                                <div class=\"content\">\r\n                                            <div class=\"desc\">mr@bastiandruck.de<br \/>\n+49 65 02 \/ 92 56-80<\/div>\r\n                                    <\/div>\r\n            <\/div>\r\n            <div class=\"bottom\">\r\n                                    <h6 class=\"h\">Melanie Roth<\/h6>\r\n                                    <div class=\"post\">Prepress \/ AV<\/div>\r\n                            <\/div>\r\n        <\/div>\r\n        \r\n        \r\n        <div class=\"team-item col-xs-12 col-sm-6 col-md-4 col-lg-3\">\r\n            <div class=\"image-area\">\r\n                                    <div class=\"image\" style=\"background-image: url(https:\/\/www.bastiandruck.de\/wp-content\/uploads\/2025\/12\/Gerti-683x1024.jpg);\"><\/div>\r\n                                <div class=\"content\">\r\n                                            <div class=\"desc\">ga@bastiandruck.de<br \/>\n+49 65 02 \/ 92 56-0<\/div>\r\n                                    <\/div>\r\n            <\/div>\r\n            <div class=\"bottom\">\r\n                                    <h6 class=\"h\">Gerti Adam<\/h6>\r\n                                    <div class=\"post\">Prepress \/ AV<\/div>\r\n                            <\/div>\r\n        <\/div>\r\n        \r\n        \r\n        <div class=\"team-item col-xs-12 col-sm-6 col-md-4 col-lg-3\">\r\n            <div class=\"image-area\">\r\n                                    <div class=\"image\" style=\"background-image: url(https:\/\/www.bastiandruck.de\/wp-content\/uploads\/2025\/10\/Lara-Kersch-1024x1024.jpg);\"><\/div>\r\n                                <div class=\"content\">\r\n                                            <div class=\"desc\">lk@bastiandruck.de<br \/>\n+49 65 02 \/ 92 56-44<\/div>\r\n                                    <\/div>\r\n            <\/div>\r\n            <div class=\"bottom\">\r\n                                    <h6 class=\"h\">Lara Kersch<\/h6>\r\n                                    <div class=\"post\">Aprendiz de dise\u00f1adora multimedia<\/div>\r\n                            <\/div>\r\n        <\/div>\r\n        \r\n        \r\n        <div class=\"team-item col-xs-12 col-sm-6 col-md-4 col-lg-3\">\r\n            <div class=\"image-area\">\r\n                                    <div class=\"image\" style=\"background-image: url(https:\/\/www.bastiandruck.de\/wp-content\/uploads\/2025\/10\/Sophia-Mattes-1024x1024.jpg);\"><\/div>\r\n                                <div class=\"content\">\r\n                                            <div class=\"desc\">sm@bastiandruck.de<br \/>\n+49 65 02 \/ 92 56-62<\/div>\r\n                                    <\/div>\r\n            <\/div>\r\n            <div class=\"bottom\">\r\n                                    <h6 class=\"h\">Sophia Mattes<\/h6>\r\n                                    <div class=\"post\">Aprendiz de dise\u00f1adora multimedia<\/div>\r\n                            <\/div>\r\n        <\/div>\r\n        \r\n                    <\/div>\r\n        <\/div>\r\n\r\n        [vc_separator style=&#8221;dotted&#8221; border_width=&#8221;3&#8243; css=&#8221;.vc_custom_1764601600766{margin-top: 50px !important;margin-bottom: 50px !important;}&#8221;][vc_custom_heading text=&#8221;Imprenta&#8221; font_container=&#8221;tag:h2|font_size:32|text_align:center|color:%23A6CC0C&#8221; use_theme_fonts=&#8221;yes&#8221; css=&#8221;.vc_custom_1771320811471{margin-bottom: 48px !important;}&#8221;]\r\n        <div class=\"team-carousel-area\">\r\n            <div class=\"team-carousel row team-items-6a047a1add170  wpb_animate_when_almost_visible wpb_fadeInLeft fadeInLeft\">\r\n                \r\n        <div class=\"team-item col-xs-12 col-sm-6 col-md-4 col-lg-3\">\r\n            <div class=\"image-area\">\r\n                                    <div class=\"image\" style=\"background-image: url(https:\/\/www.bastiandruck.de\/wp-content\/uploads\/2026\/02\/Bjoern-NEU-3-831x1024.jpg);\"><\/div>\r\n                                <div class=\"content\">\r\n                                            <div class=\"desc\">bkautenburger@bastiandruck.de<br \/>\n+49 65 02 \/ 92 56-42<\/div>\r\n                                    <\/div>\r\n            <\/div>\r\n            <div class=\"bottom\">\r\n                                    <h6 class=\"h\">Bj\u00f6rn Kautenburger<\/h6>\r\n                                    <div class=\"post\">Jefe de equipo Imprenta<br \/>\nT\u00e9cnico superior en artes gr\u00e1ficas y medios de comunicaci\u00f3n<\/div>\r\n                            <\/div>\r\n        <\/div>\r\n        \r\n                    <\/div>\r\n        <\/div>\r\n\r\n        [vc_separator style=&#8221;dotted&#8221; border_width=&#8221;3&#8243; css=&#8221;.vc_custom_1764601600766{margin-top: 50px !important;margin-bottom: 50px !important;}&#8221;][vc_custom_heading text=&#8221;Administraci\u00f3n \/ Log\u00edstica&#8221; font_container=&#8221;tag:h2|font_size:32|text_align:center|color:%23A6CC0C&#8221; use_theme_fonts=&#8221;yes&#8221; css=&#8221;.vc_custom_1770719273304{margin-bottom: 48px !important;}&#8221;]\r\n        <div class=\"team-carousel-area\">\r\n            <div class=\"team-carousel row team-items-6a047a1add534  wpb_animate_when_almost_visible wpb_fadeInLeft fadeInLeft\">\r\n                \r\n        <div class=\"team-item col-xs-12 col-sm-6 col-md-4 col-lg-3\">\r\n            <div class=\"image-area\">\r\n                                    <div class=\"image\" style=\"background-image: url(https:\/\/www.bastiandruck.de\/wp-content\/uploads\/2025\/10\/Christopher-Marx-1024x1024.jpg);\"><\/div>\r\n                                <div class=\"content\">\r\n                                            <div class=\"desc\">cm@bastiandruck.de<br \/>\n+49 65 02 \/ 92 56-81<\/div>\r\n                                    <\/div>\r\n            <\/div>\r\n            <div class=\"bottom\">\r\n                                    <h6 class=\"h\">Christopher Marx<\/h6>\r\n                                    <div class=\"post\">Planificaci\u00f3n de la producci\u00f3n<\/div>\r\n                            <\/div>\r\n        <\/div>\r\n        \r\n        \r\n        <div class=\"team-item col-xs-12 col-sm-6 col-md-4 col-lg-3\">\r\n            <div class=\"image-area\">\r\n                                    <div class=\"image\" style=\"background-image: url(https:\/\/www.bastiandruck.de\/wp-content\/uploads\/2025\/10\/Patrick-Scherer-1024x1024.jpg);\"><\/div>\r\n                                <div class=\"content\">\r\n                                            <div class=\"desc\">ps@bastiandruck.de<br \/>\n+49 65 02 \/ 92 56-21<\/div>\r\n                                    <\/div>\r\n            <\/div>\r\n            <div class=\"bottom\">\r\n                                    <h6 class=\"h\">Patrick Scherer<\/h6>\r\n                                    <div class=\"post\">Jefe de log\u00edstica de env\u00edos \/ Cumplimiento<\/div>\r\n                            <\/div>\r\n        <\/div>\r\n        \r\n        \r\n        <div class=\"team-item col-xs-12 col-sm-6 col-md-4 col-lg-3\">\r\n            <div class=\"image-area\">\r\n                                    <div class=\"image\" style=\"background-image: url(https:\/\/www.bastiandruck.de\/wp-content\/uploads\/2025\/10\/Ute-Loersch.jpg);\"><\/div>\r\n                                <div class=\"content\">\r\n                                            <div class=\"desc\">ul@bastiandruck.de<br \/>\n+49 65 02 \/ 92 56-23<\/div>\r\n                                    <\/div>\r\n            <\/div>\r\n            <div class=\"bottom\">\r\n                                    <h6 class=\"h\">Ute Loersch<\/h6>\r\n                                    <div class=\"post\">Log\u00edstica<\/div>\r\n                            <\/div>\r\n        <\/div>\r\n        \r\n        \r\n        <div class=\"team-item col-xs-12 col-sm-6 col-md-4 col-lg-3\">\r\n            <div class=\"image-area\">\r\n                                    <div class=\"image\" style=\"background-image: url(https:\/\/www.bastiandruck.de\/wp-content\/uploads\/2025\/12\/0F9A1600-683x1024.jpg);\"><\/div>\r\n                                <div class=\"content\">\r\n                                    <\/div>\r\n            <\/div>\r\n            <div class=\"bottom\">\r\n                                    <h6 class=\"h\">Ella<\/h6>\r\n                                    <div class=\"post\">Chief of Happiness<\/div>\r\n                            <\/div>\r\n        <\/div>\r\n        \r\n                    <\/div>\r\n        <\/div>\r\n\r\n        [\/vc_column][\/vc_row][vc_row css=&#8221;.vc_custom_1759595249926{margin-top: 80px !important;}&#8221;][vc_column css=&#8221;.vc_custom_1762247363758{margin-bottom: 75px !important;padding-top: 24px !important;padding-right: 48px !important;padding-bottom: 24px !important;padding-left: 48px !important;background-color: #F2F2F2 !important;border-radius: 10px !important;}&#8221;][vc_column_text css=&#8221;&#8221;]<\/p>\n<h2><span style=\"font-size: 24pt;\">Nuestro trabajo est\u00e1 certificado: para su producto y para el medio ambiente.<\/span><\/h2>\n<p>[\/vc_column_text][vc_column_text css=&#8221;&#8221;]<\/p>\n<p style=\"font-weight: 400;\">Detr\u00e1s de cada uno de nuestros productos impresos hay algo m\u00e1s que tecnolog\u00eda: es el resultado de la pasi\u00f3n, la precisi\u00f3n y un aut\u00e9ntico sentido de la responsabilidad. Nuestras certificaciones son la expresi\u00f3n de esta exigencia: garantizan una calidad de impresi\u00f3n constante y \u00f3ptima, procesos de producci\u00f3n trazables y una fabricaci\u00f3n respetuosa con el medio ambiente que conserva los recursos y preserva los valores.<\/p>\n<p>[\/vc_column_text]<div class=\"button-container  vc_custom_1770720686860 tal\"><a href=\"https:\/\/www.bastiandruck.de\/es\/certificaciones\/\" class=\"button-style2\" target=\"_self\">Nuestras certificaciones<\/a><\/div>[\/vc_column][\/vc_row][vc_row css=&#8221;.vc_custom_1764144660424{margin-bottom: 80px !important;}&#8221;][vc_column]<div class=\"pt-special-heading pt-special-heading-6a047a1ade336  wpb_animate_when_almost_visible wpb_fadeInLeft fadeInLeft tac  vc_custom_1770719340173\"><h2 class=\"heading\"><i>Estamos en <span>Instagram<\/span>, \u00a1s\u00edguenos ahora!<\/i><\/h2><\/div>[vc_raw_html css=&#8221;&#8221;]JTVCdHJ1c3RpbmRleC1mZWVkLWluc3RhZ3JhbSU1RA==[\/vc_raw_html][\/vc_column][\/vc_row]<\/p>\n<\/div>","protected":false},"excerpt":{"rendered":"<p>[vc_row full_width=&#8221;stretch_row_content_no_spaces&#8221;][vc_column][\/vc_column][\/vc_row][vc_row css=&#8221;.vc_custom_1542718712769{padding-bottom: 25px !important;}&#8221;][vc_column css=&#8221;.vc_custom_1761233562952{margin-top: 72px !important;}&#8221;][vc_custom_heading text=&#8221;Direcci\u00f3n&#8221; font_container=&#8221;tag:h2|font_size:32|text_align:center|color:%23A6CC0C&#8221; use_theme_fonts=&#8221;yes&#8221; css=&#8221;.vc_custom_1770719128506{margin-bottom: 48px !important;}&#8221;][vc_separator style=&#8221;dotted&#8221; border_width=&#8221;3&#8243; css=&#8221;.vc_custom_1764601600766{margin-top: 50px !important;margin-bottom: 50px !important;}&#8221;][vc_custom_heading text=&#8221;Distribuci\u00f3n \/ C\u00e1lculo&#8221; font_container=&#8221;tag:h2|font_size:32|text_align:center|color:%23A6CC0C&#8221; use_theme_fonts=&#8221;yes&#8221; css=&#8221;.vc_custom_1770719181611{margin-bottom: 48px !important;}&#8221;][vc_separator style=&#8221;dotted&#8221; border_width=&#8221;3&#8243; css=&#8221;.vc_custom_1764601600766{margin-top: 50px !important;margin-bottom: 50px !important;}&#8221;][vc_custom_heading text=&#8221;Prepress \/ AV&#8221; font_container=&#8221;tag:h2|font_size:32|text_align:center|color:%23A6CC0C&#8221; use_theme_fonts=&#8221;yes&#8221; css=&#8221;.vc_custom_1764601874823{margin-bottom: 48px !important;}&#8221;][vc_separator style=&#8221;dotted&#8221; border_width=&#8221;3&#8243; css=&#8221;.vc_custom_1764601600766{margin-top: 50px !important;margin-bottom: 50px !important;}&#8221;][vc_custom_heading text=&#8221;Imprenta&#8221; font_container=&#8221;tag:h2|font_size:32|text_align:center|color:%23A6CC0C&#8221; use_theme_fonts=&#8221;yes&#8221; css=&#8221;.vc_custom_1771320811471{margin-bottom: [&hellip;]<\/p>\n","protected":false},"author":2,"featured_media":0,"parent":0,"menu_order":0,"comment_status":"closed","ping_status":"closed","template":"template-landing.php","meta":{"_acf_changed":false,"footnotes":""},"class_list":["post-2012","page","type-page","status-publish","hentry"],"acf":[],"_links":{"self":[{"href":"https:\/\/www.bastiandruck.de\/es\/wp-json\/wp\/v2\/pages\/2012","targetHints":{"allow":["GET"]}}],"collection":[{"href":"https:\/\/www.bastiandruck.de\/es\/wp-json\/wp\/v2\/pages"}],"about":[{"href":"https:\/\/www.bastiandruck.de\/es\/wp-json\/wp\/v2\/types\/page"}],"author":[{"embeddable":true,"href":"https:\/\/www.bastiandruck.de\/es\/wp-json\/wp\/v2\/users\/2"}],"replies":[{"embeddable":true,"href":"https:\/\/www.bastiandruck.de\/es\/wp-json\/wp\/v2\/comments?post=2012"}],"version-history":[{"count":7,"href":"https:\/\/www.bastiandruck.de\/es\/wp-json\/wp\/v2\/pages\/2012\/revisions"}],"predecessor-version":[{"id":2271,"href":"https:\/\/www.bastiandruck.de\/es\/wp-json\/wp\/v2\/pages\/2012\/revisions\/2271"}],"wp:attachment":[{"href":"https:\/\/www.bastiandruck.de\/es\/wp-json\/wp\/v2\/media?parent=2012"}],"curies":[{"name":"wp","href":"https:\/\/api.w.org\/{rel}","templated":true}]}}