{"id":2027,"date":"2025-10-23T16:33:12","date_gmt":"2025-10-23T14:33:12","guid":{"rendered":"https:\/\/www.bastiandruck.de\/unser-unternehmen\/"},"modified":"2026-02-10T11:51:07","modified_gmt":"2026-02-10T10:51:07","slug":"nuestra-empresa","status":"publish","type":"page","link":"https:\/\/www.bastiandruck.de\/es\/nuestra-empresa\/","title":{"rendered":"Nuestra empresa"},"content":{"rendered":"<div class=\"wpb-content-wrapper\"><p>[vc_row full_width=&#8221;stretch_row_content_no_spaces&#8221;][vc_column]<div class=\"banner-area banner-5bf3ec817cf7c autoplay-true social-buttons-align-right\"><div class=\"banner-bottom\"><div class=\"container\"><div class=\"banner-counter\"><\/div><div class=\"owl-nav\"><\/div><\/div><\/div><div class=\"banner  fixed-height style2\" style=\"height: 610px;\"><div class=\"item banner-item-6a047b57689dc middle tal white\" style=\"background-image: url(https:\/\/www.bastiandruck.de\/wp-content\/uploads\/2025\/09\/Heidelberg_Bastian-2-scaled.jpg);\"><div class=\"overlay\"><\/div><div class=\"container\"><div class=\"cell\"><div class=\"sub-h decor-h dec-line-t-l\"><span>\u00a1A su servicio desde hace m\u00e1s de 100 a\u00f1os!<\/span><\/div><div class=\"h\"><\/p>\n<h1>Nuestra empresa<\/h1>\n<p><\/div><\/div><\/div><\/div><\/div><\/div>[\/vc_column][\/vc_row][vc_row equal_height=&#8221;yes&#8221; content_placement=&#8221;middle&#8221; css=&#8221;.vc_custom_1542716954316{padding-top: 30px !important;}&#8221;][vc_column css_animation=&#8221;fadeInLeft&#8221;]        \r\n        <div class=\"tabs tabs-horizontal tabs-6a047b5769442 style2\">\r\n            <div class=\"tabs-head\">\r\n                <div class=\"wrap\">\r\n                                            <div class=\"item\">Saludo<\/div>\r\n                                            <div class=\"item\">Conciencia medioambiental<\/div>\r\n                                            <div class=\"item\">Impresi\u00f3n clim\u00e1ticamente neutra<\/div>\r\n                                    <\/div>\r\n            <\/div>\r\n            <div class=\"tabs-body\"><div class=\"tab-content\"><div class=\"pt-special-heading pt-special-heading-5bf3ed9cbf1ca  tal\"><h3 class=\"heading\"><i>Calidad, innovaci\u00f3n y sostenibilidad:<br \/>\n<span>desde hace m\u00e1s de 100 a\u00f1os<\/span>.<\/i><\/h3><\/div>[vc_row_inner][vc_column_inner width=&#8221;2\/3&#8243;][vc_column_text css=&#8221;&#8221;]Somos una empresa mediana de impresi\u00f3n dirigida por sus propietarios, con unos 65 empleados, situada en el parque industrial F\u00f6hren, cerca de Tr\u00e9veris. Nuestras ra\u00edces se basan en una larga tradici\u00f3n, nuestro futuro en la innovaci\u00f3n y la sostenibilidad.<\/p>\n<p>Desarrollamos soluciones individuales e integrales para nuestros clientes en todos los \u00e1mbitos de la producci\u00f3n impresa, con la m\u00e1xima calidad, flexibilidad y un servicio personalizado. La tecnolog\u00eda m\u00e1s moderna y un parque de m\u00e1quinas siempre actualizado garantizan resultados de primera clase.<\/p>\n<p>La sostenibilidad es algo natural para nosotros: producimos seg\u00fan las directrices del FSC y ofrecemos impresi\u00f3n clim\u00e1ticamente neutra. De este modo, junto con usted, damos un fuerte ejemplo en favor de la protecci\u00f3n del clima y el medio ambiente.<\/p>\n<p>Atentamente,<br \/>\nNico Rudolf Kessel[\/vc_column_text][\/vc_column_inner][vc_column_inner width=&#8221;1\/3&#8243;][vc_single_image image=&#8221;2036&#8243; img_size=&#8221;full&#8221; style=&#8221;vc_box_rounded&#8221; css=&#8221;&#8221;][\/vc_column_inner][\/vc_row_inner]<\/div><div class=\"tab-content\"><div class=\"pt-special-heading pt-special-heading-6a047b57698df  tal\"><h3 class=\"heading\"><i>Imprimir de forma respetuosa con el medio ambiente:<br \/>\n<span>con responsabilidad.<\/span><\/i><\/h3><\/div>[vc_column_text css=&#8221;&#8221;]La sostenibilidad es una parte integral de nuestro trabajo. Nuestro objetivo: evitar, reducir y compensar el impacto medioambiental.<\/p>\n<p>Gracias a la producci\u00f3n integral en una sola ubicaci\u00f3n, evitamos transportes innecesarios y reducimos las emisiones de CO\u2082. Las m\u00e1quinas modernas, los innovadores sistemas de medici\u00f3n del color y la tecnolog\u00eda optimizada reducen significativamente el consumo de energ\u00eda, los residuos y las sustancias contaminantes, hasta un 30 % menos de consumo energ\u00e9tico. Podemos anunciar con orgullo que, gracias a las medidas de optimizaci\u00f3n, consumimos un 64 % menos de electricidad que en 1997.<\/p>\n<p>Hoy en d\u00eda hemos eliminado por completo el alcohol isoprop\u00edlico y hemos reducido enormemente el consumo de productos qu\u00edmicos en la exposici\u00f3n de las planchas de impresi\u00f3n. Desde 2017, todo nuestro parque de m\u00e1quinas funciona con energ\u00eda 100 % natural.<\/p>\n<p>De este modo, combinamos la m\u00e1xima calidad de impresi\u00f3n con la protecci\u00f3n activa del clima y el medio ambiente, en beneficio de nuestros clientes y de las generaciones futuras.[\/vc_column_text]<div class=\"button-container  vc_custom_1770720651893 tal\"><a href=\"https:\/\/www.bastiandruck.de\/es\/certificaciones\/\" class=\"button-style2\" target=\"_self\">Nuestras certificaciones<\/a><\/div><\/div><div class=\"tab-content\"><div class=\"pt-special-heading pt-special-heading-6a047b57699bb  tal\"><h3 class=\"heading\"><i>Impresi\u00f3n clim\u00e1ticamente neutra en<br \/>\n<span>colaboraci\u00f3n con ClimatePartner.<\/span><\/i><\/h3><\/div>[vc_column_text css=&#8221;&#8221;]<\/p>\n<div class=\"s3_column s3_column_left\">\n<div id=\"stacks_out_983\" class=\"stacks_out\">\n<div id=\"stacks_in_983\" class=\"stacks_in text_stack\">\n<p>A pesar de las medidas de prevenci\u00f3n y reducci\u00f3n, la producci\u00f3n genera emisiones de CO2. Para compensar este impacto medioambiental, primero se calcula la huella de carbono de los productos impresos y luego se compensan las emisiones calculadas mediante la adquisici\u00f3n de certificados de emisi\u00f3n de CO2.<\/p>\n<p>Los certificados de CO2 suelen referirse a instalaciones de generaci\u00f3n de energ\u00eda limpia en pa\u00edses en desarrollo y emergentes. Muchos lo ven como un comercio de indulgencias.<\/p>\n<p>Pero es la tercera soluci\u00f3n m\u00e1s sensata despu\u00e9s de la prevenci\u00f3n y la reducci\u00f3n de las emisiones de CO2. BASTIAN ya obtuvo la certificaci\u00f3n de neutralidad clim\u00e1tica en 2007 y, con las medidas para reducir las emisiones internas de CO2, tambi\u00e9n disminuye la contribuci\u00f3n que hay que compensar, lo que conduce a la neutralidad clim\u00e1tica.<\/p>\n<\/div>\n<\/div>\n<\/div>\n<p>[\/vc_column_text][vc_single_image image=&#8221;2033&#8243; img_size=&#8221;medium&#8221; css=&#8221;&#8221;]<\/div><\/div>\r\n        <\/div>\r\n        \r\n        [vc_raw_html css=&#8221;&#8221;]JTVCbWVpbGVuc3RlaW5fdGltZWxpbmUlNUQ=[\/vc_raw_html][\/vc_column][\/vc_row][vc_row][vc_column]<div class=\"pt-special-heading pt-special-heading-5bf401ae270da  wpb_animate_when_almost_visible wpb_fadeInLeft fadeInLeft tac  vc_custom_1770718976690\"><div class=\"sub-h decor-h\"><span>Nuestro trabajo<\/span><\/div><h2 class=\"heading\"><i>Realizado con <span>amor<\/span><\/i><\/h2><\/div>[vc_gallery type=&#8221;image_grid&#8221; images=&#8221;1930,1931,1932&#8243; img_size=&#8221;large&#8221; css=&#8221;.vc_custom_1762247381295{margin-bottom: 0px !important;}&#8221;][\/vc_column][\/vc_row][vc_row css=&#8221;.vc_custom_1759595249926{margin-top: 80px !important;}&#8221;][vc_column css=&#8221;.vc_custom_1762247363758{margin-bottom: 75px !important;padding-top: 24px !important;padding-right: 48px !important;padding-bottom: 24px !important;padding-left: 48px !important;background-color: #F2F2F2 !important;border-radius: 10px !important;}&#8221;][vc_column_text css=&#8221;&#8221;]<\/p>\n<h2><span style=\"font-size: 24pt;\">\u00a1Conozca a nuestro equipo!<\/span><\/h2>\n<p>[\/vc_column_text][vc_column_text css=&#8221;&#8221;]<\/p>\n<p style=\"font-weight: 400;\">Detr\u00e1s de cada producci\u00f3n impresa de primera clase hay personas con pasi\u00f3n y conocimientos t\u00e9cnicos. Desde la preimpresi\u00f3n hasta el acabado, conozca a las mentes que llevan m\u00e1s de 100 a\u00f1os siendo sin\u00f3nimo de calidad y fiabilidad. La tradici\u00f3n se une a la innovaci\u00f3n: as\u00ed es nuestro equipo.<\/p>\n<p>[\/vc_column_text]<div class=\"button-container  vc_custom_1770720660849 tal\"><a href=\"https:\/\/www.bastiandruck.de\/es\/nuestro-equipo\/\" class=\"button-style2\" target=\"_self\">Conozca a nuestro equipo<\/a><\/div>[\/vc_column][\/vc_row][vc_row css=&#8221;.vc_custom_1764144660424{margin-bottom: 80px !important;}&#8221;][vc_column]<div class=\"pt-special-heading pt-special-heading-6a047b5769aca  wpb_animate_when_almost_visible wpb_fadeInLeft fadeInLeft tac  vc_custom_1770719018976\"><h2 class=\"heading\"><i>Estamos en <span>Instagram<\/span>, \u00a1s\u00edguenos ahora!<\/i><\/h2><\/div>[vc_raw_html css=&#8221;&#8221;]JTVCdHJ1c3RpbmRleC1mZWVkLWluc3RhZ3JhbSU1RA==[\/vc_raw_html][\/vc_column][\/vc_row]<\/p>\n<\/div>","protected":false},"excerpt":{"rendered":"<p>[vc_row full_width=&#8221;stretch_row_content_no_spaces&#8221;][vc_column][\/vc_column][\/vc_row][vc_row equal_height=&#8221;yes&#8221; content_placement=&#8221;middle&#8221; css=&#8221;.vc_custom_1542716954316{padding-top: 30px !important;}&#8221;][vc_column css_animation=&#8221;fadeInLeft&#8221;][vc_raw_html css=&#8221;&#8221;]JTVCbWVpbGVuc3RlaW5fdGltZWxpbmUlNUQ=[\/vc_raw_html][\/vc_column][\/vc_row][vc_row][vc_column][vc_gallery type=&#8221;image_grid&#8221; images=&#8221;1930,1931,1932&#8243; img_size=&#8221;large&#8221; css=&#8221;.vc_custom_1762247381295{margin-bottom: 0px !important;}&#8221;][\/vc_column][\/vc_row][vc_row css=&#8221;.vc_custom_1759595249926{margin-top: 80px !important;}&#8221;][vc_column css=&#8221;.vc_custom_1762247363758{margin-bottom: 75px !important;padding-top: 24px !important;padding-right: 48px !important;padding-bottom: 24px !important;padding-left: 48px !important;background-color: #F2F2F2 !important;border-radius: 10px !important;}&#8221;][vc_column_text css=&#8221;&#8221;] \u00a1Conozca a nuestro equipo! [\/vc_column_text][vc_column_text css=&#8221;&#8221;] Detr\u00e1s de cada producci\u00f3n impresa de primera clase hay personas con pasi\u00f3n y conocimientos t\u00e9cnicos. [&hellip;]<\/p>\n","protected":false},"author":2,"featured_media":0,"parent":0,"menu_order":0,"comment_status":"closed","ping_status":"closed","template":"template-landing.php","meta":{"_acf_changed":false,"footnotes":""},"class_list":["post-2027","page","type-page","status-publish","hentry"],"acf":[],"_links":{"self":[{"href":"https:\/\/www.bastiandruck.de\/es\/wp-json\/wp\/v2\/pages\/2027","targetHints":{"allow":["GET"]}}],"collection":[{"href":"https:\/\/www.bastiandruck.de\/es\/wp-json\/wp\/v2\/pages"}],"about":[{"href":"https:\/\/www.bastiandruck.de\/es\/wp-json\/wp\/v2\/types\/page"}],"author":[{"embeddable":true,"href":"https:\/\/www.bastiandruck.de\/es\/wp-json\/wp\/v2\/users\/2"}],"replies":[{"embeddable":true,"href":"https:\/\/www.bastiandruck.de\/es\/wp-json\/wp\/v2\/comments?post=2027"}],"version-history":[{"count":7,"href":"https:\/\/www.bastiandruck.de\/es\/wp-json\/wp\/v2\/pages\/2027\/revisions"}],"predecessor-version":[{"id":2226,"href":"https:\/\/www.bastiandruck.de\/es\/wp-json\/wp\/v2\/pages\/2027\/revisions\/2226"}],"wp:attachment":[{"href":"https:\/\/www.bastiandruck.de\/es\/wp-json\/wp\/v2\/media?parent=2027"}],"curies":[{"name":"wp","href":"https:\/\/api.w.org\/{rel}","templated":true}]}}