{"id":2045,"date":"2025-11-18T14:29:32","date_gmt":"2025-11-18T13:29:32","guid":{"rendered":"https:\/\/www.bastiandruck.de\/verpackungen\/"},"modified":"2026-02-10T11:50:04","modified_gmt":"2026-02-10T10:50:04","slug":"embalajes","status":"publish","type":"page","link":"https:\/\/www.bastiandruck.de\/es\/embalajes\/","title":{"rendered":"Embalajes (Verpackungen)"},"content":{"rendered":"<div class=\"wpb-content-wrapper\"><p>[vc_row full_width=&#8221;stretch_row_content_no_spaces&#8221;][vc_column]<div class=\"banner-area banner-5bf3ec817cf7c autoplay-true social-buttons-align-right\"><div class=\"banner-bottom\"><div class=\"container\"><div class=\"banner-counter\"><\/div><div class=\"owl-nav\"><\/div><\/div><\/div><div class=\"banner  fixed-height style2\" style=\"height: 610px;\"><div class=\"item banner-item-6a047a39d8163 middle tal white\" style=\"background-image: url(https:\/\/www.bastiandruck.de\/wp-content\/uploads\/2025\/08\/pexels-apasaric-1555199-scaled.jpg);\"><div class=\"overlay\"><\/div><div class=\"container\"><div class=\"cell\"><div class=\"sub-h decor-h dec-line-t-l\"><span>Somos su socio en materia de impresi\u00f3n para embalajes.<\/span><\/div><div class=\"h\"><\/p>\n<h1>Impresi\u00f3n perfecta para todo tipo de envases: experiencia que convence<\/h1>\n<p><\/div><\/div><\/div><\/div><\/div><\/div>[\/vc_column][\/vc_row][vc_row css=&#8221;.vc_custom_1761301326054{margin-top: 80px !important;}&#8221; el_class=&#8221;greybox&#8221;][vc_column css=&#8221;.vc_custom_1761301278586{padding-top: 24px !important;padding-right: 48px !important;padding-bottom: 24px !important;padding-left: 48px !important;background-color: #F2F2F2 !important;border-radius: 10px !important;}&#8221;][vc_column_text css=&#8221;&#8221;]<\/p>\n<h2 class=\"ms-outlook-mobile-reference-message skipProofing\" dir=\"ltr\"><span style=\"font-size: 24pt;\">Somos especialistas en la impresi\u00f3n de envases.<\/span><\/h2>\n<p>[\/vc_column_text][vc_column_text css=&#8221;&#8221;]Como imprenta con amplia experiencia en el sector del embalaje, le ofrecemos soluciones a medida para satisfacer las m\u00e1s altas exigencias. Desde embalajes con cremallera y encajables hasta cajas plegables encoladas con fondo autom\u00e1tico o encajable, pasando por cortes individuales: imprimimos y confeccionamos con precisi\u00f3n. Tambi\u00e9n realizamos tiradas m\u00e1s peque\u00f1as de forma fiable y econ\u00f3mica.<\/p>\n<p>Procesamos materiales de hasta 1 mm de grosor, que pueden imprimirse y acabarse por una o por ambas caras. De este modo, cubrimos una amplia gama de requisitos de embalaje, desde embalajes secundarios ligeros hasta soluciones premium estables.<\/p>\n<p>Nuestra producci\u00f3n est\u00e1 dise\u00f1ada para ofrecer la m\u00e1xima seguridad en los procesos. Gracias a los m\u00e1s modernos sistemas de control de hojas en la troqueladora, se realiza un control de calidad al 100 % de ambos lados de cada hoja, lo que garantiza la m\u00e1xima precisi\u00f3n, un registro perfecto y resultados sin errores.<\/p>\n<p>Nuestros envases son adecuados para una amplia variedad de sectores, desde el tabaco hasta los alimentos, pasando por los cosm\u00e9ticos y los productos no alimentarios. Gracias a la tecnolog\u00eda m\u00e1s moderna de impresi\u00f3n, troquelado y encolado, garantizamos la m\u00e1xima precisi\u00f3n de ajuste y un acabado perfecto, incluso en dise\u00f1os exigentes. Con la ayuda de nuestra m\u00e1quina encoladora Hot-Melt especializada, tambi\u00e9n podemos colocar muestras de productos complejos o art\u00edculos adjuntos de forma segura y precisa fuera del embalaje, para promociones o pruebas que llamen la atenci\u00f3n.[\/vc_column_text]<div class=\"button-container  vc_custom_1770720599616 tal\"><a href=\"https:\/\/www.bastiandruck.de\/es\/contacto\/\" class=\"button-style2\" target=\"_self\">Contacto<\/a><\/div>\r\n        <div class=\"icon-box icon-box-6a047a39d8c13 icon-box-style1 tal  vc_custom_1770718367874\">\r\n                            <div class=\"icon basic-ui-elements-printer\"><\/div>\r\n                            <h4 class=\"heading\">Un acabado que entusiasma<\/h4>\r\n                            <div class=\"desc\">Todos los productos de embalaje pueden refinarse con barnices y efectos de alta calidad. Ya se trate de barnices de dispersi\u00f3n, soft touch, combinaciones mate-brillante o barnices perfumados, creamos detalles \u00f3pticos y t\u00e1ctiles que hacen que las marcas sean inconfundibles.<\/p>\n<p>Prestamos especial atenci\u00f3n a nuestra tecnolog\u00eda de bronceado, que permite obtener elegantes efectos met\u00e1licos y, al mismo tiempo, es respetuosa con el medio ambiente. A diferencia de la l\u00e1mina caliente cl\u00e1sica, no se generan soportes de pl\u00e1stico ni residuos de l\u00e1mina. Los pigmentos met\u00e1licos son totalmente reciclables, lo que mejora el balance ecol\u00f3gico y reduce los costes, lo que supone una ventaja para la sostenibilidad y la rentabilidad.<\/p>\n<p>Adem\u00e1s, ofrecemos estampados en l\u00e1mina caliente con los que se pueden crear efectos met\u00e1licos en oro, plata o tonos de color personalizados. El estampado en seco permite resaltar elementos de dise\u00f1o individuales, lo que resulta ideal para logotipos, letras o elementos estructurales. La combinaci\u00f3n de l\u00e1mina en caliente o bronce y estampado crea impresionantes efectos 3D en los que la luz y el material interact\u00faan con una profundidad especial, lo que supone una declaraci\u00f3n de calidad superior en el punto de venta.<\/div>\r\n                    <\/div>\r\n        \r\n        [\/vc_column][\/vc_row][vc_row css=&#8221;.vc_custom_1765448694314{margin-top: 80px !important;margin-bottom: 20px !important;}&#8221;][vc_column width=&#8221;1\/2&#8243;]\r\n        <div class=\"icon-box icon-box-6a047a39d8c8b icon-box-style1 tal\">\r\n                            <div class=\"icon base-icons-heart\"><\/div>\r\n                            <h4 class=\"heading\">La sostenibilidad se une a la innovaci\u00f3n<\/h4>\r\n                            <div class=\"desc\">Nuestra producci\u00f3n es sin\u00f3nimo de eficiencia, conciencia medioambiental y precisi\u00f3n t\u00e9cnica. Trabajamos con tintas sin disolventes, procesos optimizados energ\u00e9ticamente y materiales reciclables. Muchas de nuestras combinaciones de papel y barniz son totalmente reciclables y ofrecen resultados duraderos.<br \/>\nEl resultado son soluciones de embalaje sostenibles que convencen por su est\u00e9tica, funcionalidad y respeto por el medio ambiente.<\/div>\r\n                    <\/div>\r\n        \r\n        [\/vc_column][vc_column width=&#8221;1\/2&#8243;]\r\n        <div class=\"icon-box icon-box-6a047a39d8ce2 icon-box-style1 tal\">\r\n                            <div class=\"icon base-icons-like\"><\/div>\r\n                            <h4 class=\"heading\">Su socio de confianza para la impresi\u00f3n de envases<\/h4>\r\n                            <div class=\"desc\">Con nuestros profundos conocimientos, la tecnolog\u00eda m\u00e1s moderna y una clara visi\u00f3n de la calidad, le ayudamos a realizar sus proyectos de embalaje, desde el asesoramiento sobre materiales y el dise\u00f1o hasta la producci\u00f3n en serie.<br \/>\nYa se trate de cajas plegables, embalajes enrollables, embalajes encajables o recortes, garantizamos un procesamiento preciso, la fiabilidad de las entregas y un impacto de marca perfecto.<\/div>\r\n                    <\/div>\r\n        \r\n        [\/vc_column][\/vc_row][vc_row css=&#8221;.vc_custom_1765448701471{margin-bottom: 80px !important;}&#8221;][vc_column]<div class=\"pt-special-heading pt-special-heading-5bf401ae270da  wpb_animate_when_almost_visible wpb_fadeInLeft fadeInLeft tac  vc_custom_1770718416716\"><div class=\"sub-h decor-h\"><span>Nuestro trabajo<\/span><\/div><h2 class=\"heading\"><i>Realizado con <span>amor<\/span><\/i><\/h2><\/div>[vc_gallery type=&#8221;image_grid&#8221; images=&#8221;1930,1931,1932&#8243; img_size=&#8221;large&#8221; css=&#8221;.vc_custom_1762247381295{margin-bottom: 0px !important;}&#8221;][\/vc_column][\/vc_row]<\/p>\n<\/div>","protected":false},"excerpt":{"rendered":"<p>[vc_row full_width=&#8221;stretch_row_content_no_spaces&#8221;][vc_column][\/vc_column][\/vc_row][vc_row css=&#8221;.vc_custom_1761301326054{margin-top: 80px !important;}&#8221; el_class=&#8221;greybox&#8221;][vc_column css=&#8221;.vc_custom_1761301278586{padding-top: 24px !important;padding-right: 48px !important;padding-bottom: 24px !important;padding-left: 48px !important;background-color: #F2F2F2 !important;border-radius: 10px !important;}&#8221;][vc_column_text css=&#8221;&#8221;] Somos especialistas en la impresi\u00f3n de envases. [\/vc_column_text][vc_column_text css=&#8221;&#8221;]Como imprenta con amplia experiencia en el sector del embalaje, le ofrecemos soluciones a medida para satisfacer las m\u00e1s altas exigencias. Desde embalajes con cremallera y encajables [&hellip;]<\/p>\n","protected":false},"author":2,"featured_media":0,"parent":0,"menu_order":0,"comment_status":"closed","ping_status":"closed","template":"template-landing.php","meta":{"_acf_changed":false,"footnotes":""},"class_list":["post-2045","page","type-page","status-publish","hentry"],"acf":[],"_links":{"self":[{"href":"https:\/\/www.bastiandruck.de\/es\/wp-json\/wp\/v2\/pages\/2045","targetHints":{"allow":["GET"]}}],"collection":[{"href":"https:\/\/www.bastiandruck.de\/es\/wp-json\/wp\/v2\/pages"}],"about":[{"href":"https:\/\/www.bastiandruck.de\/es\/wp-json\/wp\/v2\/types\/page"}],"author":[{"embeddable":true,"href":"https:\/\/www.bastiandruck.de\/es\/wp-json\/wp\/v2\/users\/2"}],"replies":[{"embeddable":true,"href":"https:\/\/www.bastiandruck.de\/es\/wp-json\/wp\/v2\/comments?post=2045"}],"version-history":[{"count":5,"href":"https:\/\/www.bastiandruck.de\/es\/wp-json\/wp\/v2\/pages\/2045\/revisions"}],"predecessor-version":[{"id":2223,"href":"https:\/\/www.bastiandruck.de\/es\/wp-json\/wp\/v2\/pages\/2045\/revisions\/2223"}],"wp:attachment":[{"href":"https:\/\/www.bastiandruck.de\/es\/wp-json\/wp\/v2\/media?parent=2045"}],"curies":[{"name":"wp","href":"https:\/\/api.w.org\/{rel}","templated":true}]}}