{"id":2052,"date":"2025-10-23T16:34:19","date_gmt":"2025-10-23T14:34:19","guid":{"rendered":"https:\/\/www.bastiandruck.de\/zertifizierungen\/"},"modified":"2026-02-10T11:49:34","modified_gmt":"2026-02-10T10:49:34","slug":"certificaciones","status":"publish","type":"page","link":"https:\/\/www.bastiandruck.de\/es\/certificaciones\/","title":{"rendered":"Certificaciones"},"content":{"rendered":"<div class=\"wpb-content-wrapper\"><p>[vc_row full_width=&#8221;stretch_row_content_no_spaces&#8221;][vc_column]<div class=\"banner-area banner-5bf3ec817cf7c autoplay-true social-buttons-align-right\"><div class=\"banner-bottom\"><div class=\"container\"><div class=\"banner-counter\"><\/div><div class=\"owl-nav\"><\/div><\/div><\/div><div class=\"banner  fixed-height style2\" style=\"height: 610px;\"><div class=\"item banner-item-6a047bdedcdd3 middle tal white\" style=\"background-image: url(https:\/\/www.bastiandruck.de\/wp-content\/uploads\/2025\/10\/Zertifizierungen-Bastian-Druck.jpg);\"><div class=\"overlay\"><\/div><div class=\"container\"><div class=\"cell\"><div class=\"sub-h decor-h dec-line-t-l\"><span>Calidad certificada y protecci\u00f3n del medio ambiente<\/span><\/div><div class=\"h\"><\/p>\n<h1>Nuestras certificaciones<\/h1>\n<p><\/div><\/div><\/div><\/div><\/div><\/div>[\/vc_column][\/vc_row][vc_row equal_height=&#8221;yes&#8221; content_placement=&#8221;middle&#8221; css=&#8221;.vc_custom_1542716954316{padding-top: 30px !important;}&#8221;][vc_column css_animation=&#8221;fadeInLeft&#8221;]        \r\n        <div class=\"tabs tabs-horizontal tabs-6a047bdedd7a0 style2\">\r\n            <div class=\"tabs-head\">\r\n                <div class=\"wrap\">\r\n                                            <div class=\"item\">Certificaci\u00f3n PSO<\/div>\r\n                                            <div class=\"item\">Certificaci\u00f3n FSC\u00ae<\/div>\r\n                                            <div class=\"item\">Certificaci\u00f3n DPG<\/div>\r\n                                            <div class=\"item\">Medio ambiente<\/div>\r\n                                    <\/div>\r\n            <\/div>\r\n            <div class=\"tabs-body\"><div class=\"tab-content\"><div class=\"pt-special-heading pt-special-heading-5bf3ed9cbf1ca  tal\"><h3 class=\"heading\"><i>Certificaci\u00f3n PSO:<br \/>\n<span>calidad seg\u00fan la norma<\/span>, su ventaja en la pr\u00e1ctica<\/i><\/h3><\/div>[vc_column_text css=&#8221;&#8221;]El ProcessStandard Offsetdruck (PSO), oficialmente ISO 12647-2, es la norma reconocida internacionalmente para la producci\u00f3n industrial de impresi\u00f3n. Desarrollado por las asociaciones de la industria de la impresi\u00f3n y los medios de comunicaci\u00f3n en colaboraci\u00f3n con los institutos de investigaci\u00f3n Fogra y UGRA, el PSO garantiza los m\u00e1s altos est\u00e1ndares de calidad a lo largo de toda la cadena de producci\u00f3n.<\/p>\n<p>\u00bfQu\u00e9 significa PSO para usted?<\/p>\n<p>Con los medios de prueba y los m\u00e9todos de control adecuados, supervisamos, controlamos y verificamos cada paso de la producci\u00f3n, desde la recopilaci\u00f3n de datos hasta el producto impreso final. El resultado: calidad de color predecible, procesos eficientes y resultados medibles.<\/p>\n<p>\u00a1La calidad se vuelve medible, verificable y demostrable!<\/p>\n<p>Sus ventajas de un vistazo:<\/p>\n<p>\u2713 Cumplimiento de plazos: plazos de entrega fiables gracias a procesos optimizados.<\/p>\n<p>\u2713 Garant\u00eda de calidad: est\u00e1ndares elevados y constantes en cada pedido.<\/p>\n<p>\u2713 Repetibilidad: resultados id\u00e9nticos garantizados en reimpresiones.<\/p>\n<p>\u2713 Consistencia del color: reproducci\u00f3n uniforme del color en todos los productos impresos.<\/p>\n<p>\u2713 Ahorro de tiempo: menos esfuerzo de coordinaci\u00f3n y menos correcciones.<\/p>\n<p>\u2713 M\u00e1s libertad: usted se concentra en su actividad principal y nosotros en la calidad.[\/vc_column_text][vc_single_image image=&#8221;2065&#8243; img_size=&#8221;medium&#8221; css=&#8221;&#8221;]<\/div><div class=\"tab-content\"><div class=\"pt-special-heading pt-special-heading-6a047bdeddbcb  tal\"><h3 class=\"heading\"><i>Certificaci\u00f3n FSC\u00ae:<br \/>\n<span>gesti\u00f3n forestal responsable<\/span> para las personas y la naturaleza<\/i><\/h3><\/div>[vc_column_text css=&#8221;&#8221;]El Forest Stewardship Council\u00ae (FSC\u00ae) es sin\u00f3nimo de gesti\u00f3n forestal responsable seg\u00fan los m\u00e1s altos est\u00e1ndares ecol\u00f3gicos y sociales. Como imprenta con certificaci\u00f3n FSC\u00ae, garantizamos la trazabilidad completa desde el bosque hasta el producto impreso final.<\/p>\n<p>Recomendaci\u00f3n para papeles sostenibles<\/p>\n<p>Recomendamos principalmente papeles reciclados con la etiqueta ecol\u00f3gica \u00abBlauer Engel\u00bb (\u00c1ngel Azul). Para requisitos especialmente exigentes, ofrecemos papeles con certificaci\u00f3n FSC\u00ae, que combinan una excelente calidad y blancura con la responsabilidad ecol\u00f3gica.<\/p>\n<p><strong><span style=\"font-size: 14pt;\">Resumen de los est\u00e1ndares FSC\u00ae:<\/span><\/strong><\/p>\n<p>\u2713 Protecci\u00f3n de los bosques naturales: no se certifica ninguna plantaci\u00f3n procedente de bosques naturales transformados.<\/p>\n<p>\u2713 Biodiversidad: conservaci\u00f3n y fomento de los relictos forestales naturales existentes.<\/p>\n<p>\u2713 Sin ingenier\u00eda gen\u00e9tica: no se utilizan organismos modificados gen\u00e9ticamente.<\/p>\n<p>\u2713 Sin pesticidas: se renuncia al uso de pesticidas peligrosos.<\/p>\n<p>\u2713 Gesti\u00f3n natural: fomento de la gesti\u00f3n forestal natural.<\/p>\n<p>\u2713 Protecci\u00f3n del suelo y el agua: minimizaci\u00f3n de los impactos ambientales negativos.<\/p>\n<p>\u2713 Protecci\u00f3n mediante el uso: FSC\u00ae garantiza la conservaci\u00f3n de los bosques a largo plazo.<\/p>\n<p><strong><span style=\"font-size: 14pt;\">Responsabilidad social en todo el mundo<\/span><\/strong><\/p>\n<p>El Ministerio Federal de Cooperaci\u00f3n Econ\u00f3mica y Desarrollo (BMZ) y la Sociedad Alemana de Cooperaci\u00f3n T\u00e9cnica (GTZ) lo confirman: FSC\u00ae inicia procesos democr\u00e1ticos en los pa\u00edses en desarrollo y promueve condiciones de trabajo justas.[\/vc_column_text][vc_single_image image=&#8221;2067&#8243; img_size=&#8221;full&#8221; css=&#8221;&#8221;]<\/div><div class=\"tab-content\"><div class=\"pt-special-heading pt-special-heading-6a047bdeddc5f  tal\"><h3 class=\"heading\"><i>Certificaci\u00f3n DPG:<br \/>\n<span>Seguridad de procesos certificada<\/span> - Calidad documentada para las m\u00e1s altas exigencias<\/i><\/h3><\/div>[vc_column_text css=&#8221;&#8221;]Este certificado confirma que nuestra empresa ha superado con \u00e9xito la auditor\u00eda y la certificaci\u00f3n seg\u00fan las directrices actuales de Deutsche Pfandsystem GmbH. La certificaci\u00f3n de procesos de nivel 2 demuestra que nuestros procesos de producci\u00f3n cumplen con los est\u00e1ndares de calidad y seguridad exigidos y son controlados peri\u00f3dicamente por expertos independientes.<\/p>\n<p>De este modo, reafirmamos nuestro compromiso con unos procesos de trabajo transparentes, fiables y conformes con las normas, lo que constituye otro elemento importante para la alta calidad y trazabilidad de nuestros servicios de impresi\u00f3n y producci\u00f3n.[\/vc_column_text][vc_single_image image=&#8221;2068&#8243; img_size=&#8221;290&#215;405&#8243; css=&#8221;&#8221;]<\/div><div class=\"tab-content\"><div class=\"pt-special-heading pt-special-heading-6a047bdeddce7  tal\"><h3 class=\"heading\"><i><span>La sostenibilidad como leitmotiv:<\/span> nuestra contribuci\u00f3n para el futuro<\/i><\/h3><\/div>[vc_column_text css=&#8221;&#8221;]Productos impresos fabricados de forma ejemplar y producci\u00f3n sostenible de medios: no son solo palabras clave, sino una pr\u00e1ctica habitual en BASTIAN Druck. Nuestro enfoque sigue una prioridad clara:<\/p>\n<p><strong>1. Evitar \u2013 2. Reducir \u2013 3. Compensar<\/strong><\/p>\n<p>Producci\u00f3n integral = menos CO\u2082<\/p>\n<p>Nuestros procesos de producci\u00f3n integral, desde la preimpresi\u00f3n hasta el acabado, con un alto grado de refinamiento y procesamiento, cubren todas las \u00e1reas de valor a\u00f1adido en una sola ubicaci\u00f3n. El resultado: se evitan los desplazamientos de transporte y las emisiones de CO\u2082 asociadas.<\/p>\n<p><strong>Innovaci\u00f3n para reducir las emisiones<\/strong><\/p>\n<p>Tecnolog\u00eda de maquinaria moderna<\/p>\n<p>Gracias a las innovadoras m\u00e1quinas de impresi\u00f3n con un consumo energ\u00e9tico optimizado, reducimos las emisiones de CO\u2082 en un 30 % en comparaci\u00f3n con los modelos anteriores:<\/p>\n<p>\u2713 Dise\u00f1o aerodin\u00e1mico del puente de pinzas para reducir las turbulencias del aire<\/p>\n<p>\u2713 Distancia optimizada entre el secador y la hoja<\/p>\n<p>\u2713 Uso inteligente de aire de succi\u00f3n y soplado<\/p>\n<p>Tecnolog\u00eda de medici\u00f3n del color precisa<\/p>\n<p>Los innovadores sistemas de medici\u00f3n del color y el transporte seguro de las hojas reducen considerablemente los desperdicios: un menor consumo de papel significa menos CO\u2082, especialmente en el caso de los papeles de fibra virgen, que representan la mayor parte de las emisiones de CO\u2082 de un producto impreso.<\/p>\n<p><strong>Impresi\u00f3n sin alcohol: buena para las personas y el medio ambiente<\/strong><\/p>\n<p>El uso de alcohol isoprop\u00edlico (IPA) en el sistema de humectaci\u00f3n libera CO\u2082 durante su degradaci\u00f3n y es perjudicial para la salud. En BASTIAN hemos actuado de forma consecuente:<\/p>\n<p><strong>\u00a1De un promedio del 10 % de IPA al 0 %!<\/strong><\/p>\n<p>Tras una fase inicial con solo un 3 %, hoy en d\u00eda prescindimos por completo del alcohol en el l\u00edquido de humectaci\u00f3n, lo que supone un paso m\u00e1s en nuestro concepto ecol\u00f3gico en beneficio de las personas y el medio ambiente.<\/p>\n<p>Reducci\u00f3n de productos qu\u00edmicos en la exposici\u00f3n de planchas de impresi\u00f3n.<\/p>\n<p>Gracias a la tecnolog\u00eda moderna, hemos podido reducir dr\u00e1sticamente los productos qu\u00edmicos utilizados en la exposici\u00f3n de planchas de impresi\u00f3n:<\/p>\n<p>de 18 000 litros a 1300 litros al a\u00f1o, \u00a1una reducci\u00f3n de m\u00e1s del 92,7 %!<\/p>\n<p><strong>100 % de energ\u00eda renovable desde 2017<\/strong><\/p>\n<p>Desde principios de 2017, toda la energ\u00eda que consumen nuestras m\u00e1quinas procede de fuentes 100 % renovables. De este modo, contribuimos de forma cuantificable a mejorar el balance ecol\u00f3gico, \u00a1tambi\u00e9n para su empresa![\/vc_column_text][vc_single_image image=&#8221;2066&#8243; img_size=&#8221;full&#8221; css=&#8221;&#8221;]<\/div><\/div>\r\n        <\/div>\r\n        \r\n        [\/vc_column][\/vc_row][vc_row css=&#8221;.vc_custom_1759595249926{margin-top: 80px !important;}&#8221;][vc_column css=&#8221;.vc_custom_1762247363758{margin-bottom: 75px !important;padding-top: 24px !important;padding-right: 48px !important;padding-bottom: 24px !important;padding-left: 48px !important;background-color: #F2F2F2 !important;border-radius: 10px !important;}&#8221;][vc_column_text css=&#8221;&#8221;]<\/p>\n<h2><span style=\"font-size: 24pt;\">Somos m\u00e1s que simples expertos en impresi\u00f3n<\/span><\/h2>\n<p>[\/vc_column_text][vc_column_text css=&#8221;&#8221;]Desde hace m\u00e1s de 100 a\u00f1os combinamos la precisi\u00f3n artesanal con la tecnolog\u00eda m\u00e1s moderna y unos valores claros. Como empresa familiar dirigida por sus propietarios, somos sin\u00f3nimo de calidad, fiabilidad y pensamiento sostenible, d\u00eda tras d\u00eda, en cada producto impreso.<\/p>\n<p>Pero lo que realmente nos caracteriza son las personas que hay detr\u00e1s de las m\u00e1quinas: profesionales comprometidos, pensadores innovadores y expertos en impresi\u00f3n con experiencia que trabajan con pasi\u00f3n en cada detalle.<\/p>\n<p>Descubra m\u00e1s sobre nuestra historia, nuestra motivaci\u00f3n y lo que nos impulsa a dar siempre lo mejor a nuestros clientes.[\/vc_column_text]<div class=\"button-container  vc_custom_1770720567277 tal\"><a href=\"https:\/\/www.bastiandruck.de\/es\/nuestra-empresa\/\" class=\"button-style2\" target=\"_self\">M\u00e1s informaci\u00f3n sobre Bastian Druck<\/a><\/div>[\/vc_column][\/vc_row]<\/p>\n<\/div>","protected":false},"excerpt":{"rendered":"<p>[vc_row full_width=&#8221;stretch_row_content_no_spaces&#8221;][vc_column][\/vc_column][\/vc_row][vc_row equal_height=&#8221;yes&#8221; content_placement=&#8221;middle&#8221; css=&#8221;.vc_custom_1542716954316{padding-top: 30px !important;}&#8221;][vc_column css_animation=&#8221;fadeInLeft&#8221;][\/vc_column][\/vc_row][vc_row css=&#8221;.vc_custom_1759595249926{margin-top: 80px !important;}&#8221;][vc_column css=&#8221;.vc_custom_1762247363758{margin-bottom: 75px !important;padding-top: 24px !important;padding-right: 48px !important;padding-bottom: 24px !important;padding-left: 48px !important;background-color: #F2F2F2 !important;border-radius: 10px !important;}&#8221;][vc_column_text css=&#8221;&#8221;] Somos m\u00e1s que simples expertos en impresi\u00f3n [\/vc_column_text][vc_column_text css=&#8221;&#8221;]Desde hace m\u00e1s de 100 a\u00f1os combinamos la precisi\u00f3n artesanal con la tecnolog\u00eda m\u00e1s moderna y unos valores claros. Como [&hellip;]<\/p>\n","protected":false},"author":2,"featured_media":0,"parent":0,"menu_order":0,"comment_status":"closed","ping_status":"closed","template":"template-landing.php","meta":{"_acf_changed":false,"footnotes":""},"class_list":["post-2052","page","type-page","status-publish","hentry"],"acf":[],"_links":{"self":[{"href":"https:\/\/www.bastiandruck.de\/es\/wp-json\/wp\/v2\/pages\/2052","targetHints":{"allow":["GET"]}}],"collection":[{"href":"https:\/\/www.bastiandruck.de\/es\/wp-json\/wp\/v2\/pages"}],"about":[{"href":"https:\/\/www.bastiandruck.de\/es\/wp-json\/wp\/v2\/types\/page"}],"author":[{"embeddable":true,"href":"https:\/\/www.bastiandruck.de\/es\/wp-json\/wp\/v2\/users\/2"}],"replies":[{"embeddable":true,"href":"https:\/\/www.bastiandruck.de\/es\/wp-json\/wp\/v2\/comments?post=2052"}],"version-history":[{"count":7,"href":"https:\/\/www.bastiandruck.de\/es\/wp-json\/wp\/v2\/pages\/2052\/revisions"}],"predecessor-version":[{"id":2222,"href":"https:\/\/www.bastiandruck.de\/es\/wp-json\/wp\/v2\/pages\/2052\/revisions\/2222"}],"wp:attachment":[{"href":"https:\/\/www.bastiandruck.de\/es\/wp-json\/wp\/v2\/media?parent=2052"}],"curies":[{"name":"wp","href":"https:\/\/api.w.org\/{rel}","templated":true}]}}