{"id":1920,"date":"2025-11-18T14:32:01","date_gmt":"2025-11-18T13:32:01","guid":{"rendered":"https:\/\/www.bastiandruck.de\/akzidenzen\/"},"modified":"2026-02-09T16:40:17","modified_gmt":"2026-02-09T15:40:17","slug":"travaux-de-ville","status":"publish","type":"page","link":"https:\/\/www.bastiandruck.de\/fr\/travaux-de-ville\/","title":{"rendered":"Travaux de ville (Akzidenzen)"},"content":{"rendered":"<div class=\"wpb-content-wrapper\"><p>[vc_row full_width=&#8221;stretch_row_content_no_spaces&#8221;][vc_column]<div class=\"banner-area banner-5bf3ec817cf7c autoplay-true social-buttons-align-right\"><div class=\"banner-bottom\"><div class=\"container\"><div class=\"banner-counter\"><\/div><div class=\"owl-nav\"><\/div><\/div><\/div><div class=\"banner  fixed-height style2\" style=\"height: 610px;\"><div class=\"item banner-item-6a01e67f48938 middle tal white\" style=\"background-image: url(https:\/\/www.bastiandruck.de\/wp-content\/uploads\/2025\/08\/ChatGPT-Image-29.-Aug.-2025-16_50_26.png);\"><div class=\"overlay\"><\/div><div class=\"container\"><div class=\"cell\"><div class=\"sub-h decor-h dec-line-t-l\"><span>Nous sommes votre partenaire pour l'impression de travaux de ville.<\/span><\/div><div class=\"h\"><\/p>\n<h1>Une impression parfaite pour les travaux de ville \u2013 une expertise qui convainc<\/h1>\n<p><\/div><\/div><\/div><\/div><\/div><\/div>[\/vc_column][\/vc_row][vc_row css=&#8221;.vc_custom_1761301326054{margin-top: 80px !important;}&#8221; el_class=&#8221;greybox&#8221;][vc_column css=&#8221;.vc_custom_1761301278586{padding-top: 24px !important;padding-right: 48px !important;padding-bottom: 24px !important;padding-left: 48px !important;background-color: #F2F2F2 !important;border-radius: 10px !important;}&#8221;][vc_column_text css=&#8221;&#8221;]<\/p>\n<h2 class=\"ms-outlook-mobile-reference-message skipProofing\" dir=\"ltr\"><span style=\"font-size: 24pt;\">Nous sommes sp\u00e9cialis\u00e9s dans l&#8217;impression de travaux commerciaux<\/span><\/h2>\n<p>[\/vc_column_text][vc_column_text css=&#8221;&#8221;]En tant qu&#8217;imprimerie exp\u00e9riment\u00e9e dans le domaine des travaux de ville, nous vous proposons des solutions sur mesure pour des produits imprim\u00e9s exigeants. Des produits \u00e0 plat aux brochures et catalogues \u2013 agraf\u00e9s, coll\u00e9s, avec ou sans pages d\u00e9pliantes \u2013 en passant par les encarts et les flyers d\u00e9coup\u00e9s \u00e0 l&#8217;emporte-pi\u00e8ce : nous imprimons et confectionnons avec la plus grande pr\u00e9cision.<\/p>\n<p>Nos \u00e9quipements modernes nous permettent de r\u00e9aliser des formats individuels, des d\u00e9coupes sp\u00e9ciales et des pliages, selon vos sp\u00e9cifications. Vous b\u00e9n\u00e9ficiez ainsi d&#8217;une qualit\u00e9 \u00e9lev\u00e9e et constante, qu&#8217;il s&#8217;agisse de petits tirages ou de productions en s\u00e9rie \u00e0 grand volume.<\/p>\n<p>Gr\u00e2ce \u00e0 des d\u00e9cennies d&#8217;exp\u00e9rience dans l&#8217;impression de supports publicitaires et de PLV, nous savons ce qui compte : le respect des d\u00e9lais, la fiabilit\u00e9 et une logistique sans faille. Sur demande, nous nous chargeons \u00e9galement de l&#8217;exp\u00e9dition de vos supports PLV sp\u00e9cifiques \u00e0 chaque succursale, de mani\u00e8re ponctuelle, s\u00fbre et structur\u00e9e.[\/vc_column_text]<div class=\"button-container  vc_custom_1770651436063 tal\"><a href=\"https:\/\/www.bastiandruck.de\/fr\/contact\/\" class=\"button-style2\" target=\"_self\">Contact<\/a><\/div>\r\n        <div class=\"icon-box icon-box-6a01e67f49503 icon-box-style1 tal  vc_custom_1770651544922\">\r\n                            <div class=\"icon basic-ui-elements-printer\"><\/div>\r\n                            <h4 class=\"heading\">Une finition qui s\u00e9duit<\/h4>\r\n                            <div class=\"desc\">Tous les travaux de ville peuvent \u00eatre embellis avec des vernis et des effets haut de gamme. Qu'il s'agisse de vernis \u00e0 dispersion, soft touch, combinaisons mat-brillant ou vernis parfum\u00e9s, nous faisons de vos produits imprim\u00e9s de v\u00e9ritables ambassadeurs de votre marque.<\/p>\n<p>Une couverture embellie garantit une premi\u00e8re impression d\u00e9cisive, en particulier pour les brochures, les catalogues et les mailings haut de gamme. Notre technologie de bronzage conf\u00e8re \u00e0 vos produits un aspect m\u00e9tallique raffin\u00e9, sans support plastique ni d\u00e9chets de film r\u00e9siduels. Les pigments m\u00e9talliques utilis\u00e9s sont enti\u00e8rement recyclables, ce qui est un plus pour l'environnement et la rentabilit\u00e9.<\/p>\n<p>Nous proposons \u00e9galement des gaufrages \u00e0 chaud en or, argent ou dans des teintes personnalis\u00e9es, ainsi que des gaufrages partiels en relief qui permettent de mettre en valeur certains \u00e9l\u00e9ments de conception. La combinaison du gaufrage et du gaufrage \u00e0 chaud cr\u00e9e des effets 3D impressionnants, convaincants tant sur le plan visuel que tactile, id\u00e9aux pour les couvertures, les pages de titre ou les brochures d'image haut de gamme.<\/div>\r\n                    <\/div>\r\n        \r\n        [\/vc_column][\/vc_row][vc_row css=&#8221;.vc_custom_1765448762550{margin-top: 80px !important;margin-bottom: 20px !important;}&#8221;][vc_column width=&#8221;1\/2&#8243;]\r\n        <div class=\"icon-box icon-box-6a01e67f49595 icon-box-style1 tal\">\r\n                            <div class=\"icon base-icons-heart\"><\/div>\r\n                            <h4 class=\"heading\">Quand durabilit\u00e9 rime avec innovation<\/h4>\r\n                            <div class=\"desc\">Notre production allie efficacit\u00e9 et responsabilit\u00e9. Nous travaillons avec des encres sans solvants, des processus \u00e9co\u00e9nerg\u00e9tiques et des mat\u00e9riaux recyclables. Nous obtenons ainsi des produits imprim\u00e9s durables qui r\u00e9pondent aux normes de qualit\u00e9 les plus \u00e9lev\u00e9es tout en pr\u00e9servant les ressources.<br \/>\nCar la durabilit\u00e9 et l'impact de la marque ne s'excluent pas mutuellement, ils se renforcent au contraire.<\/div>\r\n                    <\/div>\r\n        \r\n        [\/vc_column][vc_column width=&#8221;1\/2&#8243;]\r\n        <div class=\"icon-box icon-box-6a01e67f49602 icon-box-style1 tal\">\r\n                            <div class=\"icon base-icons-like\"><\/div>\r\n                            <h4 class=\"heading\">Votre partenaire solide pour l'impression commerciale<\/h4>\r\n                            <div class=\"desc\">Gr\u00e2ce \u00e0 notre savoir-faire technique, \u00e0 nos techniques d'impression ultramodernes et \u00e0 notre sens aigu de l'esth\u00e9tique des marques, nous vous accompagnons de l'id\u00e9e \u00e0 la livraison. Qu'il s'agisse de brochures, de catalogues, de flyers ou de mat\u00e9riel PLV, nous garantissons une pr\u00e9cision maximale, un respect des d\u00e9lais de livraison et une pr\u00e9sentation attrayante.<\/div>\r\n                    <\/div>\r\n        \r\n        [\/vc_column][\/vc_row][vc_row css=&#8221;.vc_custom_1765448771431{margin-bottom: 80px !important;}&#8221;][vc_column]<div class=\"pt-special-heading pt-special-heading-5bf401ae270da  wpb_animate_when_almost_visible wpb_fadeInLeft fadeInLeft tac  vc_custom_1770651592760\"><div class=\"sub-h decor-h\"><span>Notre travail<\/span><\/div><h2 class=\"heading\"><i>R\u00e9alis\u00e9 avec <span>amour<\/span><\/i><\/h2><\/div>[vc_gallery type=&#8221;image_grid&#8221; images=&#8221;1924,1925,1926&#8243; img_size=&#8221;large&#8221; css=&#8221;.vc_custom_1762247381295{margin-bottom: 0px !important;}&#8221;][\/vc_column][\/vc_row]<\/p>\n<\/div>","protected":false},"excerpt":{"rendered":"<p>[vc_row full_width=&#8221;stretch_row_content_no_spaces&#8221;][vc_column][\/vc_column][\/vc_row][vc_row css=&#8221;.vc_custom_1761301326054{margin-top: 80px !important;}&#8221; el_class=&#8221;greybox&#8221;][vc_column css=&#8221;.vc_custom_1761301278586{padding-top: 24px !important;padding-right: 48px !important;padding-bottom: 24px !important;padding-left: 48px !important;background-color: #F2F2F2 !important;border-radius: 10px !important;}&#8221;][vc_column_text css=&#8221;&#8221;] Nous sommes sp\u00e9cialis\u00e9s dans l&#8217;impression de travaux commerciaux [\/vc_column_text][vc_column_text css=&#8221;&#8221;]En tant qu&#8217;imprimerie exp\u00e9riment\u00e9e dans le domaine des travaux de ville, nous vous proposons des solutions sur mesure pour des produits imprim\u00e9s exigeants. Des produits \u00e0 [&hellip;]<\/p>\n","protected":false},"author":2,"featured_media":0,"parent":0,"menu_order":0,"comment_status":"closed","ping_status":"closed","template":"template-landing.php","meta":{"_acf_changed":false,"footnotes":""},"class_list":["post-1920","page","type-page","status-publish","hentry"],"acf":[],"_links":{"self":[{"href":"https:\/\/www.bastiandruck.de\/fr\/wp-json\/wp\/v2\/pages\/1920","targetHints":{"allow":["GET"]}}],"collection":[{"href":"https:\/\/www.bastiandruck.de\/fr\/wp-json\/wp\/v2\/pages"}],"about":[{"href":"https:\/\/www.bastiandruck.de\/fr\/wp-json\/wp\/v2\/types\/page"}],"author":[{"embeddable":true,"href":"https:\/\/www.bastiandruck.de\/fr\/wp-json\/wp\/v2\/users\/2"}],"replies":[{"embeddable":true,"href":"https:\/\/www.bastiandruck.de\/fr\/wp-json\/wp\/v2\/comments?post=1920"}],"version-history":[{"count":9,"href":"https:\/\/www.bastiandruck.de\/fr\/wp-json\/wp\/v2\/pages\/1920\/revisions"}],"predecessor-version":[{"id":2183,"href":"https:\/\/www.bastiandruck.de\/fr\/wp-json\/wp\/v2\/pages\/1920\/revisions\/2183"}],"wp:attachment":[{"href":"https:\/\/www.bastiandruck.de\/fr\/wp-json\/wp\/v2\/media?parent=1920"}],"curies":[{"name":"wp","href":"https:\/\/api.w.org\/{rel}","templated":true}]}}