{"id":1942,"date":"2025-12-01T15:50:46","date_gmt":"2025-12-01T14:50:46","guid":{"rendered":"https:\/\/www.bastiandruck.de\/bronze\/"},"modified":"2026-02-09T16:33:15","modified_gmt":"2026-02-09T15:33:15","slug":"bronze","status":"publish","type":"page","link":"https:\/\/www.bastiandruck.de\/fr\/bronze\/","title":{"rendered":"Bronze"},"content":{"rendered":"<div class=\"wpb-content-wrapper\"><p>[vc_row full_width=&#8221;stretch_row_content_no_spaces&#8221;][vc_column]<div class=\"banner-area banner-5bf3ec817cf7c autoplay-true social-buttons-align-right\"><div class=\"banner-bottom\"><div class=\"container\"><div class=\"banner-counter\"><\/div><div class=\"owl-nav\"><\/div><\/div><\/div><div class=\"banner  fixed-height style2\" style=\"height: 610px;\"><div class=\"item banner-item-6a01d4dbf1718 middle tal white\" style=\"background-image: url(https:\/\/www.bastiandruck.de\/wp-content\/uploads\/2025\/12\/0F9A1129.jpg);\"><div class=\"overlay\"><\/div><div class=\"container\"><div class=\"cell\"><div class=\"sub-h decor-h dec-line-t-l\"><span>Nous sommes vos partenaires en mati\u00e8re de bronzage!<\/span><\/div><div class=\"h\"><\/p>\n<h1>Bronzage et finition \u2013 Une expertise qui convainc<\/h1>\n<p><\/div><\/div><\/div><\/div><\/div><\/div>[\/vc_column][\/vc_row][vc_row css=&#8221;.vc_custom_1761301326054{margin-top: 80px !important;}&#8221; el_class=&#8221;greybox&#8221;][vc_column css=&#8221;.vc_custom_1761301278586{padding-top: 24px !important;padding-right: 48px !important;padding-bottom: 24px !important;padding-left: 48px !important;background-color: #F2F2F2 !important;border-radius: 10px !important;}&#8221;][vc_column_text css=&#8221;&#8221;]<\/p>\n<h2 style=\"line-height: 24pt;\"><span style=\"font-size: clamp(18pt, 5vw, 24pt);\">Nous sommes sp\u00e9cialis\u00e9s dans le bronzage durable dans l&#8217;impression d&#8217;\u00e9tiquettes et d&#8217;emballages<\/span><\/h2>\n<p>[\/vc_column_text][vc_column_text css=&#8221;&#8221;]Le bronzage est l&#8217;une des techniques d&#8217;ennoblissement les plus anciennes et les plus efficaces, avec un \u00e9clat m\u00e9tallique unique qui se distingue nettement des encres m\u00e9talliques classiques. Il permet d&#8217;obtenir des effets dor\u00e9s, argent\u00e9s, bronze et nacr\u00e9s de grande qualit\u00e9, qui sont per\u00e7us de mani\u00e8re intense quel que soit l&#8217;angle de vue et qui valorisent visiblement les \u00e9tiquettes, les emballages et les travaux de ville.<\/p>\n<p>Contrairement au pelliculage \u00e0 chaud et \u00e0 froid, le bronzage ne n\u00e9cessite aucun support plastique. Les pigments m\u00e9talliques sont directement incorpor\u00e9s dans ou sur la couche d&#8217;encre, ce qui \u00e9vite les d\u00e9chets de film PET et les r\u00e9sidus de film, inh\u00e9rents au syst\u00e8me de gaufrage.<\/p>\n<p>En m\u00eame temps, le bronzage offre une grande flexibilit\u00e9 de conception : les pigments m\u00e9talliques peuvent \u00eatre formul\u00e9s dans presque toutes les nuances de couleurs, des tons classiques dor\u00e9s et argent\u00e9s aux couleurs m\u00e9talliques individuelles sp\u00e9cifiques \u00e0 une marque.[\/vc_column_text]<div class=\"button-container  vc_custom_1770651192296 tal\"><a href=\"https:\/\/www.bastiandruck.de\/fr\/contact\/\" class=\"button-style2\" target=\"_self\">Contact<\/a><\/div>\r\n        <div class=\"icon-box icon-box-6a01d4dbf2514 icon-box-style1 tal  vc_custom_1770644421866\">\r\n                            <div class=\"icon basic-ui-elements-printer\"><\/div>\r\n                            <h4 class=\"heading\">Un bronzage qui s\u00e9duit<\/h4>\r\n                            <div class=\"desc\">Le bronzage nous permet d'obtenir des effets m\u00e9talliques pr\u00e9cis et brillants pour les \u00e9tiquettes \u00e0 colle humide, les bo\u00eetes pliantes, les travaux de ville et les fournitures de bureau, en tant que finition autonome ou en combinaison avec des vernis et des gaufrages. Les pigments m\u00e9talliques sont appliqu\u00e9s de mani\u00e8re cibl\u00e9e sur des surfaces color\u00e9es pr\u00e9par\u00e9es \u00e0 cet effet et peuvent, si n\u00e9cessaire, \u00eatre recouverts d'un vernis protecteur afin d'augmenter encore leur r\u00e9sistance \u00e0 l'abrasion et leur durabilit\u00e9.<\/div>\r\n                    <\/div>\r\n        \r\n        [\/vc_column][\/vc_row][vc_row css=&#8221;.vc_custom_1765448658537{margin-top: 80px !important;margin-bottom: 20px !important;}&#8221;][vc_column width=&#8221;1\/2&#8243;]\r\n        <div class=\"icon-box icon-box-6a01d4dbf2578 icon-box-style1 tal\">\r\n                            <div class=\"icon base-icons-heart\"><\/div>\r\n                            <h4 class=\"heading\">Quand durabilit\u00e9 rime avec innovation<\/h4>\r\n                            <div class=\"desc\">L'un des principaux avantages du bronzage r\u00e9side dans l'absence de plastique : les pigments m\u00e9talliques sont g\u00e9n\u00e9ralement int\u00e9gr\u00e9s dans un syst\u00e8me d'encres fines et d\u00e9sencrables sur papier ou carton. Il n'y a pas de support microplastique, comme cela peut \u00eatre le cas avec les films plastiques ou les effets paillet\u00e9s classiques.<br \/>\nAlors que les vernis paillet\u00e9s UV sont souvent \u00e0 base de particules plastiques et de liants durcissant aux UV avec des photo-initiateurs \u2013 un segment qui fait l'objet d'une attention croissante de la part de la r\u00e9glementation europ\u00e9enne sur les microplastiques et des restrictions sur les paillettes \u2013, le bronzage utilise des pigments m\u00e9talliques sans particules plastiques. Les pigments m\u00e9talliques eux-m\u00eames sont enti\u00e8rement recyclables et des \u00e9tudes montrent que les encres d'impression pigment\u00e9es m\u00e9talliques n'entravent pas le traitement des fibres et la d\u00e9sencrage dans la cha\u00eene de recyclage du papier usag\u00e9 lorsqu'elles sont formul\u00e9es de mani\u00e8re appropri\u00e9e.<\/div>\r\n                    <\/div>\r\n        \r\n        [\/vc_column][vc_column width=&#8221;1\/2&#8243;]\r\n        <div class=\"icon-box icon-box-6a01d4dbf25e4 icon-box-style1 tal\">\r\n                            <div class=\"icon base-icons-like\"><\/div>\r\n                            <h4 class=\"heading\">Votre partenaire solide pour des effets m\u00e9talliques avec un meilleur bilan \u00e9cologique<\/h4>\r\n                            <div class=\"desc\">Avec le bronzage, nous vous proposons une alternative haut de gamme, esth\u00e9tique et respectueuse de l'environnement aux impressions classiques sur film et aux effets paillet\u00e9s UV.<\/p>\n<div>\n<div>\u2713 Pas de support en plastique, pas de d\u00e9chets de film<\/div>\n<div>\u2713 Pas de particules scintillantes \u00e0 base de microplastiques<\/div>\n<div>\u2713 Pigments m\u00e9talliques recyclables et syst\u00e8mes de couleurs d\u00e9sencrables<\/div>\n<div>\u2713 Teintes m\u00e9talliques personnalis\u00e9es adapt\u00e9es \u00e0 votre marque<\/div>\n<div>\u2713 Peut \u00eatre combin\u00e9 avec des vernis, des gaufrages \u00e0 froid et des films \u00e0 chaud pour des effets 3D<\/div>\n<\/div>\n<p>Il en r\u00e9sulte des finitions haut de gamme qui s\u00e9duisent sur le point de vente tout en r\u00e9pondant aux exigences croissantes en mati\u00e8re de durabilit\u00e9, de recyclabilit\u00e9 et de pr\u00e9servation des ressources.<\/div>\r\n                    <\/div>\r\n        \r\n        [\/vc_column][\/vc_row][vc_row css=&#8221;.vc_custom_1765448666892{margin-bottom: 80px !important;}&#8221;][vc_column]<div class=\"pt-special-heading pt-special-heading-5bf401ae270da  wpb_animate_when_almost_visible wpb_fadeInLeft fadeInLeft tac  vc_custom_1770644474381\"><div class=\"sub-h decor-h\"><span>Notre travail<\/span><\/div><h2 class=\"heading\"><i>R\u00e9alis\u00e9 avec <span>amour<\/span><\/i><\/h2><\/div>[vc_gallery type=&#8221;image_grid&#8221; images=&#8221;1943,1947,1946&#8243; img_size=&#8221;large&#8221; css=&#8221;.vc_custom_1765480195255{margin-bottom: 0px !important;}&#8221;][\/vc_column][\/vc_row]<\/p>\n<\/div>","protected":false},"excerpt":{"rendered":"<p>[vc_row full_width=&#8221;stretch_row_content_no_spaces&#8221;][vc_column][\/vc_column][\/vc_row][vc_row css=&#8221;.vc_custom_1761301326054{margin-top: 80px !important;}&#8221; el_class=&#8221;greybox&#8221;][vc_column css=&#8221;.vc_custom_1761301278586{padding-top: 24px !important;padding-right: 48px !important;padding-bottom: 24px !important;padding-left: 48px !important;background-color: #F2F2F2 !important;border-radius: 10px !important;}&#8221;][vc_column_text css=&#8221;&#8221;] Nous sommes sp\u00e9cialis\u00e9s dans le bronzage durable dans l&#8217;impression d&#8217;\u00e9tiquettes et d&#8217;emballages [\/vc_column_text][vc_column_text css=&#8221;&#8221;]Le bronzage est l&#8217;une des techniques d&#8217;ennoblissement les plus anciennes et les plus efficaces, avec un \u00e9clat m\u00e9tallique unique qui se distingue [&hellip;]<\/p>\n","protected":false},"author":2,"featured_media":0,"parent":0,"menu_order":0,"comment_status":"closed","ping_status":"closed","template":"template-landing.php","meta":{"_acf_changed":false,"footnotes":""},"class_list":["post-1942","page","type-page","status-publish","hentry"],"acf":[],"_links":{"self":[{"href":"https:\/\/www.bastiandruck.de\/fr\/wp-json\/wp\/v2\/pages\/1942","targetHints":{"allow":["GET"]}}],"collection":[{"href":"https:\/\/www.bastiandruck.de\/fr\/wp-json\/wp\/v2\/pages"}],"about":[{"href":"https:\/\/www.bastiandruck.de\/fr\/wp-json\/wp\/v2\/types\/page"}],"author":[{"embeddable":true,"href":"https:\/\/www.bastiandruck.de\/fr\/wp-json\/wp\/v2\/users\/2"}],"replies":[{"embeddable":true,"href":"https:\/\/www.bastiandruck.de\/fr\/wp-json\/wp\/v2\/comments?post=1942"}],"version-history":[{"count":8,"href":"https:\/\/www.bastiandruck.de\/fr\/wp-json\/wp\/v2\/pages\/1942\/revisions"}],"predecessor-version":[{"id":2173,"href":"https:\/\/www.bastiandruck.de\/fr\/wp-json\/wp\/v2\/pages\/1942\/revisions\/2173"}],"wp:attachment":[{"href":"https:\/\/www.bastiandruck.de\/fr\/wp-json\/wp\/v2\/media?parent=1942"}],"curies":[{"name":"wp","href":"https:\/\/api.w.org\/{rel}","templated":true}]}}