{"id":1956,"date":"2025-12-02T11:05:47","date_gmt":"2025-12-02T10:05:47","guid":{"rendered":"https:\/\/www.bastiandruck.de\/buerobedarf\/"},"modified":"2026-02-09T16:34:47","modified_gmt":"2026-02-09T15:34:47","slug":"fournitures-de-bureau","status":"publish","type":"page","link":"https:\/\/www.bastiandruck.de\/fr\/fournitures-de-bureau\/","title":{"rendered":"Fournitures de bureau (B\u00fcrobedarf)"},"content":{"rendered":"<div class=\"wpb-content-wrapper\"><p>[vc_row full_width=&#8221;stretch_row_content_no_spaces&#8221;][vc_column]<div class=\"banner-area banner-5bf3ec817cf7c autoplay-true social-buttons-align-right\"><div class=\"banner-bottom\"><div class=\"container\"><div class=\"banner-counter\"><\/div><div class=\"owl-nav\"><\/div><\/div><\/div><div class=\"banner  fixed-height style2\" style=\"height: 610px;\"><div class=\"item banner-item-6a01d7cf531d9 middle tal white\" style=\"background-image: url(https:\/\/www.bastiandruck.de\/wp-content\/uploads\/2025\/08\/ChatGPT-Image-29.-Aug.-2025-16_47_44.png);\"><div class=\"overlay\"><\/div><div class=\"container\"><div class=\"cell\"><div class=\"sub-h decor-h dec-line-t-l\"><span>Nous sommes votre partenaire pour toutes vos fournitures de bureau!<\/span><\/div><div class=\"h\"><\/p>\n<h1>Nous \u00e9quipons votre bureau<\/h1>\n<p><\/div><\/div><\/div><\/div><\/div><\/div>[\/vc_column][\/vc_row][vc_row css=&#8221;.vc_custom_1761301326054{margin-top: 80px !important;}&#8221; el_class=&#8221;greybox&#8221;][vc_column css=&#8221;.vc_custom_1761301278586{padding-top: 24px !important;padding-right: 48px !important;padding-bottom: 24px !important;padding-left: 48px !important;background-color: #F2F2F2 !important;border-radius: 10px !important;}&#8221;][vc_column_text css=&#8221;&#8221;]<\/p>\n<h2 style=\"line-height: 24pt;\"><span style=\"font-size: clamp(18pt, 5vw, 24pt);\">Nous sommes sp\u00e9cialis\u00e9s dans l&#8217;impression de fournitures de bureau<\/span><\/h2>\n<p>[\/vc_column_text][vc_column_text css=&#8221;&#8221;]En tant qu&#8217;imprimerie exp\u00e9riment\u00e9e dans le domaine des imprim\u00e9s de bureau et commerciaux, nous vous proposons des produits sur mesure alliant fonctionnalit\u00e9 et pr\u00e9sence de marque. Des blocs-notes aux sous-main, calendriers et papiers \u00e0 lettres en passant par les cartes de visite, nous fabriquons des fournitures de bureau qui convainquent au quotidien.<\/p>\n<p>Que ce soit pour un usage interne, comme cadeau client ou pour le point de vente, nous produisons des produits imprim\u00e9s individuels qui refl\u00e8tent parfaitement votre identit\u00e9 visuelle. Gr\u00e2ce \u00e0 une fabrication pr\u00e9cise et \u00e0 des mat\u00e9riaux de haute qualit\u00e9, nous cr\u00e9ons des produits durables qui rendent votre marque visible, sur chaque bureau et \u00e0 chaque contact avec le client.<\/p>\n<p>Notre production permet de r\u00e9aliser des tirages en petites et grandes quantit\u00e9s, avec une qualit\u00e9 constante. Sur demande, nous vous aidons \u00e0 concevoir et \u00e0 personnaliser vos articles de bureau afin qu&#8217;ils correspondent parfaitement \u00e0 l&#8217;image de votre marque.[\/vc_column_text]<div class=\"button-container  vc_custom_1770651282490 tal\"><a href=\"https:\/\/www.bastiandruck.de\/fr\/contact\/\" class=\"button-style2\" target=\"_self\">Contact<\/a><\/div>\r\n        <div class=\"icon-box icon-box-6a01d7cf53e17 icon-box-style1 tal  vc_custom_1770645509464\">\r\n                            <div class=\"icon basic-ui-elements-printer\"><\/div>\r\n                            <h4 class=\"heading\">Une finition qui s\u00e9duit<\/h4>\r\n                            <div class=\"desc\">La finition joue \u00e9galement un r\u00f4le d\u00e9cisif dans le domaine des fournitures de bureau. L'estampage \u00e0 chaud en dor\u00e9, argent\u00e9 ou dans des teintes personnalis\u00e9es permet de mettre en valeur les logos, les lettrages et les \u00e9l\u00e9ments graphiques et conf\u00e8re une touche d'exclusivit\u00e9 aux imprim\u00e9s commerciaux classiques.<\/p>\n<p>De plus, nous utilisons des vernis \u00e0 dispersion qui offrent une protection suppl\u00e9mentaire de la surface et une brillance accrue, ainsi que des vernis parfum\u00e9s qui \u00e9largissent votre communication de marque \u00e0 un niveau sensoriel \u2013 id\u00e9al pour les mailings, les blocs-notes ou les promotions sp\u00e9ciales destin\u00e9es aux clients.<\/p>\n<p>Il en r\u00e9sulte des produits imprim\u00e9s de haute qualit\u00e9 qui sont non seulement fonctionnels, mais aussi repr\u00e9sentatifs \u2013 pour une communication de marque qui laisse une impression durable.<\/div>\r\n                    <\/div>\r\n        \r\n        [\/vc_column][\/vc_row][vc_row css=&#8221;.vc_custom_1765448732611{margin-top: 80px !important;margin-bottom: 20px !important;}&#8221;][vc_column width=&#8221;1\/2&#8243;]\r\n        <div class=\"icon-box icon-box-6a01d7cf53e97 icon-box-style1 tal\">\r\n                            <div class=\"icon base-icons-heart\"><\/div>\r\n                            <h4 class=\"heading\">Quand durabilit\u00e9 rime avec rentabilit\u00e9<\/h4>\r\n                            <div class=\"desc\">Nous accordons une grande importance aux mat\u00e9riaux respectueux de l'environnement et aux processus \u00e9conomes en ressources. Toutes les encres et tous les vernis utilis\u00e9s sont sans solvants, et bon nombre de nos papiers proviennent de for\u00eats g\u00e9r\u00e9es durablement.<br \/>\nNous allions ainsi responsabilit\u00e9 \u00e9cologique et efficacit\u00e9 \u00e9conomique, sans compromis sur la qualit\u00e9 ou l'apparence.<\/div>\r\n                    <\/div>\r\n        \r\n        [\/vc_column][vc_column width=&#8221;1\/2&#8243;]\r\n        <div class=\"icon-box icon-box-6a01d7cf53ef2 icon-box-style1 tal\">\r\n                            <div class=\"icon base-icons-like\"><\/div>\r\n                            <h4 class=\"heading\">Votre partenaire solide pour vos imprim\u00e9s commerciaux<\/h4>\r\n                            <div class=\"desc\">Gr\u00e2ce \u00e0 notre longue exp\u00e9rience, \u00e0 nos techniques d'impression ultramodernes et \u00e0 nos exigences \u00e9lev\u00e9es en mati\u00e8re de conception et de fabrication, nous r\u00e9alisons vos produits d'impression bureautique, de l'id\u00e9e au produit fini.<br \/>\nQu'il s'agisse de papier \u00e0 lettres, de cartes de visite, de blocs-notes, de calendriers ou de sous-main, nous garantissons une qualit\u00e9 constante, un impact de marque clair et une livraison dans les d\u00e9lais.<\/div>\r\n                    <\/div>\r\n        \r\n        [\/vc_column][\/vc_row][vc_row css=&#8221;.vc_custom_1765448740694{margin-bottom: 80px !important;}&#8221;][vc_column]<div class=\"pt-special-heading pt-special-heading-5bf401ae270da  wpb_animate_when_almost_visible wpb_fadeInLeft fadeInLeft tac  vc_custom_1770645562672\"><div class=\"sub-h decor-h\"><span>Notre travail<\/span><\/div><h2 class=\"heading\"><i>R\u00e9alis\u00e9 avec <span>amour<\/span><\/i><\/h2><\/div>[vc_gallery type=&#8221;image_grid&#8221; images=&#8221;1924,1925,1926&#8243; img_size=&#8221;large&#8221; css=&#8221;.vc_custom_1762247381295{margin-bottom: 0px !important;}&#8221;][\/vc_column][\/vc_row]<\/p>\n<\/div>","protected":false},"excerpt":{"rendered":"<p>[vc_row full_width=&#8221;stretch_row_content_no_spaces&#8221;][vc_column][\/vc_column][\/vc_row][vc_row css=&#8221;.vc_custom_1761301326054{margin-top: 80px !important;}&#8221; el_class=&#8221;greybox&#8221;][vc_column css=&#8221;.vc_custom_1761301278586{padding-top: 24px !important;padding-right: 48px !important;padding-bottom: 24px !important;padding-left: 48px !important;background-color: #F2F2F2 !important;border-radius: 10px !important;}&#8221;][vc_column_text css=&#8221;&#8221;] Nous sommes sp\u00e9cialis\u00e9s dans l&#8217;impression de fournitures de bureau [\/vc_column_text][vc_column_text css=&#8221;&#8221;]En tant qu&#8217;imprimerie exp\u00e9riment\u00e9e dans le domaine des imprim\u00e9s de bureau et commerciaux, nous vous proposons des produits sur mesure alliant fonctionnalit\u00e9 et pr\u00e9sence de [&hellip;]<\/p>\n","protected":false},"author":2,"featured_media":0,"parent":0,"menu_order":0,"comment_status":"closed","ping_status":"closed","template":"template-landing.php","meta":{"_acf_changed":false,"footnotes":""},"class_list":["post-1956","page","type-page","status-publish","hentry"],"acf":[],"_links":{"self":[{"href":"https:\/\/www.bastiandruck.de\/fr\/wp-json\/wp\/v2\/pages\/1956","targetHints":{"allow":["GET"]}}],"collection":[{"href":"https:\/\/www.bastiandruck.de\/fr\/wp-json\/wp\/v2\/pages"}],"about":[{"href":"https:\/\/www.bastiandruck.de\/fr\/wp-json\/wp\/v2\/types\/page"}],"author":[{"embeddable":true,"href":"https:\/\/www.bastiandruck.de\/fr\/wp-json\/wp\/v2\/users\/2"}],"replies":[{"embeddable":true,"href":"https:\/\/www.bastiandruck.de\/fr\/wp-json\/wp\/v2\/comments?post=1956"}],"version-history":[{"count":6,"href":"https:\/\/www.bastiandruck.de\/fr\/wp-json\/wp\/v2\/pages\/1956\/revisions"}],"predecessor-version":[{"id":2176,"href":"https:\/\/www.bastiandruck.de\/fr\/wp-json\/wp\/v2\/pages\/1956\/revisions\/2176"}],"wp:attachment":[{"href":"https:\/\/www.bastiandruck.de\/fr\/wp-json\/wp\/v2\/media?parent=1956"}],"curies":[{"name":"wp","href":"https:\/\/api.w.org\/{rel}","templated":true}]}}