{"id":1968,"date":"2025-11-18T14:27:09","date_gmt":"2025-11-18T13:27:09","guid":{"rendered":"https:\/\/www.bastiandruck.de\/getraenke\/"},"modified":"2026-02-09T16:33:00","modified_gmt":"2026-02-09T15:33:00","slug":"boissons","status":"publish","type":"page","link":"https:\/\/www.bastiandruck.de\/fr\/boissons\/","title":{"rendered":"Boissons (Getr\u00e4nke)"},"content":{"rendered":"<div class=\"wpb-content-wrapper\"><p>[vc_row full_width=&#8221;stretch_row_content_no_spaces&#8221;][vc_column]<div class=\"banner-area banner-5bf3ec817cf7c autoplay-true social-buttons-align-right\"><div class=\"banner-bottom\"><div class=\"container\"><div class=\"banner-counter\"><\/div><div class=\"owl-nav\"><\/div><\/div><\/div><div class=\"banner  fixed-height style2\" style=\"height: 610px;\"><div class=\"item banner-item-6a047a3c2dc16 middle tal white\" style=\"background-image: url(https:\/\/www.bastiandruck.de\/wp-content\/uploads\/2025\/08\/ChatGPT-Image-29.-Aug.-2025-16_28_11.png);\"><div class=\"overlay\"><\/div><div class=\"container\"><div class=\"cell\"><div class=\"sub-h decor-h dec-line-t-l\"><span>Nous sommes votre partenaire pour l'impression sur les boissons et les bouteilles<\/span><\/div><div class=\"h\"><\/p>\n<h1>Une impression parfaite pour les boissons et les bouteilles \u2013 une expertise qui convainc<\/h1>\n<p><\/div><\/div><\/div><\/div><\/div><\/div>[\/vc_column][\/vc_row][vc_row css=&#8221;.vc_custom_1761301326054{margin-top: 80px !important;}&#8221; el_class=&#8221;greybox&#8221;][vc_column css=&#8221;.vc_custom_1761301278586{padding-top: 24px !important;padding-right: 48px !important;padding-bottom: 24px !important;padding-left: 48px !important;background-color: #F2F2F2 !important;border-radius: 10px !important;}&#8221;][vc_column_text css=&#8221;&#8221;]<\/p>\n<h2 style=\"line-height: 24pt;\"><span style=\"font-size: clamp(18pt, 5vw, 24pt);\">Votre sp\u00e9cialiste des \u00e9tiquettes adh\u00e9sives et de l&#8217;impression d&#8217;\u00e9tiquettes pour l&#8217;industrie agroalimentaire et des boissons<\/span><\/h2>\n<p>[\/vc_column_text][vc_column_text css=&#8221;&#8221;]En tant qu&#8217;imprimerie sp\u00e9cialis\u00e9e dans les \u00e9tiquettes avec plus de 100 ans d&#8217;exp\u00e9rience dans le domaine des \u00e9tiquettes \u00e0 colle humide, nous proposons des solutions d&#8217;impression sur mesure qui s\u00e9duisent tant sur le plan visuel que sur le plan fonctionnel.<br \/>\nQu&#8217;il s&#8217;agisse d&#8217;\u00e9tiquettes pour brasseries, d&#8217;\u00e9tiquettes pour eaux min\u00e9rales, d&#8217;\u00e9tiquettes pour spiritueux ou d&#8217;\u00e9tiquettes et de banderoles pour produits alimentaires, nous produisons des \u00e9tiquettes qui mettent en valeur la marque, sont efficaces et techniquement pr\u00e9cises.<\/p>\n<p>Nos papiers sont adapt\u00e9s \u00e0 toutes les installations d&#8217;\u00e9tiquetage \u00e0 colle humide courantes et garantissent un traitement sans faille, m\u00eame \u00e0 des vitesses de ligne \u00e9lev\u00e9es. Gr\u00e2ce \u00e0 notre \u00e9troite collaboration avec les principaux fabricants de papier, nous proposons, outre les mat\u00e9riaux standard, des papiers sp\u00e9ciaux avec des surfaces tactiles ou structur\u00e9es qui diff\u00e9rencient sensiblement l&#8217;image de marque.<\/p>\n<p>Des petits tirages aux productions en s\u00e9rie de plus de 100 millions d&#8217;\u00e9tiquettes, nous fournissons en permanence la meilleure qualit\u00e9, avec pr\u00e9cision, dans le respect des d\u00e9lais et avec un service personnalis\u00e9.[\/vc_column_text]<div class=\"button-container  vc_custom_1770651176892 tal\"><a href=\"https:\/\/www.bastiandruck.de\/fr\/contact\/\" class=\"button-style2\" target=\"_self\">Contact<\/a><\/div>\r\n        <div class=\"icon-box icon-box-6a047a3c2e796 icon-box-style1 tal  vc_custom_1770644152401\">\r\n                            <div class=\"icon basic-ui-elements-printer\"><\/div>\r\n                            <h4 class=\"heading\">Une finition qui laisse une impression durable<\/h4>\r\n                            <div class=\"desc\">Nous proposons une large gamme de techniques de finition, allant des vernis \u00e0 dispersion et d'impression aux effets soft touch et mat brillant, en passant par les couleurs sp\u00e9ciales et les vernis parfum\u00e9s.<\/p>\n<p>Nous proposons \u00e9galement des impressions \u00e0 chaud qui permettent d'appliquer des effets m\u00e9talliques dor\u00e9s, argent\u00e9s ou dans des teintes personnalis\u00e9es sur l'\u00e9tiquette, avec pr\u00e9cision, \u00e9clat et efficacit\u00e9 pour la marque. Pour une profondeur tactile et une diff\u00e9renciation visuelle suppl\u00e9mentaires, nous misons sur le gaufrage \u00e0 froid, qui permet de mettre en valeur certains \u00e9l\u00e9ments de conception tels que les logos, les lettrages ou les ornements. Notre technologie de bronzage est particuli\u00e8rement remarquable :<br \/>\nelle s\u00e9duit par son aspect m\u00e9tallique raffin\u00e9 et sa durabilit\u00e9. Contrairement au film \u00e0 chaud classique, le bronzage ne g\u00e9n\u00e8re pas de supports en plastique ni de d\u00e9chets de film. Les pigments m\u00e9talliques utilis\u00e9s sont enti\u00e8rement recyclables, ce qui permet d'allier un excellent bilan environnemental \u00e0 un aspect m\u00e9tallique brillant de haute qualit\u00e9, id\u00e9al pour les boissons haut de gamme et les marques exigeantes. Nous cr\u00e9ons ainsi non seulement des accents visuels, mais aussi des exp\u00e9riences tactiles qui s\u00e9duisent les consommateurs et chargent les marques d'\u00e9motion.<\/div>\r\n                    <\/div>\r\n        \r\n        [\/vc_column][\/vc_row][vc_row css=&#8221;.vc_custom_1765448624425{margin-top: 80px !important;margin-bottom: 20px !important;}&#8221;][vc_column width=&#8221;1\/2&#8243;]\r\n        <div class=\"icon-box icon-box-6a047a3c2e812 icon-box-style1 tal\">\r\n                            <div class=\"icon base-icons-heart\"><\/div>\r\n                            <h4 class=\"heading\">Quand durabilit\u00e9 rime avec rentabilit\u00e9<\/h4>\r\n                            <div class=\"desc\">Notre production allie qualit\u00e9 optimale et responsabilit\u00e9 \u00e9cologique. Nous misons sur des encres sans solvants, des processus \u00e9conomes en \u00e9nergie et des mat\u00e9riaux recyclables. De nombreuses combinaisons papier-vernis r\u00e9pondent aux normes environnementales les plus strictes, sans compromis sur l'esth\u00e9tique ou la performance.<br \/>\nNous cr\u00e9ons ainsi des solutions d'\u00e9tiquetage durables qui positionnent votre marque comme respectueuse de l'environnement tout en \u00e9tant \u00e9conomiquement convaincantes.<\/div>\r\n                    <\/div>\r\n        \r\n        [\/vc_column][vc_column width=&#8221;1\/2&#8243;]\r\n        <div class=\"icon-box icon-box-6a047a3c2e866 icon-box-style1 tal\">\r\n                            <div class=\"icon base-icons-like\"><\/div>\r\n                            <h4 class=\"heading\">Votre partenaire pour la s\u00e9curit\u00e9 des processus et l'impact de la marque<\/h4>\r\n                            <div class=\"desc\">Gr\u00e2ce \u00e0 notre savoir-faire technique, \u00e0 notre technologie d'impression moderne et \u00e0 notre priorit\u00e9 absolue accord\u00e9e \u00e0 la qualit\u00e9 et au respect des d\u00e9lais de livraison, nous vous accompagnons depuis le conseil en mati\u00e8re de mat\u00e9riaux jusqu'\u00e0 la production en s\u00e9rie, en passant par les \u00e9preuves d'impression.<br \/>\nQue ce soit pour les brasseries, les embouteilleurs d'eau min\u00e9rale, les fabricants de boissons ou les producteurs alimentaires, nous sommes votre partenaire fiable pour des processus d'\u00e9tiquetage efficaces et une qualit\u00e9 de marque visible.<\/div>\r\n                    <\/div>\r\n        \r\n        [\/vc_column][\/vc_row][vc_row css=&#8221;.vc_custom_1765448631461{margin-bottom: 80px !important;}&#8221;][vc_column]<div class=\"pt-special-heading pt-special-heading-5bf401ae270da  wpb_animate_when_almost_visible wpb_fadeInLeft fadeInLeft tac  vc_custom_1770644094816\"><div class=\"sub-h decor-h\"><span>Notre travail<\/span><\/div><h2 class=\"heading\"><i>R\u00e9alis\u00e9 avec <span>amour<\/span><\/i><\/h2><\/div>[vc_gallery type=&#8221;image_grid&#8221; images=&#8221;1924,1925,1926&#8243; img_size=&#8221;large&#8221; css=&#8221;.vc_custom_1762247381295{margin-bottom: 0px !important;}&#8221;][\/vc_column][\/vc_row]<\/p>\n<\/div>","protected":false},"excerpt":{"rendered":"<p>[vc_row full_width=&#8221;stretch_row_content_no_spaces&#8221;][vc_column][\/vc_column][\/vc_row][vc_row css=&#8221;.vc_custom_1761301326054{margin-top: 80px !important;}&#8221; el_class=&#8221;greybox&#8221;][vc_column css=&#8221;.vc_custom_1761301278586{padding-top: 24px !important;padding-right: 48px !important;padding-bottom: 24px !important;padding-left: 48px !important;background-color: #F2F2F2 !important;border-radius: 10px !important;}&#8221;][vc_column_text css=&#8221;&#8221;] Votre sp\u00e9cialiste des \u00e9tiquettes adh\u00e9sives et de l&#8217;impression d&#8217;\u00e9tiquettes pour l&#8217;industrie agroalimentaire et des boissons [\/vc_column_text][vc_column_text css=&#8221;&#8221;]En tant qu&#8217;imprimerie sp\u00e9cialis\u00e9e dans les \u00e9tiquettes avec plus de 100 ans d&#8217;exp\u00e9rience dans le domaine des \u00e9tiquettes \u00e0 [&hellip;]<\/p>\n","protected":false},"author":2,"featured_media":0,"parent":0,"menu_order":0,"comment_status":"closed","ping_status":"closed","template":"template-landing.php","meta":{"_acf_changed":false,"footnotes":""},"class_list":["post-1968","page","type-page","status-publish","hentry"],"acf":[],"_links":{"self":[{"href":"https:\/\/www.bastiandruck.de\/fr\/wp-json\/wp\/v2\/pages\/1968","targetHints":{"allow":["GET"]}}],"collection":[{"href":"https:\/\/www.bastiandruck.de\/fr\/wp-json\/wp\/v2\/pages"}],"about":[{"href":"https:\/\/www.bastiandruck.de\/fr\/wp-json\/wp\/v2\/types\/page"}],"author":[{"embeddable":true,"href":"https:\/\/www.bastiandruck.de\/fr\/wp-json\/wp\/v2\/users\/2"}],"replies":[{"embeddable":true,"href":"https:\/\/www.bastiandruck.de\/fr\/wp-json\/wp\/v2\/comments?post=1968"}],"version-history":[{"count":9,"href":"https:\/\/www.bastiandruck.de\/fr\/wp-json\/wp\/v2\/pages\/1968\/revisions"}],"predecessor-version":[{"id":2172,"href":"https:\/\/www.bastiandruck.de\/fr\/wp-json\/wp\/v2\/pages\/1968\/revisions\/2172"}],"wp:attachment":[{"href":"https:\/\/www.bastiandruck.de\/fr\/wp-json\/wp\/v2\/media?parent=1968"}],"curies":[{"name":"wp","href":"https:\/\/api.w.org\/{rel}","templated":true}]}}