{"id":1980,"date":"2025-10-15T11:14:30","date_gmt":"2025-10-15T09:14:30","guid":{"rendered":"https:\/\/www.bastiandruck.de\/kontakt\/"},"modified":"2026-02-09T16:27:36","modified_gmt":"2026-02-09T15:27:36","slug":"contact","status":"publish","type":"page","link":"https:\/\/www.bastiandruck.de\/fr\/contact\/","title":{"rendered":"Contact"},"content":{"rendered":"<div class=\"wpb-content-wrapper\"><p>[vc_row full_width=&#8221;stretch_row_content_no_spaces&#8221;][vc_column]<div class=\"banner-area banner-5bf3ec817cf7c autoplay-true social-buttons-align-right\"><div class=\"banner-bottom\"><div class=\"container\"><div class=\"banner-counter\"><\/div><div class=\"owl-nav\"><\/div><\/div><\/div><div class=\"banner  fixed-height style2\" style=\"height: 610px;\"><div class=\"item banner-item-6a01d52f5a404 middle tal white\" style=\"background-image: url(https:\/\/www.bastiandruck.de\/wp-content\/uploads\/2025\/09\/Heidelberg_Bastian-240-scaled.jpg);\"><div class=\"overlay\"><\/div><div class=\"container\"><div class=\"cell\"><div class=\"sub-h decor-h dec-line-t-l\"><span>Nous sommes vos partenaires en mati\u00e8re d'impression!<\/span><\/div><div class=\"h\"><\/p>\n<h1>Comment nous contacter<\/h1>\n<p><\/div><\/div><\/div><\/div><\/div><\/div>[\/vc_column][\/vc_row][vc_row css=&#8221;.vc_custom_1765444599936{margin-top: 80px !important;margin-right: 0px !important;margin-bottom: 80px !important;margin-left: 0px !important;}&#8221;][vc_column css=&#8221;.vc_custom_1765444591342{margin-right: 0px !important;margin-left: 0px !important;padding-top: 0px !important;padding-right: 0px !important;padding-bottom: 0px !important;padding-left: 0px !important;background-color: #FFFFFF00 !important;}&#8221;]<div class=\"pt-special-heading pt-special-heading-6a01d52f5b1ea  tal\"><div class=\"sub-h decor-h\"><span>Nous attendons votre message avec impatience<\/span><\/div><h2 class=\"heading\"><i>Contactez-nous pour votre prochain projet<\/i><\/h2><\/div>[vc_column_text css=&#8221;&#8221;]Qu&#8217;il s&#8217;agisse d&#8217;id\u00e9es pr\u00e9liminaires, d&#8217;une demande de projet concr\u00e8te ou simplement d&#8217;une discussion ouverte, nous prenons le temps d&#8217;\u00e9couter vos besoins. Car les projets r\u00e9ussis commencent par un bon \u00e9change.<\/p>\n<p>\u00c9crivez-nous, appelez-nous ou laissez-nous un message via le formulaire. Nous vous r\u00e9pondrons personnellement dans les plus brefs d\u00e9lais, de mani\u00e8re fiable, transparente et en toute confiance.<\/p>\n<p>Faisons ensemble le premier pas vers des solutions d&#8217;impression haut de gamme qui convainquent.[\/vc_column_text][vc_raw_html css=&#8221;&#8221;]JTNDc3R5bGUlM0UlMEEuY29udGFjdC1ib3hlcyUyMCU3QiUwQSUyMCUyMGRpc3BsYXklM0ElMjBmbGV4JTNCJTBBJTIwJTIwZmxleC13cmFwJTNBJTIwd3JhcCUzQiUwQSUyMCUyMGdhcCUzQSUyMDYwcHglM0IlMEElMjAlMjBqdXN0aWZ5LWNvbnRlbnQlM0ElMjBjZW50ZXIlM0IlMEElMjAlMjBtYXJnaW4lM0ElMjAwJTNCJTBBJTIwJTIwcGFkZGluZyUzQSUyMDAlM0IlMEElN0QlMEEuY29udGFjdC1ib3glMjAlN0IlMEElMjAlMjBmbGV4JTNBJTIwMSUzQiUwQSUyMCUyMG1pbi13aWR0aCUzQSUyMDMwMHB4JTNCJTBBJTIwJTIwbWF4LXdpZHRoJTNBJTIwMzUwcHglM0IlMEElMjAlMjBwYWRkaW5nJTNBJTIwMThweCUyMDBweCUzQiUwQSUyMCUyMHRleHQtYWxpZ24lM0ElMjBjZW50ZXIlM0IlMEElMjAlMjBiYWNrZ3JvdW5kJTNBJTIwJTIzZmZmJTNCJTBBJTIwJTIwYm9yZGVyJTNBJTIwMnB4JTIwc29saWQlMjAlMjNmMGYwZjAlM0IlMEElMjAlMjBib3JkZXItcmFkaXVzJTNBJTIwOHB4JTNCJTBBJTIwJTIwdHJhbnNpdGlvbiUzQSUyMGFsbCUyMDAuM3MlMjBlYXNlJTNCJTBBJTdEJTBBLmNvbnRhY3QtYm94JTNBaG92ZXIlMjAlN0IlMEElMjAlMjBib3JkZXItY29sb3IlM0ElMjAlMjNhNmNjMGMlM0IlMEElMjAlMjBib3gtc2hhZG93JTNBJTIwMCUyMDVweCUyMDIwcHglMjByZ2JhJTI4MTY2JTJDJTIwMjA0JTJDJTIwMTIlMkMlMjAwLjE1JTI5JTNCJTBBJTIwJTIwdHJhbnNmb3JtJTNBJTIwdHJhbnNsYXRlWSUyOC01cHglMjklM0IlMEElN0QlMEEuY29udGFjdC1ib3gtaWNvbiUyMCU3QiUwQSUyMCUyMHdpZHRoJTNBJTIwNzBweCUzQiUwQSUyMCUyMGhlaWdodCUzQSUyMDcwcHglM0IlMEElMjAlMjBtYXJnaW4lM0ElMjAwJTIwYXV0byUyMDIwcHglM0IlMEElMjAlMjBkaXNwbGF5JTNBJTIwZmxleCUzQiUwQSUyMCUyMGFsaWduLWl0ZW1zJTNBJTIwY2VudGVyJTNCJTBBJTIwJTIwanVzdGlmeS1jb250ZW50JTNBJTIwY2VudGVyJTNCJTBBJTIwJTIwYmFja2dyb3VuZCUzQSUyMCUyM2E2Y2MwYyUzQiUwQSUyMCUyMGJvcmRlci1yYWRpdXMlM0ElMjA1MCUyNSUzQiUwQSUyMCUyMHRyYW5zaXRpb24lM0ElMjBhbGwlMjAwLjNzJTIwZWFzZSUzQiUwQSU3RCUwQS5jb250YWN0LWJveCUzQWhvdmVyJTIwLmNvbnRhY3QtYm94LWljb24lMjAlN0IlMEElMjAlMjB0cmFuc2Zvcm0lM0ElMjBzY2FsZSUyODEuMSUyOSUzQiUwQSU3RCUwQS5jb250YWN0LWJveC1pY29uJTIwaSUyMCU3QiUwQSUyMCUyMGZvbnQtc2l6ZSUzQSUyMDMycHglM0IlMEElMjAlMjBjb2xvciUzQSUyMCUyM2ZmZiUzQiUwQSU3RCUwQS5jb250YWN0LWJveC1saW5rJTIwJTdCJTBBJTIwJTIwY29sb3IlM0ElMjAlMjMzODM4MzglM0IlMEElMjAlMjB0ZXh0LWRlY29yYXRpb24lM0ElMjBub25lJTNCJTBBJTIwJTIwZm9udC1zaXplJTNBJTIwMThweCUzQiUwQSUyMCUyMGZvbnQtd2VpZ2h0JTNBJTIwNjAwJTNCJTBBJTIwJTIwZGlzcGxheSUzQSUyMGJsb2NrJTNCJTBBJTIwJTIwdHJhbnNpdGlvbiUzQSUyMGNvbG9yJTIwMC4zcyUyMGVhc2UlM0IlMEElN0QlMEEuY29udGFjdC1ib3gtbGluayUzQWhvdmVyJTIwJTdCJTBBJTIwJTIwY29sb3IlM0ElMjAlMjNhNmNjMGMlM0IlMEElN0QlMEElNDBtZWRpYSUyMCUyOG1heC13aWR0aCUzQSUyMDc2OHB4JTI5JTIwJTdCJTBBJTIwJTIwLmNvbnRhY3QtYm94ZXMlMjAlN0IlMEElMjAlMjAlMjAlMjBmbGV4LWRpcmVjdGlvbiUzQSUyMGNvbHVtbiUzQiUwQSUyMCUyMCUyMCUyMGdhcCUzQSUyMDIwcHglM0IlMEElMjAlMjAlN0QlMEElMjAlMjAlMEElMjAlMjAuY29udGFjdC1ib3glMjAlN0IlMEElMjAlMjAlMjAlMjBtYXgtd2lkdGglM0ElMjAxMDAlMjUlM0IlMEElMjAlMjAlN0QlMEElN0QlMEElM0MlMkZzdHlsZSUzRSUwQSUzQ2RpdiUyMGNsYXNzJTNEJTIyY29udGFjdC1ib3hlcyUyMiUzRSUwQSUyMCUyMCUzQ2RpdiUyMGNsYXNzJTNEJTIyY29udGFjdC1ib3glMjIlM0UlMEElMjAlMjAlMjAlMjAlM0NkaXYlMjBjbGFzcyUzRCUyMmNvbnRhY3QtYm94LWljb24lMjIlM0UlMEElMjAlMjAlMjAlMjAlMjAlMjAlM0NpJTIwY2xhc3MlM0QlMjJmYS1zb2xpZCUyMGZhLXBob25lJTIyJTNFJTNDJTJGaSUzRSUwQSUyMCUyMCUyMCUyMCUzQyUyRmRpdiUzRSUwQSUyMCUyMCUyMCUyMCUzQ2ElMjBocmVmJTNEJTIydGVsJTNBJTJCNDk2NTAyOTI1NiUyMiUyMGNsYXNzJTNEJTIyY29udGFjdC1ib3gtbGluayUyMiUzRUFwcGVsZXotbm91cyUzQSUzQ2JyJTNFJTJCNDklMjA2NTAyJTIwOTI1NjAlM0MlMkZhJTNFJTBBJTIwJTIwJTNDJTJGZGl2JTNFJTBBJTIwJTIwJTBBJTIwJTIwJTNDZGl2JTIwY2xhc3MlM0QlMjJjb250YWN0LWJveCUyMiUzRSUwQSUyMCUyMCUyMCUyMCUzQ2RpdiUyMGNsYXNzJTNEJTIyY29udGFjdC1ib3gtaWNvbiUyMiUzRSUwQSUyMCUyMCUyMCUyMCUyMCUyMCUzQ2klMjBjbGFzcyUzRCUyMmZhLXNvbGlkJTIwZmEtZW52ZWxvcGUlMjIlM0UlM0MlMkZpJTNFJTBBJTIwJTIwJTIwJTIwJTNDJTJGZGl2JTNFJTBBJTIwJTIwJTIwJTIwJTNDYSUyMGhyZWYlM0QlMjJtYWlsdG8lM0FpbmZvJTQwYmFzdGlhbmRydWNrLmRlJTIyJTIwY2xhc3MlM0QlMjJjb250YWN0LWJveC1saW5rJTIyJTNFJUMzJTg5Y3JpdmV6JTIwdW4lMjBlLW1haWwlM0ElM0NiciUzRWluZm8lNDBiYXN0aWFuZHJ1Y2suZGUlM0MlMkZhJTNFJTBBJTIwJTIwJTNDJTJGZGl2JTNFJTBBJTIwJTIwJTBBJTIwJTIwJTNDZGl2JTIwY2xhc3MlM0QlMjJjb250YWN0LWJveCUyMiUzRSUwQSUyMCUyMCUyMCUyMCUzQ2RpdiUyMGNsYXNzJTNEJTIyY29udGFjdC1ib3gtaWNvbiUyMiUzRSUwQSUyMCUyMCUyMCUyMCUyMCUyMCUzQ2klMjBjbGFzcyUzRCUyMmZhLXNvbGlkJTIwZmEtbWFwLW1hcmtlci1hbHQlMjIlM0UlM0MlMkZpJTNFJTBBJTIwJTIwJTIwJTIwJTNDJTJGZGl2JTNFJTBBJTIwJTIwJTIwJTIwJTNDYSUyMGhyZWYlM0QlMjJodHRwcyUzQSUyRiUyRnd3dy5nb29nbGUuY29tJTJGbWFwcyUyRnNlYXJjaCUyRiUzRmFwaSUzRDElMjZxdWVyeSUzRFJvYmVydC1TY2h1bWFuLVN0cmElQzMlOUZlJTJCNSUyQyUyQjU0MzQzJTJCRiVDMyVCNmhyZW4lMjIlMjB0YXJnZXQlM0QlMjJfYmxhbmslMjIlMjByZWwlM0QlMjJub29wZW5lciUyMiUyMGNsYXNzJTNEJTIyY29udGFjdC1ib3gtbGluayUyMiUzRVJvYmVydC1TY2h1bWFuLVN0cmElQzMlOUZlJTIwNSUzQ2JyJTNFNTQzNDMlMjBGJUMzJUI2aHJlbiUzQyUyRmElM0UlMEElMjAlMjAlM0MlMkZkaXYlM0UlMEElM0MlMkZkaXYlM0U=[\/vc_raw_html][\/vc_column][\/vc_row][vc_row css=&#8221;.vc_custom_1765444608918{margin-top: 80px !important;margin-right: 0px !important;margin-bottom: 80px !important;margin-left: 0px !important;}&#8221;][vc_column css=&#8221;.vc_custom_1760527533439{padding-top: 0px !important;padding-right: 0px !important;padding-bottom: 0px !important;padding-left: 0px !important;background-color: #FFFFFF00 !important;}&#8221;][vc_column_text css=&#8221;&#8221;]<\/p>\n<h3>Ou envoyez-nous directement un message<\/h3>\n<p>[\/vc_column_text]\n<div class=\"wpcf7 no-js\" id=\"wpcf7-f2140-o1\" lang=\"fr-FR\" dir=\"ltr\" data-wpcf7-id=\"2140\">\n<div class=\"screen-reader-response\"><p role=\"status\" aria-live=\"polite\" aria-atomic=\"true\"><\/p> <ul><\/ul><\/div>\n<form action=\"\/fr\/wp-json\/wp\/v2\/pages\/1980#wpcf7-f2140-o1\" method=\"post\" class=\"wpcf7-form init\" aria-label=\"Formulaire de contact\" enctype=\"multipart\/form-data\" novalidate=\"novalidate\" data-status=\"init\">\n<fieldset class=\"hidden-fields-container\"><input type=\"hidden\" name=\"_wpcf7\" value=\"2140\" \/><input type=\"hidden\" name=\"_wpcf7_version\" value=\"6.1.5\" \/><input type=\"hidden\" name=\"_wpcf7_locale\" value=\"fr_FR\" \/><input type=\"hidden\" name=\"_wpcf7_unit_tag\" value=\"wpcf7-f2140-o1\" \/><input type=\"hidden\" name=\"_wpcf7_container_post\" value=\"0\" \/><input type=\"hidden\" name=\"_wpcf7_posted_data_hash\" value=\"\" \/>\n<\/fieldset>\n<span class=\"wpcf7-form-control-wrap\" data-name=\"unternehmen\"><input size=\"40\" maxlength=\"400\" class=\"wpcf7-form-control wpcf7-text\" aria-invalid=\"false\" placeholder=\"Entreprise\" value=\"\" type=\"text\" name=\"unternehmen\" \/><\/span>\n\n<div class=\"form-row-half\">\n<span class=\"wpcf7-form-control-wrap\" data-name=\"vorname\"><input size=\"40\" maxlength=\"400\" class=\"wpcf7-form-control wpcf7-text wpcf7-validates-as-required\" aria-required=\"true\" aria-invalid=\"false\" placeholder=\"Pr\u00e9nom\" value=\"\" type=\"text\" name=\"vorname\" \/><\/span>\n<span class=\"wpcf7-form-control-wrap\" data-name=\"nachname\"><input size=\"40\" maxlength=\"400\" class=\"wpcf7-form-control wpcf7-text wpcf7-validates-as-required\" aria-required=\"true\" aria-invalid=\"false\" placeholder=\"nom de famille\" value=\"\" type=\"text\" name=\"nachname\" \/><\/span>\n<\/div>\n\n<span class=\"wpcf7-form-control-wrap\" data-name=\"strasse\"><input size=\"40\" maxlength=\"400\" class=\"wpcf7-form-control wpcf7-text wpcf7-validates-as-required\" aria-required=\"true\" aria-invalid=\"false\" placeholder=\"Rue et num\u00e9ro\" value=\"\" type=\"text\" name=\"strasse\" \/><\/span>\n\n<div class=\"form-row-half\">\n<span class=\"wpcf7-form-control-wrap\" data-name=\"plz\"><input size=\"40\" maxlength=\"400\" class=\"wpcf7-form-control wpcf7-text wpcf7-validates-as-required\" aria-required=\"true\" aria-invalid=\"false\" placeholder=\"Code postal\" value=\"\" type=\"text\" name=\"plz\" \/><\/span>\n<span class=\"wpcf7-form-control-wrap\" data-name=\"ort\"><input size=\"40\" maxlength=\"400\" class=\"wpcf7-form-control wpcf7-text wpcf7-validates-as-required\" aria-required=\"true\" aria-invalid=\"false\" placeholder=\"Lieu\" value=\"\" type=\"text\" name=\"ort\" \/><\/span>\n<\/div>\n\n<div class=\"form-row-half\">\n<span class=\"wpcf7-form-control-wrap\" data-name=\"telefon\"><input size=\"40\" maxlength=\"400\" class=\"wpcf7-form-control wpcf7-tel wpcf7-validates-as-required wpcf7-text wpcf7-validates-as-tel\" aria-required=\"true\" aria-invalid=\"false\" placeholder=\"T\u00e9l\u00e9phone\" value=\"\" type=\"tel\" name=\"telefon\" \/><\/span>\n<span class=\"wpcf7-form-control-wrap\" data-name=\"email\"><input size=\"40\" maxlength=\"400\" class=\"wpcf7-form-control wpcf7-email wpcf7-validates-as-required wpcf7-text wpcf7-validates-as-email\" aria-required=\"true\" aria-invalid=\"false\" placeholder=\"E-Mail\" value=\"\" type=\"email\" name=\"email\" \/><\/span>\n<\/div>\n\n<div class=\"form-row-half\">\n<div class=\"file-upload-wrapper\">\n<p><strong>Annexe 1 :<\/strong><\/p>\n<span class=\"wpcf7-form-control-wrap\" data-name=\"anhang1\"><input size=\"40\" class=\"wpcf7-form-control wpcf7-file\" accept=\"audio\/*,video\/*,image\/*\" aria-invalid=\"false\" type=\"file\" name=\"anhang1\" \/><\/span>\n<p class=\"file-hint\">max. 10 MB<\/p>\n<\/div>\n\n<div class=\"file-upload-wrapper\">\n<p><strong>Annexe 1 :<\/strong><\/p>\n<span class=\"wpcf7-form-control-wrap\" data-name=\"anhang2\"><input size=\"40\" class=\"wpcf7-form-control wpcf7-file\" accept=\"audio\/*,video\/*,image\/*\" aria-invalid=\"false\" type=\"file\" name=\"anhang2\" \/><\/span>\n<p class=\"file-hint\">max. 10 MB<\/p>\n<\/div>\n<\/div>\n\n<span class=\"wpcf7-form-control-wrap\" data-name=\"betreff\"><input size=\"40\" maxlength=\"400\" class=\"wpcf7-form-control wpcf7-text wpcf7-validates-as-required\" aria-required=\"true\" aria-invalid=\"false\" placeholder=\"Objet\" value=\"\" type=\"text\" name=\"betreff\" \/><\/span>\n\n<span class=\"wpcf7-form-control-wrap\" data-name=\"nachricht\"><textarea cols=\"40\" rows=\"10\" maxlength=\"2000\" class=\"wpcf7-form-control wpcf7-textarea wpcf7-validates-as-required\" aria-required=\"true\" aria-invalid=\"false\" placeholder=\"Message\" name=\"nachricht\"><\/textarea><\/span>\n\n<span class=\"wpcf7-form-control-wrap\" data-name=\"datenschutz\"><span class=\"wpcf7-form-control wpcf7-acceptance\"><span class=\"wpcf7-list-item\"><label><input type=\"checkbox\" name=\"datenschutz\" value=\"1\" aria-invalid=\"false\" \/><span class=\"wpcf7-list-item-label\">J'accepte la <a href=\"https:\/\/www.bastiandruck.de\/fr\/politique-de-confidentialite\/\" target=\"_blank\">d\u00e9claration de confidentialit\u00e9<\/a>. Mes donn\u00e9es seront trait\u00e9es exclusivement dans le but de r\u00e9pondre \u00e0 ma demande.<\/span><\/label><\/span><\/span><\/span>\n<\/br>\n<\/br>\n<input class=\"wpcf7-form-control wpcf7-submit has-spinner\" type=\"submit\" value=\"Envoyer\" \/><input type=\"hidden\" id=\"ct_checkjs_cf7_7eabe3a1649ffa2b3ff8c02ebfd5659f\" name=\"ct_checkjs_cf7\" value=\"0\" \/><script >setTimeout(function(){var ct_input_name = \"ct_checkjs_cf7_7eabe3a1649ffa2b3ff8c02ebfd5659f\";if (document.getElementById(ct_input_name) !== null) {var ct_input_value = document.getElementById(ct_input_name).value;document.getElementById(ct_input_name).value = document.getElementById(ct_input_name).value.replace(ct_input_value, '256186255');}}, 1000);<\/script><input\n                    class=\"apbct_special_field apbct_email_id__wp_contact_form_7\"\n                    name=\"apbct__email_id__wp_contact_form_7\"\n                    aria-label=\"apbct__label_id__wp_contact_form_7\"\n                    type=\"text\" size=\"30\" maxlength=\"200\" autocomplete=\"off\"\n                    value=\"\"\n                \/><div class=\"wpcf7-response-output\" aria-hidden=\"true\"><\/div>\n<\/form>\n<\/div>\n[\/vc_column][\/vc_row]<\/p>\n<\/div>","protected":false},"excerpt":{"rendered":"<p>[vc_row full_width=&#8221;stretch_row_content_no_spaces&#8221;][vc_column][\/vc_column][\/vc_row][vc_row css=&#8221;.vc_custom_1765444599936{margin-top: 80px !important;margin-right: 0px !important;margin-bottom: 80px !important;margin-left: 0px !important;}&#8221;][vc_column css=&#8221;.vc_custom_1765444591342{margin-right: 0px !important;margin-left: 0px !important;padding-top: 0px !important;padding-right: 0px !important;padding-bottom: 0px !important;padding-left: 0px !important;background-color: #FFFFFF00 !important;}&#8221;][vc_column_text css=&#8221;&#8221;]Qu&#8217;il s&#8217;agisse d&#8217;id\u00e9es pr\u00e9liminaires, d&#8217;une demande de projet concr\u00e8te ou simplement d&#8217;une discussion ouverte, nous prenons le temps d&#8217;\u00e9couter vos besoins. Car les projets r\u00e9ussis commencent par un bon [&hellip;]<\/p>\n","protected":false},"author":2,"featured_media":0,"parent":0,"menu_order":0,"comment_status":"closed","ping_status":"closed","template":"template-landing.php","meta":{"_acf_changed":false,"footnotes":""},"class_list":["post-1980","page","type-page","status-publish","hentry"],"acf":[],"_links":{"self":[{"href":"https:\/\/www.bastiandruck.de\/fr\/wp-json\/wp\/v2\/pages\/1980","targetHints":{"allow":["GET"]}}],"collection":[{"href":"https:\/\/www.bastiandruck.de\/fr\/wp-json\/wp\/v2\/pages"}],"about":[{"href":"https:\/\/www.bastiandruck.de\/fr\/wp-json\/wp\/v2\/types\/page"}],"author":[{"embeddable":true,"href":"https:\/\/www.bastiandruck.de\/fr\/wp-json\/wp\/v2\/users\/2"}],"replies":[{"embeddable":true,"href":"https:\/\/www.bastiandruck.de\/fr\/wp-json\/wp\/v2\/comments?post=1980"}],"version-history":[{"count":7,"href":"https:\/\/www.bastiandruck.de\/fr\/wp-json\/wp\/v2\/pages\/1980\/revisions"}],"predecessor-version":[{"id":2153,"href":"https:\/\/www.bastiandruck.de\/fr\/wp-json\/wp\/v2\/pages\/1980\/revisions\/2153"}],"wp:attachment":[{"href":"https:\/\/www.bastiandruck.de\/fr\/wp-json\/wp\/v2\/media?parent=1980"}],"curies":[{"name":"wp","href":"https:\/\/api.w.org\/{rel}","templated":true}]}}