{"id":1986,"date":"2018-11-15T13:31:08","date_gmt":"2018-11-15T12:31:08","guid":{"rendered":"https:\/\/www.bastiandruck.de\/split-screen\/"},"modified":"2026-02-09T16:36:29","modified_gmt":"2026-02-09T15:36:29","slug":"split-screen","status":"publish","type":"page","link":"https:\/\/www.bastiandruck.de\/fr\/","title":{"rendered":"Startseite"},"content":{"rendered":"<div class=\"wpb-content-wrapper\"><p>[vc_row full_width=&#8221;stretch_row_content_no_spaces&#8221;][vc_column]\r\n        <div class=\"split-screen split-screen-6a01c6d9bae2b\">\r\n            <div class=\"items\">\r\n        <div class=\"screen-item item-6a01c6d9baee6\" data-hex=\"#FFFFFF7A\">\r\n            <div class=\"item item-left col-xs-12 col-sm-6\">\r\n                                                    <div class=\"letter\">T<\/div>\r\n                            <\/div>\r\n            <div class=\"item item-right col-xs-12 col-sm-6\">\r\n                <div class=\"cell cell-container\">\r\n                    <div class=\"num\"><\/div>\r\n                                            <div class=\"h h1\">Tabac et<br \/>\naccessoires<\/div>\r\n                                            <div class=\"text\">Nous imprimons et ennoblissons des d\u00e9coupes de tabac pour en faire des emballages haut de gamme qui se d\u00e9marquent. La pr\u00e9cision et les effets marqu\u00e9s garantissent un impact maximal de la marque sur le point de vente.<\/div>\r\n                                            <a href=\"https:\/\/www.bastiandruck.de\/fr\/tabac\/\" class=\"button-style1\" target=\"_self\">D\u00e9couvrir<\/a>\r\n                                    <\/div>\r\n                <div class=\"counter\">\r\n                    <div class=\"current\"><\/div>\r\n                    <div class=\"total\"><\/div>\r\n                <\/div>\r\n            <\/div>\r\n        <\/div>\r\n\r\n        \r\n        <div class=\"screen-item item-6a01c6d9bb1b3\" data-hex=\"#FFFFFF7D\">\r\n            <div class=\"item item-left col-xs-12 col-sm-6\">\r\n                                                    <div class=\"letter\">B<\/div>\r\n                            <\/div>\r\n            <div class=\"item item-right col-xs-12 col-sm-6\">\r\n                <div class=\"cell cell-container\">\r\n                    <div class=\"num\"><\/div>\r\n                                            <div class=\"h h1\">Boissons et<br \/>\nrepas<\/div>\r\n                                            <div class=\"text\">Nous produisons des banderoles, des \u00e9tiquettes \u00e0 colle humide et des \u00e9tiquettes consign\u00e9es pour l'industrie agroalimentaire au plus haut niveau.<\/div>\r\n                                            <a href=\"https:\/\/www.bastiandruck.de\/fr\/boissons\/\" class=\"button-style1\" target=\"_self\">D\u00e9couvrir<\/a>\r\n                                    <\/div>\r\n                <div class=\"counter\">\r\n                    <div class=\"current\"><\/div>\r\n                    <div class=\"total\"><\/div>\r\n                <\/div>\r\n            <\/div>\r\n        <\/div>\r\n\r\n        \r\n        <div class=\"screen-item item-6a01c6d9bb3e5\" data-hex=\"#FFFFFF7D\">\r\n            <div class=\"item item-left col-xs-12 col-sm-6\">\r\n                                                    <div class=\"letter\">B<\/div>\r\n                            <\/div>\r\n            <div class=\"item item-right col-xs-12 col-sm-6\">\r\n                <div class=\"cell cell-container\">\r\n                    <div class=\"num\"><\/div>\r\n                                            <div class=\"h h1\">Bronzage<\/div>\r\n                                            <div class=\"text\">Nous bronzeons les feuilles imprim\u00e9es pour leur donner un \u00e9clat unique. La pr\u00e9cision et la finition garantissent une attention maximale.<\/div>\r\n                                            <a href=\"https:\/\/www.bastiandruck.de\/fr\/bronze\/\" class=\"button-style1\" target=\"_self\">D\u00e9couvrir<\/a>\r\n                                    <\/div>\r\n                <div class=\"counter\">\r\n                    <div class=\"current\"><\/div>\r\n                    <div class=\"total\"><\/div>\r\n                <\/div>\r\n            <\/div>\r\n        <\/div>\r\n\r\n        \r\n        <div class=\"screen-item item-6a01c6d9bb628\" data-hex=\"#FFFFFF78\">\r\n            <div class=\"item item-left col-xs-12 col-sm-6\">\r\n                                                    <div class=\"letter\">E<\/div>\r\n                            <\/div>\r\n            <div class=\"item item-right col-xs-12 col-sm-6\">\r\n                <div class=\"cell cell-container\">\r\n                    <div class=\"num\"><\/div>\r\n                                            <div class=\"h h1\">Emballages<\/div>\r\n                                            <div class=\"text\">Nous imprimons, ennoblissons et transformons des emballages en petites et grandes s\u00e9ries, avec pr\u00e9cision, flexibilit\u00e9 et efficacit\u00e9.<\/div>\r\n                                            <a href=\"https:\/\/www.bastiandruck.de\/fr\/emballages\/\" class=\"button-style1\" target=\"_self\">D\u00e9couvrir<\/a>\r\n                                    <\/div>\r\n                <div class=\"counter\">\r\n                    <div class=\"current\"><\/div>\r\n                    <div class=\"total\"><\/div>\r\n                <\/div>\r\n            <\/div>\r\n        <\/div>\r\n\r\n        \r\n        <div class=\"screen-item item-6a01c6d9bb852\" data-hex=\"#FFFFFF7A\">\r\n            <div class=\"item item-left col-xs-12 col-sm-6\">\r\n                                                    <div class=\"letter\">F<\/div>\r\n                            <\/div>\r\n            <div class=\"item item-right col-xs-12 col-sm-6\">\r\n                <div class=\"cell cell-container\">\r\n                    <div class=\"num\"><\/div>\r\n                                            <div class=\"h h1\">Fournitures de bureau<\/div>\r\n                                            <div class=\"text\">Nous produisons des imprim\u00e9s de bureau et commerciaux haut de gamme qui permettent d'organiser de mani\u00e8re optimale et d'\u00e9quiper de mani\u00e8re professionnelle le lieu de travail.<\/div>\r\n                                            <a href=\"https:\/\/www.bastiandruck.de\/fr\/fournitures-de-bureau\/\" class=\"button-style1\" target=\"_self\">D\u00e9couvrir<\/a>\r\n                                    <\/div>\r\n                <div class=\"counter\">\r\n                    <div class=\"current\"><\/div>\r\n                    <div class=\"total\"><\/div>\r\n                <\/div>\r\n            <\/div>\r\n        <\/div>\r\n\r\n        \r\n        <div class=\"screen-item item-6a01c6d9bba6e\" data-hex=\"#FFFFFF7A\">\r\n            <div class=\"item item-left col-xs-12 col-sm-6\">\r\n                                                    <div class=\"letter\">T<\/div>\r\n                            <\/div>\r\n            <div class=\"item item-right col-xs-12 col-sm-6\">\r\n                <div class=\"cell cell-container\">\r\n                    <div class=\"num\"><\/div>\r\n                                            <div class=\"h h1\">Travaux de ville<\/div>\r\n                                            <div class=\"text\">Nous r\u00e9alisons divers imprim\u00e9s commerciaux, des catalogues et brochures aux flyers et produits sp\u00e9ciaux.<\/div>\r\n                                            <a href=\"https:\/\/www.bastiandruck.de\/fr\/travaux-de-ville\/\" class=\"button-style1\" target=\"_self\">D\u00e9couvrir<\/a>\r\n                                    <\/div>\r\n                <div class=\"counter\">\r\n                    <div class=\"current\"><\/div>\r\n                    <div class=\"total\"><\/div>\r\n                <\/div>\r\n            <\/div>\r\n        <\/div>\r\n\r\n        <\/div>\r\n            <div class=\"pagination-dots\"><\/div>\r\n        <\/div>\r\n        \r\n        [\/vc_column][\/vc_row]<\/p>\n<\/div>","protected":false},"excerpt":{"rendered":"<p>[vc_row full_width=&#8221;stretch_row_content_no_spaces&#8221;][vc_column][\/vc_column][\/vc_row]<\/p>\n","protected":false},"author":2,"featured_media":0,"parent":0,"menu_order":0,"comment_status":"closed","ping_status":"closed","template":"template-landing.php","meta":{"_acf_changed":false,"footnotes":""},"class_list":["post-1986","page","type-page","status-publish","hentry"],"acf":[],"_links":{"self":[{"href":"https:\/\/www.bastiandruck.de\/fr\/wp-json\/wp\/v2\/pages\/1986","targetHints":{"allow":["GET"]}}],"collection":[{"href":"https:\/\/www.bastiandruck.de\/fr\/wp-json\/wp\/v2\/pages"}],"about":[{"href":"https:\/\/www.bastiandruck.de\/fr\/wp-json\/wp\/v2\/types\/page"}],"author":[{"embeddable":true,"href":"https:\/\/www.bastiandruck.de\/fr\/wp-json\/wp\/v2\/users\/2"}],"replies":[{"embeddable":true,"href":"https:\/\/www.bastiandruck.de\/fr\/wp-json\/wp\/v2\/comments?post=1986"}],"version-history":[{"count":6,"href":"https:\/\/www.bastiandruck.de\/fr\/wp-json\/wp\/v2\/pages\/1986\/revisions"}],"predecessor-version":[{"id":2179,"href":"https:\/\/www.bastiandruck.de\/fr\/wp-json\/wp\/v2\/pages\/1986\/revisions\/2179"}],"wp:attachment":[{"href":"https:\/\/www.bastiandruck.de\/fr\/wp-json\/wp\/v2\/media?parent=1986"}],"curies":[{"name":"wp","href":"https:\/\/api.w.org\/{rel}","templated":true}]}}