{"id":2002,"date":"2025-10-04T18:01:01","date_gmt":"2025-10-04T16:01:01","guid":{"rendered":"https:\/\/www.bastiandruck.de\/tabak\/"},"modified":"2026-02-10T12:01:26","modified_gmt":"2026-02-10T11:01:26","slug":"tabac","status":"publish","type":"page","link":"https:\/\/www.bastiandruck.de\/fr\/tabac\/","title":{"rendered":"Tabac"},"content":{"rendered":"<div class=\"wpb-content-wrapper\"><p>[vc_row full_width=&#8221;stretch_row_content_no_spaces&#8221;][vc_column]<div class=\"banner-area banner-5bf3ec817cf7c autoplay-true social-buttons-align-right\"><div class=\"banner-bottom\"><div class=\"container\"><div class=\"banner-counter\"><\/div><div class=\"owl-nav\"><\/div><\/div><\/div><div class=\"banner  fixed-height style2\" style=\"height: 610px;\"><div class=\"item banner-item-6a01d4d0431d9 middle tal white\" style=\"background-image: url(https:\/\/www.bastiandruck.de\/wp-content\/uploads\/2025\/10\/Gemini_Generated_Image_vy9cszvy9cszvy9c.png);\"><div class=\"overlay\"><\/div><div class=\"container\"><div class=\"cell\"><div class=\"sub-h decor-h dec-line-t-l\"><span>Nous sommes votre partenaire pour l'impression des produits du tabac !<\/span><\/div><div class=\"h\"><\/p>\n<h1>Une impression parfaite pour le secteur du tabac \u2013 une expertise qui convainc<\/h1>\n<p><\/div><\/div><\/div><\/div><\/div><\/div>[\/vc_column][\/vc_row][vc_row css=&#8221;.vc_custom_1761301326054{margin-top: 80px !important;}&#8221; el_class=&#8221;greybox&#8221;][vc_column css=&#8221;.vc_custom_1761301278586{padding-top: 24px !important;padding-right: 48px !important;padding-bottom: 24px !important;padding-left: 48px !important;background-color: #F2F2F2 !important;border-radius: 10px !important;}&#8221;][vc_column_text css=&#8221;&#8221;]<\/p>\n<h2><span style=\"font-size: 24pt;\">Nous sommes sp\u00e9cialis\u00e9s dans l&#8217;impression dans le domaine du tabac.<\/span><\/h2>\n<p>[\/vc_column_text][vc_column_text css=&#8221;&#8221;]En tant qu&#8217;imprimerie sp\u00e9cialis\u00e9e dans le secteur du tabac, nous vous proposons des solutions sur mesure pour r\u00e9pondre aux exigences les plus \u00e9lev\u00e9es. Des d\u00e9coupes d&#8217;emballages de cigarettes aux d\u00e9coupes de pochettes coulissantes, en passant par les bo\u00eetes \u00e0 capuchon, les rev\u00eatements, les cols, les couvercles et les fonds de bo\u00eetes, nous imprimons et confectionnons avec pr\u00e9cision. Nous r\u00e9alisons \u00e9galement de petits tirages \u00e0 la main de mani\u00e8re fiable.<\/p>\n<p>Notre gamme comprend \u00e9galement des inserts pour sachets de tabac, fabriqu\u00e9s selon un proc\u00e9d\u00e9 rotatif, par d\u00e9coupe \u00e0 plat, d\u00e9coupe \u00e0 contre-pression ou sous forme d\u00e9coup\u00e9e. Gr\u00e2ce \u00e0 notre technologie, nous pouvons travailler avec tr\u00e8s peu de points d&#8217;arr\u00eat, un avantage d\u00e9cisif qui am\u00e9liore consid\u00e9rablement le comportement d&#8217;insertion des encarts et permet un traitement ult\u00e9rieur sans heurts. De plus, gr\u00e2ce \u00e0 une surveillance permanente de l&#8217;image dans la d\u00e9coupeuse, nous garantissons un contr\u00f4le qualit\u00e9 \u00e0 100 % de chaque feuille selon des caract\u00e9ristiques d\u00e9finies, pour une s\u00e9curit\u00e9 maximale du processus et des r\u00e9sultats sans erreur.[\/vc_column_text]<div class=\"button-container  vc_custom_1770721179739 tal\"><a href=\"https:\/\/www.bastiandruck.de\/fr\/contact\/\" class=\"button-style2\" target=\"_self\">Contact<\/a><\/div>[\/vc_column][\/vc_row][vc_row css=&#8221;.vc_custom_1765448559221{margin-top: 80px !important;margin-bottom: 20px !important;}&#8221;][vc_column width=&#8221;1\/3&#8243;]\r\n        <div class=\"icon-box icon-box-6a01d4d043b4b icon-box-style1 tal\">\r\n                            <div class=\"icon basic-ui-elements-printer\"><\/div>\r\n                            <h4 class=\"heading\">Une finition qui s\u00e9duit<\/h4>\r\n                            <div class=\"desc\">Tous les produits imprim\u00e9s peuvent \u00eatre ennoblis avec des vernis \u00e0 dispersion et d'impression haut de gamme ainsi qu'avec des effets sp\u00e9ciaux. Effets drip-off, vernis parfum\u00e9s ou vernis soft touch raffin\u00e9s : nous garantissons une image de marque unique.<\/div>\r\n                    <\/div>\r\n        \r\n        [\/vc_column][vc_column width=&#8221;1\/3&#8243;]\r\n        <div class=\"icon-box icon-box-6a01d4d043bc8 icon-box-style1 tal\">\r\n                            <div class=\"icon base-icons-heart\"><\/div>\r\n                            <h4 class=\"heading\">Quand durabilit\u00e9 rime avec innovation<\/h4>\r\n                            <div class=\"desc\">Notre finition bronze offre non seulement des avantages esth\u00e9tiques, mais aussi un excellent bilan \u00e9cologique. Contrairement au film chaud traditionnel, elle ne g\u00e9n\u00e8re aucun support plastique ni d\u00e9chet de film r\u00e9siduel. Les pigments m\u00e9talliques sont enti\u00e8rement recyclables, ce qui est b\u00e9n\u00e9fique pour l'environnement et les co\u00fbts.<\/div>\r\n                    <\/div>\r\n        \r\n        [\/vc_column][vc_column width=&#8221;1\/3&#8243;]\r\n        <div class=\"icon-box icon-box-6a01d4d043c26 icon-box-style1 tal\">\r\n                            <div class=\"icon base-icons-like\"><\/div>\r\n                            <h4 class=\"heading\">Votre partenaire solide en mati\u00e8re d'impression<\/h4>\r\n                            <div class=\"desc\">Gr\u00e2ce \u00e0 notre savoir-faire approfondi, \u00e0 une technologie de pointe et \u00e0 un sens aigu de la qualit\u00e9, nous vous aidons \u00e0 mettre parfaitement en valeur vos produits du tabac, de mani\u00e8re esth\u00e9tique, durable et \u00e9conomique.<\/div>\r\n                    <\/div>\r\n        \r\n        [\/vc_column][\/vc_row][vc_row css=&#8221;.vc_custom_1765448581646{margin-bottom: 80px !important;}&#8221;][vc_column]<div class=\"pt-special-heading pt-special-heading-5bf401ae270da  wpb_animate_when_almost_visible wpb_fadeInLeft fadeInLeft tac  vc_custom_1770721262798\"><div class=\"sub-h decor-h\"><span>Notre travail<\/span><\/div><h2 class=\"heading\"><i>R\u00e9alis\u00e9 avec <span>amour<\/span><\/i><\/h2><\/div>[vc_gallery type=&#8221;image_grid&#8221; images=&#8221;1924,1925,1926&#8243; img_size=&#8221;large&#8221; css=&#8221;.vc_custom_1762247381295{margin-bottom: 0px !important;}&#8221;][\/vc_column][\/vc_row]<\/p>\n<\/div>","protected":false},"excerpt":{"rendered":"<p>[vc_row full_width=&#8221;stretch_row_content_no_spaces&#8221;][vc_column][\/vc_column][\/vc_row][vc_row css=&#8221;.vc_custom_1761301326054{margin-top: 80px !important;}&#8221; el_class=&#8221;greybox&#8221;][vc_column css=&#8221;.vc_custom_1761301278586{padding-top: 24px !important;padding-right: 48px !important;padding-bottom: 24px !important;padding-left: 48px !important;background-color: #F2F2F2 !important;border-radius: 10px !important;}&#8221;][vc_column_text css=&#8221;&#8221;] Nous sommes sp\u00e9cialis\u00e9s dans l&#8217;impression dans le domaine du tabac. [\/vc_column_text][vc_column_text css=&#8221;&#8221;]En tant qu&#8217;imprimerie sp\u00e9cialis\u00e9e dans le secteur du tabac, nous vous proposons des solutions sur mesure pour r\u00e9pondre aux exigences les plus \u00e9lev\u00e9es. Des [&hellip;]<\/p>\n","protected":false},"author":2,"featured_media":0,"parent":0,"menu_order":0,"comment_status":"closed","ping_status":"closed","template":"template-landing.php","meta":{"_acf_changed":false,"footnotes":""},"class_list":["post-2002","page","type-page","status-publish","hentry"],"acf":[],"_links":{"self":[{"href":"https:\/\/www.bastiandruck.de\/fr\/wp-json\/wp\/v2\/pages\/2002","targetHints":{"allow":["GET"]}}],"collection":[{"href":"https:\/\/www.bastiandruck.de\/fr\/wp-json\/wp\/v2\/pages"}],"about":[{"href":"https:\/\/www.bastiandruck.de\/fr\/wp-json\/wp\/v2\/types\/page"}],"author":[{"embeddable":true,"href":"https:\/\/www.bastiandruck.de\/fr\/wp-json\/wp\/v2\/users\/2"}],"replies":[{"embeddable":true,"href":"https:\/\/www.bastiandruck.de\/fr\/wp-json\/wp\/v2\/comments?post=2002"}],"version-history":[{"count":8,"href":"https:\/\/www.bastiandruck.de\/fr\/wp-json\/wp\/v2\/pages\/2002\/revisions"}],"predecessor-version":[{"id":2232,"href":"https:\/\/www.bastiandruck.de\/fr\/wp-json\/wp\/v2\/pages\/2002\/revisions\/2232"}],"wp:attachment":[{"href":"https:\/\/www.bastiandruck.de\/fr\/wp-json\/wp\/v2\/media?parent=2002"}],"curies":[{"name":"wp","href":"https:\/\/api.w.org\/{rel}","templated":true}]}}