{"id":2010,"date":"2025-10-23T16:33:57","date_gmt":"2025-10-23T14:33:57","guid":{"rendered":"https:\/\/www.bastiandruck.de\/unser-team\/"},"modified":"2026-02-17T10:28:47","modified_gmt":"2026-02-17T09:28:47","slug":"notre-equipe","status":"publish","type":"page","link":"https:\/\/www.bastiandruck.de\/fr\/notre-equipe\/","title":{"rendered":"Notre \u00e9quipe"},"content":{"rendered":"<div class=\"wpb-content-wrapper\"><p>[vc_row full_width=&#8221;stretch_row_content_no_spaces&#8221;][vc_column]<div class=\"banner-area banner-5bf3ec817cf7c autoplay-true social-buttons-align-right\"><div class=\"banner-bottom\"><div class=\"container\"><div class=\"banner-counter\"><\/div><div class=\"owl-nav\"><\/div><\/div><\/div><div class=\"banner  fixed-height style2\" style=\"height: 610px;\"><div class=\"item banner-item-6a01d4dc2a766 middle tal white\" style=\"background-image: url(https:\/\/www.bastiandruck.de\/wp-content\/uploads\/2025\/09\/Heidelberg_Bastian-2-scaled.jpg);\"><div class=\"overlay\"><\/div><div class=\"container\"><div class=\"cell\"><div class=\"sub-h decor-h dec-line-t-l\"><span>Notre grande fiert\u00e9, qui rend possible la fabrication de produits haut de gamme!<\/span><\/div><div class=\"h\"><\/p>\n<h1>Notre \u00e9quipe<\/h1>\n<p><\/div><\/div><\/div><\/div><\/div><\/div>[\/vc_column][\/vc_row][vc_row css=&#8221;.vc_custom_1542718712769{padding-bottom: 25px !important;}&#8221;][vc_column css=&#8221;.vc_custom_1761233562952{margin-top: 72px !important;}&#8221;]<div class=\"pt-special-heading pt-special-heading-5be3cdba69bf6  wpb_animate_when_almost_visible wpb_fadeInLeft fadeInLeft tac  vc_custom_1770646554296\"><div class=\"sub-h decor-h\"><span>Notre \u00e9quipe<\/span><\/div><h2 class=\"heading\"><i>Vos <span>experts<\/span> en mati\u00e8re d'impression<\/i><\/h2><\/div>[vc_custom_heading text=&#8221;Direction&#8221; font_container=&#8221;tag:h2|font_size:32|text_align:center|color:%23A6CC0C&#8221; use_theme_fonts=&#8221;yes&#8221; css=&#8221;.vc_custom_1770646564018{margin-bottom: 48px !important;}&#8221;]\r\n        <div class=\"team-carousel-area\">\r\n            <div class=\"team-carousel row team-items-6a01d4dc2b1d9  wpb_animate_when_almost_visible wpb_fadeInLeft fadeInLeft\">\r\n                \r\n        <div class=\"team-item col-xs-12 col-sm-6 col-md-4 col-lg-3\">\r\n            <div class=\"image-area\">\r\n                                    <div class=\"image\" style=\"background-image: url(https:\/\/www.bastiandruck.de\/wp-content\/uploads\/2025\/10\/Nico-Rudolf-Kessel-1024x1024.jpg);\"><\/div>\r\n                                <div class=\"content\">\r\n                                    <\/div>\r\n            <\/div>\r\n            <div class=\"bottom\">\r\n                                    <h6 class=\"h\">Nico Rudolf Kessel<\/h6>\r\n                                    <div class=\"post\">Directeur g\u00e9n\u00e9ral \u2013 Managing Director<br \/>\nM.Sc. Wirtsch.-Ing<\/div>\r\n                            <\/div>\r\n        <\/div>\r\n        \r\n        \r\n        <div class=\"team-item col-xs-12 col-sm-6 col-md-4 col-lg-3\">\r\n            <div class=\"image-area\">\r\n                                    <div class=\"image\" style=\"background-image: url(https:\/\/www.bastiandruck.de\/wp-content\/uploads\/2025\/10\/Baiba-Kessel-1024x1024.jpg);\"><\/div>\r\n                                <div class=\"content\">\r\n                                            <div class=\"desc\">bk@bastiandruck.de<br \/>\n+49 65 02 \/ 92 56-38<\/div>\r\n                                    <\/div>\r\n            <\/div>\r\n            <div class=\"bottom\">\r\n                                    <h6 class=\"h\">Baiba Kessel<\/h6>\r\n                                    <div class=\"post\">Responsable du contr\u00f4le de la production<br \/>\nM.Sc. Wirtsch.-Ing<\/div>\r\n                            <\/div>\r\n        <\/div>\r\n        \r\n        \r\n        <div class=\"team-item col-xs-12 col-sm-6 col-md-4 col-lg-3\">\r\n            <div class=\"image-area\">\r\n                                    <div class=\"image\" style=\"background-image: url(https:\/\/www.bastiandruck.de\/wp-content\/uploads\/2025\/10\/Michael-Pfisterer-1024x1024.jpg);\"><\/div>\r\n                                <div class=\"content\">\r\n                                    <\/div>\r\n            <\/div>\r\n            <div class=\"bottom\">\r\n                                    <h6 class=\"h\">Michael Pfisterer<\/h6>\r\n                                    <div class=\"post\">Directeur technique<\/div>\r\n                            <\/div>\r\n        <\/div>\r\n        \r\n        \r\n        <div class=\"team-item col-xs-12 col-sm-6 col-md-4 col-lg-3\">\r\n            <div class=\"image-area\">\r\n                                    <div class=\"image\" style=\"background-image: url(https:\/\/www.bastiandruck.de\/wp-content\/uploads\/2025\/09\/stacks-image-05bd097-1200x1200-1-1024x1024.jpg);\"><\/div>\r\n                                <div class=\"content\">\r\n                                    <\/div>\r\n            <\/div>\r\n            <div class=\"bottom\">\r\n                                    <h6 class=\"h\">Karl-Heinz Kessel<\/h6>\r\n                                    <div class=\"post\">fond\u00e9 de pouvoir<\/div>\r\n                            <\/div>\r\n        <\/div>\r\n        \r\n                    <\/div>\r\n        <\/div>\r\n\r\n        [vc_separator style=&#8221;dotted&#8221; border_width=&#8221;3&#8243; css=&#8221;.vc_custom_1764601600766{margin-top: 50px !important;margin-bottom: 50px !important;}&#8221;][vc_custom_heading text=&#8221;Distribution \/ Calcul&#8221; font_container=&#8221;tag:h2|font_size:32|text_align:center|color:%23A6CC0C&#8221; use_theme_fonts=&#8221;yes&#8221; css=&#8221;.vc_custom_1770646624139{margin-bottom: 48px !important;}&#8221;]\r\n        <div class=\"team-carousel-area\">\r\n            <div class=\"team-carousel row team-items-6a01d4dc2c614  wpb_animate_when_almost_visible wpb_fadeInLeft fadeInLeft\">\r\n                \r\n        <div class=\"team-item col-xs-12 col-sm-6 col-md-4 col-lg-3\">\r\n            <div class=\"image-area\">\r\n                                    <div class=\"image\" style=\"background-image: url(https:\/\/www.bastiandruck.de\/wp-content\/uploads\/2025\/10\/Josef-Altmeyer-1024x1024.jpg);\"><\/div>\r\n                                <div class=\"content\">\r\n                                            <div class=\"desc\">ja@bastiandruck.de<br \/>\n+49 65 02 \/ 92 56-19<\/div>\r\n                                    <\/div>\r\n            <\/div>\r\n            <div class=\"bottom\">\r\n                                    <h6 class=\"h\">Josef Altmeyer<\/h6>\r\n                                    <div class=\"post\">Fond\u00e9 de pouvoir \/ Calcul<\/div>\r\n                            <\/div>\r\n        <\/div>\r\n        \r\n        \r\n        <div class=\"team-item col-xs-12 col-sm-6 col-md-4 col-lg-3\">\r\n            <div class=\"image-area\">\r\n                                    <div class=\"image\" style=\"background-image: url(https:\/\/www.bastiandruck.de\/wp-content\/uploads\/2025\/10\/Katharina-Kohl-1024x1024.jpg);\"><\/div>\r\n                                <div class=\"content\">\r\n                                            <div class=\"desc\">kko@bastiandruck.de<br \/>\n+49 65 02 \/ 92 56-17<\/div>\r\n                                    <\/div>\r\n            <\/div>\r\n            <div class=\"bottom\">\r\n                                    <h6 class=\"h\">Katharina Kohl<\/h6>\r\n                                    <div class=\"post\">Conseill\u00e8re client\u00e8le<\/div>\r\n                            <\/div>\r\n        <\/div>\r\n        \r\n        \r\n        <div class=\"team-item col-xs-12 col-sm-6 col-md-4 col-lg-3\">\r\n            <div class=\"image-area\">\r\n                                    <div class=\"image\" style=\"background-image: url(https:\/\/www.bastiandruck.de\/wp-content\/uploads\/2025\/12\/0F9A0882-683x1024.jpg);\"><\/div>\r\n                                <div class=\"content\">\r\n                                            <div class=\"desc\">kb@bastiandruck.de<br \/>\n+49 65 02 \/ 92 56-32<\/div>\r\n                                    <\/div>\r\n            <\/div>\r\n            <div class=\"bottom\">\r\n                                    <h6 class=\"h\">Kevin Berndt<\/h6>\r\n                                    <div class=\"post\">Distribution<\/div>\r\n                            <\/div>\r\n        <\/div>\r\n        \r\n        \r\n        <div class=\"team-item col-xs-12 col-sm-6 col-md-4 col-lg-3\">\r\n            <div class=\"image-area\">\r\n                                    <div class=\"image\" style=\"background-image: url(https:\/\/www.bastiandruck.de\/wp-content\/uploads\/2025\/10\/Christine-Pallant-Kriebs-1024x1024.jpg);\"><\/div>\r\n                                <div class=\"content\">\r\n                                            <div class=\"desc\">cpk@bastiandruck.de<br \/>\n+49 65 02 \/ 92 56-18<\/div>\r\n                                    <\/div>\r\n            <\/div>\r\n            <div class=\"bottom\">\r\n                                    <h6 class=\"h\">Christine Pallant-Kriebs<\/h6>\r\n                                    <div class=\"post\">Conseill\u00e8re client\u00e8le<\/div>\r\n                            <\/div>\r\n        <\/div>\r\n        \r\n                    <\/div>\r\n        <\/div>\r\n\r\n        [vc_separator style=&#8221;dotted&#8221; border_width=&#8221;3&#8243; css=&#8221;.vc_custom_1764601600766{margin-top: 50px !important;margin-bottom: 50px !important;}&#8221;][vc_custom_heading text=&#8221;Prepress \/ AV&#8221; font_container=&#8221;tag:h2|font_size:32|text_align:center|color:%23A6CC0C&#8221; use_theme_fonts=&#8221;yes&#8221; css=&#8221;.vc_custom_1764601874823{margin-bottom: 48px !important;}&#8221;]\r\n        <div class=\"team-carousel-area\">\r\n            <div class=\"team-carousel row team-items-6a01d4dc2d54a  wpb_animate_when_almost_visible wpb_fadeInLeft fadeInLeft\">\r\n                \r\n        <div class=\"team-item col-xs-12 col-sm-6 col-md-4 col-lg-3\">\r\n            <div class=\"image-area\">\r\n                                    <div class=\"image\" style=\"background-image: url(https:\/\/www.bastiandruck.de\/wp-content\/uploads\/2025\/10\/Thomas-Roth.jpg);\"><\/div>\r\n                                <div class=\"content\">\r\n                                            <div class=\"desc\">tr@bastiandruck.de<br \/>\n+49 65 02 \/ 92 56-33<\/div>\r\n                                    <\/div>\r\n            <\/div>\r\n            <div class=\"bottom\">\r\n                                    <h6 class=\"h\">Thomas Roth<\/h6>\r\n                                    <div class=\"post\">Chef d'\u00e9quipe Prepress \/ AV<br \/>\nSp\u00e9cialiste des m\u00e9dias imprim\u00e9s<\/div>\r\n                            <\/div>\r\n        <\/div>\r\n        \r\n        \r\n        <div class=\"team-item col-xs-12 col-sm-6 col-md-4 col-lg-3\">\r\n            <div class=\"image-area\">\r\n                                    <div class=\"image\" style=\"background-image: url(https:\/\/www.bastiandruck.de\/wp-content\/uploads\/2025\/10\/Sarah-Kirsten-1024x1024.jpg);\"><\/div>\r\n                                <div class=\"content\">\r\n                                            <div class=\"desc\">sk@bastiandruck.de<br \/>\n+49 65 02 \/ 92 56-62<\/div>\r\n                                    <\/div>\r\n            <\/div>\r\n            <div class=\"bottom\">\r\n                                    <h6 class=\"h\">Sarah Kirsten<\/h6>\r\n                                    <div class=\"post\">Prepress \/ AV<\/div>\r\n                            <\/div>\r\n        <\/div>\r\n        \r\n        \r\n        <div class=\"team-item col-xs-12 col-sm-6 col-md-4 col-lg-3\">\r\n            <div class=\"image-area\">\r\n                                    <div class=\"image\" style=\"background-image: url(https:\/\/www.bastiandruck.de\/wp-content\/uploads\/2025\/10\/Viktorija-Volz-1024x1024.jpg);\"><\/div>\r\n                                <div class=\"content\">\r\n                                            <div class=\"desc\">vv@bastiandruck.de<br \/>\n+49 65 02 \/ 92 56-34<\/div>\r\n                                    <\/div>\r\n            <\/div>\r\n            <div class=\"bottom\">\r\n                                    <h6 class=\"h\">Viktorija Volz<\/h6>\r\n                                    <div class=\"post\">Prepress \/ AV<br \/>\n\u00c9conomiste d'entreprise<\/div>\r\n                            <\/div>\r\n        <\/div>\r\n        \r\n        \r\n        <div class=\"team-item col-xs-12 col-sm-6 col-md-4 col-lg-3\">\r\n            <div class=\"image-area\">\r\n                                    <div class=\"image\" style=\"background-image: url(https:\/\/www.bastiandruck.de\/wp-content\/uploads\/2025\/12\/Melanie-Roth-2-1024x1024.jpg);\"><\/div>\r\n                                <div class=\"content\">\r\n                                            <div class=\"desc\">mr@bastiandruck.de<br \/>\n+49 65 02 \/ 92 56-80<\/div>\r\n                                    <\/div>\r\n            <\/div>\r\n            <div class=\"bottom\">\r\n                                    <h6 class=\"h\">Melanie Roth<\/h6>\r\n                                    <div class=\"post\">Prepress \/ AV<\/div>\r\n                            <\/div>\r\n        <\/div>\r\n        \r\n        \r\n        <div class=\"team-item col-xs-12 col-sm-6 col-md-4 col-lg-3\">\r\n            <div class=\"image-area\">\r\n                                    <div class=\"image\" style=\"background-image: url(https:\/\/www.bastiandruck.de\/wp-content\/uploads\/2025\/12\/Gerti-683x1024.jpg);\"><\/div>\r\n                                <div class=\"content\">\r\n                                            <div class=\"desc\">ga@bastiandruck.de<br \/>\n+49 65 02 \/ 92 56-0<\/div>\r\n                                    <\/div>\r\n            <\/div>\r\n            <div class=\"bottom\">\r\n                                    <h6 class=\"h\">Gerti Adam<\/h6>\r\n                                    <div class=\"post\">Prepress \/ AV<\/div>\r\n                            <\/div>\r\n        <\/div>\r\n        \r\n        \r\n        <div class=\"team-item col-xs-12 col-sm-6 col-md-4 col-lg-3\">\r\n            <div class=\"image-area\">\r\n                                    <div class=\"image\" style=\"background-image: url(https:\/\/www.bastiandruck.de\/wp-content\/uploads\/2025\/10\/Lara-Kersch-1024x1024.jpg);\"><\/div>\r\n                                <div class=\"content\">\r\n                                            <div class=\"desc\">lk@bastiandruck.de<br \/>\n+49 65 02 \/ 92 56-44<\/div>\r\n                                    <\/div>\r\n            <\/div>\r\n            <div class=\"bottom\">\r\n                                    <h6 class=\"h\">Lara Kersch<\/h6>\r\n                                    <div class=\"post\">Apprentie conceptrice m\u00e9dia<\/div>\r\n                            <\/div>\r\n        <\/div>\r\n        \r\n        \r\n        <div class=\"team-item col-xs-12 col-sm-6 col-md-4 col-lg-3\">\r\n            <div class=\"image-area\">\r\n                                    <div class=\"image\" style=\"background-image: url(https:\/\/www.bastiandruck.de\/wp-content\/uploads\/2025\/10\/Sophia-Mattes-1024x1024.jpg);\"><\/div>\r\n                                <div class=\"content\">\r\n                                            <div class=\"desc\">sm@bastiandruck.de<br \/>\n+49 65 02 \/ 92 56-62<\/div>\r\n                                    <\/div>\r\n            <\/div>\r\n            <div class=\"bottom\">\r\n                                    <h6 class=\"h\">Sophia Mattes<\/h6>\r\n                                    <div class=\"post\">Apprentie conceptrice m\u00e9dia<\/div>\r\n                            <\/div>\r\n        <\/div>\r\n        \r\n                    <\/div>\r\n        <\/div>\r\n\r\n        [vc_separator style=&#8221;dotted&#8221; border_width=&#8221;3&#8243; css=&#8221;.vc_custom_1764601600766{margin-top: 50px !important;margin-bottom: 50px !important;}&#8221;][vc_custom_heading text=&#8221;Imprim\u00e9&#8221; font_container=&#8221;tag:h2|font_size:32|text_align:center|color:%23A6CC0C&#8221; use_theme_fonts=&#8221;yes&#8221; css=&#8221;.vc_custom_1771320457274{margin-bottom: 48px !important;}&#8221;]\r\n        <div class=\"team-carousel-area\">\r\n            <div class=\"team-carousel row team-items-6a01d4dc2f94f  wpb_animate_when_almost_visible wpb_fadeInLeft fadeInLeft\">\r\n                \r\n        <div class=\"team-item col-xs-12 col-sm-6 col-md-4 col-lg-3\">\r\n            <div class=\"image-area\">\r\n                                    <div class=\"image\" style=\"background-image: url(https:\/\/www.bastiandruck.de\/wp-content\/uploads\/2026\/02\/Bjoern-NEU-2-831x1024.jpg);\"><\/div>\r\n                                <div class=\"content\">\r\n                                            <div class=\"desc\">bkautenburger@bastiandruck.de<br \/>\n+49 65 02 \/ 92 56-42<\/div>\r\n                                    <\/div>\r\n            <\/div>\r\n            <div class=\"bottom\">\r\n                                    <h6 class=\"h\">Bj\u00f6rn Kautenburger<\/h6>\r\n                                    <div class=\"post\">Chef d'\u00e9quipe Imprim\u00e9<br \/>\nTechnicien d'Etat en communication et industries graphiques<\/div>\r\n                            <\/div>\r\n        <\/div>\r\n        \r\n                    <\/div>\r\n        <\/div>\r\n\r\n        [vc_separator style=&#8221;dotted&#8221; border_width=&#8221;3&#8243; css=&#8221;.vc_custom_1764601600766{margin-top: 50px !important;margin-bottom: 50px !important;}&#8221;][vc_custom_heading text=&#8221;Administration \/ Logistique&#8221; font_container=&#8221;tag:h2|font_size:32|text_align:center|color:%23A6CC0C&#8221; use_theme_fonts=&#8221;yes&#8221; css=&#8221;.vc_custom_1770646730628{margin-bottom: 48px !important;}&#8221;]\r\n        <div class=\"team-carousel-area\">\r\n            <div class=\"team-carousel row team-items-6a01d4dc30134  wpb_animate_when_almost_visible wpb_fadeInLeft fadeInLeft\">\r\n                \r\n        <div class=\"team-item col-xs-12 col-sm-6 col-md-4 col-lg-3\">\r\n            <div class=\"image-area\">\r\n                                    <div class=\"image\" style=\"background-image: url(https:\/\/www.bastiandruck.de\/wp-content\/uploads\/2025\/10\/Christopher-Marx-1024x1024.jpg);\"><\/div>\r\n                                <div class=\"content\">\r\n                                            <div class=\"desc\">cm@bastiandruck.de<br \/>\n+49 65 02 \/ 92 56-81<\/div>\r\n                                    <\/div>\r\n            <\/div>\r\n            <div class=\"bottom\">\r\n                                    <h6 class=\"h\">Christopher Marx<\/h6>\r\n                                    <div class=\"post\">Planification de la production<\/div>\r\n                            <\/div>\r\n        <\/div>\r\n        \r\n        \r\n        <div class=\"team-item col-xs-12 col-sm-6 col-md-4 col-lg-3\">\r\n            <div class=\"image-area\">\r\n                                    <div class=\"image\" style=\"background-image: url(https:\/\/www.bastiandruck.de\/wp-content\/uploads\/2025\/10\/Patrick-Scherer-1024x1024.jpg);\"><\/div>\r\n                                <div class=\"content\">\r\n                                            <div class=\"desc\">ps@bastiandruck.de<br \/>\n+49 65 02 \/ 92 56-21<\/div>\r\n                                    <\/div>\r\n            <\/div>\r\n            <div class=\"bottom\">\r\n                                    <h6 class=\"h\">Patrick Scherer<\/h6>\r\n                                    <div class=\"post\">Responsable logistique exp\u00e9dition \/ Ex\u00e9cution des commandes<\/div>\r\n                            <\/div>\r\n        <\/div>\r\n        \r\n        \r\n        <div class=\"team-item col-xs-12 col-sm-6 col-md-4 col-lg-3\">\r\n            <div class=\"image-area\">\r\n                                    <div class=\"image\" style=\"background-image: url(https:\/\/www.bastiandruck.de\/wp-content\/uploads\/2025\/10\/Ute-Loersch.jpg);\"><\/div>\r\n                                <div class=\"content\">\r\n                                            <div class=\"desc\">ul@bastiandruck.de<br \/>\n+49 65 02 \/ 92 56-23<\/div>\r\n                                    <\/div>\r\n            <\/div>\r\n            <div class=\"bottom\">\r\n                                    <h6 class=\"h\">Ute Loersch<\/h6>\r\n                                    <div class=\"post\">Logistique<\/div>\r\n                            <\/div>\r\n        <\/div>\r\n        \r\n        \r\n        <div class=\"team-item col-xs-12 col-sm-6 col-md-4 col-lg-3\">\r\n            <div class=\"image-area\">\r\n                                    <div class=\"image\" style=\"background-image: url(https:\/\/www.bastiandruck.de\/wp-content\/uploads\/2025\/12\/0F9A1600-683x1024.jpg);\"><\/div>\r\n                                <div class=\"content\">\r\n                                    <\/div>\r\n            <\/div>\r\n            <div class=\"bottom\">\r\n                                    <h6 class=\"h\">Ella<\/h6>\r\n                                    <div class=\"post\">Chief of Happiness<\/div>\r\n                            <\/div>\r\n        <\/div>\r\n        \r\n                    <\/div>\r\n        <\/div>\r\n\r\n        [\/vc_column][\/vc_row][vc_row css=&#8221;.vc_custom_1759595249926{margin-top: 80px !important;}&#8221;][vc_column css=&#8221;.vc_custom_1762247363758{margin-bottom: 75px !important;padding-top: 24px !important;padding-right: 48px !important;padding-bottom: 24px !important;padding-left: 48px !important;background-color: #F2F2F2 !important;border-radius: 10px !important;}&#8221;][vc_column_text css=&#8221;&#8221;]<\/p>\n<h2><span style=\"font-size: 24pt;\">Notre travail est certifi\u00e9 : pour votre produit et pour l&#8217;environnement<\/span><\/h2>\n<p>[\/vc_column_text][vc_column_text css=&#8221;&#8221;]Chacun de nos produits imprim\u00e9s est le fruit de bien plus que de la simple technologie : il est le r\u00e9sultat d&#8217;une passion, d&#8217;une pr\u00e9cision et d&#8217;un v\u00e9ritable sens des responsabilit\u00e9s. Nos certifications sont l&#8217;expression de cette exigence : elles garantissent une qualit\u00e9 d&#8217;impression constante et optimale, des processus de production tra\u00e7ables et une fabrication respectueuse de l&#8217;environnement qui pr\u00e9serve les ressources et les valeurs.[\/vc_column_text]<div class=\"button-container  vc_custom_1770651330511 tal\"><a href=\"https:\/\/www.bastiandruck.de\/fr\/certifications\/\" class=\"button-style2\" target=\"_self\">Nos certifications<\/a><\/div>[\/vc_column][\/vc_row][vc_row css=&#8221;.vc_custom_1764144660424{margin-bottom: 80px !important;}&#8221;][vc_column]<div class=\"pt-special-heading pt-special-heading-6a01d4dc3137d  wpb_animate_when_almost_visible wpb_fadeInLeft fadeInLeft tac  vc_custom_1770646804818\"><h2 class=\"heading\"><i>Nous sommes sur <span>Instagram<\/span> - suivez-nous d\u00e8s maintenant!<\/i><\/h2><\/div>[vc_raw_html css=&#8221;&#8221;]JTVCdHJ1c3RpbmRleC1mZWVkLWluc3RhZ3JhbSU1RA==[\/vc_raw_html][\/vc_column][\/vc_row]<\/p>\n<\/div>","protected":false},"excerpt":{"rendered":"<p>[vc_row full_width=&#8221;stretch_row_content_no_spaces&#8221;][vc_column][\/vc_column][\/vc_row][vc_row css=&#8221;.vc_custom_1542718712769{padding-bottom: 25px !important;}&#8221;][vc_column css=&#8221;.vc_custom_1761233562952{margin-top: 72px !important;}&#8221;][vc_custom_heading text=&#8221;Direction&#8221; font_container=&#8221;tag:h2|font_size:32|text_align:center|color:%23A6CC0C&#8221; use_theme_fonts=&#8221;yes&#8221; css=&#8221;.vc_custom_1770646564018{margin-bottom: 48px !important;}&#8221;][vc_separator style=&#8221;dotted&#8221; border_width=&#8221;3&#8243; css=&#8221;.vc_custom_1764601600766{margin-top: 50px !important;margin-bottom: 50px !important;}&#8221;][vc_custom_heading text=&#8221;Distribution \/ Calcul&#8221; font_container=&#8221;tag:h2|font_size:32|text_align:center|color:%23A6CC0C&#8221; use_theme_fonts=&#8221;yes&#8221; css=&#8221;.vc_custom_1770646624139{margin-bottom: 48px !important;}&#8221;][vc_separator style=&#8221;dotted&#8221; border_width=&#8221;3&#8243; css=&#8221;.vc_custom_1764601600766{margin-top: 50px !important;margin-bottom: 50px !important;}&#8221;][vc_custom_heading text=&#8221;Prepress \/ AV&#8221; font_container=&#8221;tag:h2|font_size:32|text_align:center|color:%23A6CC0C&#8221; use_theme_fonts=&#8221;yes&#8221; css=&#8221;.vc_custom_1764601874823{margin-bottom: 48px !important;}&#8221;][vc_separator style=&#8221;dotted&#8221; border_width=&#8221;3&#8243; css=&#8221;.vc_custom_1764601600766{margin-top: 50px !important;margin-bottom: 50px !important;}&#8221;][vc_custom_heading text=&#8221;Imprim\u00e9&#8221; font_container=&#8221;tag:h2|font_size:32|text_align:center|color:%23A6CC0C&#8221; use_theme_fonts=&#8221;yes&#8221; css=&#8221;.vc_custom_1771320457274{margin-bottom: [&hellip;]<\/p>\n","protected":false},"author":2,"featured_media":0,"parent":0,"menu_order":0,"comment_status":"closed","ping_status":"closed","template":"template-landing.php","meta":{"_acf_changed":false,"footnotes":""},"class_list":["post-2010","page","type-page","status-publish","hentry"],"acf":[],"_links":{"self":[{"href":"https:\/\/www.bastiandruck.de\/fr\/wp-json\/wp\/v2\/pages\/2010","targetHints":{"allow":["GET"]}}],"collection":[{"href":"https:\/\/www.bastiandruck.de\/fr\/wp-json\/wp\/v2\/pages"}],"about":[{"href":"https:\/\/www.bastiandruck.de\/fr\/wp-json\/wp\/v2\/types\/page"}],"author":[{"embeddable":true,"href":"https:\/\/www.bastiandruck.de\/fr\/wp-json\/wp\/v2\/users\/2"}],"replies":[{"embeddable":true,"href":"https:\/\/www.bastiandruck.de\/fr\/wp-json\/wp\/v2\/comments?post=2010"}],"version-history":[{"count":9,"href":"https:\/\/www.bastiandruck.de\/fr\/wp-json\/wp\/v2\/pages\/2010\/revisions"}],"predecessor-version":[{"id":2265,"href":"https:\/\/www.bastiandruck.de\/fr\/wp-json\/wp\/v2\/pages\/2010\/revisions\/2265"}],"wp:attachment":[{"href":"https:\/\/www.bastiandruck.de\/fr\/wp-json\/wp\/v2\/media?parent=2010"}],"curies":[{"name":"wp","href":"https:\/\/api.w.org\/{rel}","templated":true}]}}