{"id":2026,"date":"2025-10-23T16:33:12","date_gmt":"2025-10-23T14:33:12","guid":{"rendered":"https:\/\/www.bastiandruck.de\/unser-unternehmen\/"},"modified":"2026-02-09T16:35:11","modified_gmt":"2026-02-09T15:35:11","slug":"notre-entreprise","status":"publish","type":"page","link":"https:\/\/www.bastiandruck.de\/fr\/notre-entreprise\/","title":{"rendered":"Notre entreprise"},"content":{"rendered":"<div class=\"wpb-content-wrapper\"><p>[vc_row full_width=&#8221;stretch_row_content_no_spaces&#8221;][vc_column]<div class=\"banner-area banner-5bf3ec817cf7c autoplay-true social-buttons-align-right\"><div class=\"banner-bottom\"><div class=\"container\"><div class=\"banner-counter\"><\/div><div class=\"owl-nav\"><\/div><\/div><\/div><div class=\"banner  fixed-height style2\" style=\"height: 610px;\"><div class=\"item banner-item-6a01d814562eb middle tal white\" style=\"background-image: url(https:\/\/www.bastiandruck.de\/wp-content\/uploads\/2025\/09\/Heidelberg_Bastian-2-scaled.jpg);\"><div class=\"overlay\"><\/div><div class=\"container\"><div class=\"cell\"><div class=\"sub-h decor-h dec-line-t-l\"><span>\u00c0 votre service depuis plus de 100 ans!<\/span><\/div><div class=\"h\"><\/p>\n<h1>Notre entreprise<\/h1>\n<p><\/div><\/div><\/div><\/div><\/div><\/div>[\/vc_column][\/vc_row][vc_row equal_height=&#8221;yes&#8221; content_placement=&#8221;middle&#8221; css=&#8221;.vc_custom_1542716954316{padding-top: 30px !important;}&#8221;][vc_column css_animation=&#8221;fadeInLeft&#8221;]        \r\n        <div class=\"tabs tabs-horizontal tabs-6a01d81456de5 style2\">\r\n            <div class=\"tabs-head\">\r\n                <div class=\"wrap\">\r\n                                            <div class=\"item\">Mot de bienvenue<\/div>\r\n                                            <div class=\"item\">Conscience environnementale<\/div>\r\n                                            <div class=\"item\">Impression neutre en carbone<\/div>\r\n                                    <\/div>\r\n            <\/div>\r\n            <div class=\"tabs-body\"><div class=\"tab-content\"><div class=\"pt-special-heading pt-special-heading-5bf3ed9cbf1ca  tal\"><h3 class=\"heading\"><i>Qualit\u00e9, innovation et durabilit\u00e9 \u2013<br \/>\n<span>depuis plus de 100 ans.<\/span><\/i><\/h3><\/div>[vc_row_inner][vc_column_inner width=&#8221;2\/3&#8243;][vc_column_text css=&#8221;&#8221;]Nous sommes une entreprise d&#8217;impression de taille moyenne, g\u00e9r\u00e9e par son propri\u00e9taire, qui emploie environ 65 personnes dans le parc industriel de F\u00f6hren, pr\u00e8s de Tr\u00e8ves. Nos racines plongent dans une longue tradition, notre avenir dans l&#8217;innovation et l&#8217;action durable.<\/p>\n<p>Nous d\u00e9veloppons pour nos clients des solutions individuelles et globales dans tous les domaines de la production imprim\u00e9e, avec une qualit\u00e9, une flexibilit\u00e9 et un service personnalis\u00e9 irr\u00e9prochables. Une technologie de pointe et un parc de machines constamment mis \u00e0 jour garantissent des r\u00e9sultats de premi\u00e8re classe.<\/p>\n<p>La durabilit\u00e9 est pour nous une \u00e9vidence : nous produisons selon les directives FSC et proposons une impression neutre en carbone. Ainsi, nous envoyons avec vous un signal fort en faveur de la protection du climat et de l&#8217;environnement.<\/p>\n<p>Cordialement,<\/p>\n<p>Nico Rudolf Kessel[\/vc_column_text][\/vc_column_inner][vc_column_inner width=&#8221;1\/3&#8243;][vc_single_image image=&#8221;2031&#8243; img_size=&#8221;full&#8221; style=&#8221;vc_box_rounded&#8221; css=&#8221;&#8221;][\/vc_column_inner][\/vc_row_inner]<\/div><div class=\"tab-content\"><div class=\"pt-special-heading pt-special-heading-6a01d814572ed  tal\"><h3 class=\"heading\"><i>Imprimer dans le respect de l'environnement \u2013<br \/>\n<span>de mani\u00e8re responsable.<\/span><\/i><\/h3><\/div>[vc_column_text css=&#8221;&#8221;]La durabilit\u00e9 fait partie int\u00e9grante de notre travail. Notre objectif : \u00e9viter, r\u00e9duire et compenser les impacts environnementaux.<\/p>\n<p>Gr\u00e2ce \u00e0 une production int\u00e9gr\u00e9e sur un seul site, nous \u00e9vitons les transports inutiles et r\u00e9duisons les \u00e9missions de CO\u2082. Des machines modernes, des syst\u00e8mes de mesure des couleurs innovants et une technologie optimis\u00e9e r\u00e9duisent consid\u00e9rablement la consommation d&#8217;\u00e9nergie, les d\u00e9chets et les polluants, avec jusqu&#8217;\u00e0 30 % d&#8217;\u00e9nergie en moins. Nous sommes fiers d&#8217;annoncer que gr\u00e2ce \u00e0 des mesures d&#8217;optimisation, nous consommons 64 % d&#8217;\u00e9lectricit\u00e9 en moins qu&#8217;en 1997.<\/p>\n<p>Nous avons aujourd&#8217;hui compl\u00e8tement renonc\u00e9 \u00e0 l&#8217;alcool isopropylique et avons \u00e9galement r\u00e9duit de mani\u00e8re significative la consommation de produits chimiques dans l&#8217;exposition des plaques d&#8217;impression. Depuis 2017, l&#8217;ensemble de notre parc de machines est aliment\u00e9 \u00e0 100 % en \u00e9lectricit\u00e9 verte.<\/p>\n<p>Nous allions ainsi une qualit\u00e9 d&#8217;impression optimale \u00e0 une protection active du climat et de l&#8217;environnement, au b\u00e9n\u00e9fice de nos clients et des g\u00e9n\u00e9rations futures.[\/vc_column_text]<div class=\"button-container  vc_custom_1770651307363 tal\"><a href=\"https:\/\/www.bastiandruck.de\/fr\/certifications\/\" class=\"button-style2\" target=\"_self\">Plus d'informations<\/a><\/div><\/div><div class=\"tab-content\"><div class=\"pt-special-heading pt-special-heading-6a01d8145740f  tal\"><h3 class=\"heading\"><i>Impression climatiquement neutre en<br \/>\n<span>collaboration avec ClimatePartner.<\/span><\/i><\/h3><\/div>[vc_column_text css=&#8221;&#8221;]<\/p>\n<div class=\"s3_column s3_column_left\">\n<div id=\"stacks_out_983\" class=\"stacks_out\">\n<div id=\"stacks_in_983\" class=\"stacks_in text_stack\">\n<p>Malgr\u00e9 les mesures de pr\u00e9vention et de r\u00e9duction, la production g\u00e9n\u00e8re des \u00e9missions de CO2. Afin de compenser cet impact environnemental, l&#8217;empreinte carbone des produits imprim\u00e9s est d&#8217;abord calcul\u00e9e, puis les \u00e9missions calcul\u00e9es sont compens\u00e9es par l&#8217;achat de certificats d&#8217;\u00e9mission de CO2.<\/p>\n<p>Les certificats de CO2 concernent principalement les installations de production d&#8217;\u00e9nergie propre dans les pays en d\u00e9veloppement et \u00e9mergents. Beaucoup y voient un commerce d&#8217;indulgences.<\/p>\n<p>Mais c&#8217;est la troisi\u00e8me solution la plus judicieuse apr\u00e8s la pr\u00e9vention et la r\u00e9duction des \u00e9missions de CO2. BASTIAN a \u00e9t\u00e9 certifi\u00e9 climatiquement neutre d\u00e8s 2007 et, gr\u00e2ce aux mesures prises pour r\u00e9duire les \u00e9missions internes de CO2, la contribution \u00e0 compenser \u2013 qui conduit \u00e0 la neutralit\u00e9 climatique \u2013 diminue \u00e9galement.<\/p>\n<\/div>\n<\/div>\n<\/div>\n<p>[\/vc_column_text][vc_single_image image=&#8221;2028&#8243; img_size=&#8221;medium&#8221; css=&#8221;&#8221;]<\/div><\/div>\r\n        <\/div>\r\n        \r\n        [vc_raw_html css=&#8221;&#8221;]JTVCbWVpbGVuc3RlaW5fdGltZWxpbmUlNUQ=[\/vc_raw_html][\/vc_column][\/vc_row][vc_row][vc_column]<div class=\"pt-special-heading pt-special-heading-5bf401ae270da  wpb_animate_when_almost_visible wpb_fadeInLeft fadeInLeft tac  vc_custom_1770645909912\"><div class=\"sub-h decor-h\"><span>Notre travail<\/span><\/div><h2 class=\"heading\"><i>R\u00e9alis\u00e9 avec <span>amour<\/span><\/i><\/h2><\/div>[vc_gallery type=&#8221;image_grid&#8221; images=&#8221;1924,1925,1926&#8243; img_size=&#8221;large&#8221; css=&#8221;.vc_custom_1762247381295{margin-bottom: 0px !important;}&#8221;][\/vc_column][\/vc_row][vc_row css=&#8221;.vc_custom_1759595249926{margin-top: 80px !important;}&#8221;][vc_column css=&#8221;.vc_custom_1762247363758{margin-bottom: 75px !important;padding-top: 24px !important;padding-right: 48px !important;padding-bottom: 24px !important;padding-left: 48px !important;background-color: #F2F2F2 !important;border-radius: 10px !important;}&#8221;][vc_column_text css=&#8221;&#8221;]<\/p>\n<h2><span style=\"font-size: 24pt;\">Faites connaissance avec notre \u00e9quipe!<\/span><\/h2>\n<p>[\/vc_column_text][vc_column_text css=&#8221;&#8221;]Derri\u00e8re chaque production imprim\u00e9e haut de gamme se cachent des personnes passionn\u00e9es et expertes dans leur domaine. De la pr\u00e9presse au fa\u00e7onnage, d\u00e9couvrez les personnes qui incarnent la qualit\u00e9 et la fiabilit\u00e9 depuis plus de 100 ans. Quand la tradition rencontre l&#8217;innovation : voici notre \u00e9quipe.[\/vc_column_text]<div class=\"button-container  vc_custom_1770645944817 tal\"><a href=\"https:\/\/www.bastiandruck.de\/unser-team\/\" class=\"button-style2\" target=\"_self\">Faites connaissance avec notre \u00e9quipe<\/a><\/div>[\/vc_column][\/vc_row][vc_row css=&#8221;.vc_custom_1764144660424{margin-bottom: 80px !important;}&#8221;][vc_column]<div class=\"pt-special-heading pt-special-heading-6a01d81457528  wpb_animate_when_almost_visible wpb_fadeInLeft fadeInLeft tac  vc_custom_1770645955933\"><h2 class=\"heading\"><i>Nous sommes sur <span>Instagram<\/span> - suivez-nous d\u00e8s maintenant!<\/i><\/h2><\/div>[vc_raw_html css=&#8221;&#8221;]JTVCdHJ1c3RpbmRleC1mZWVkLWluc3RhZ3JhbSU1RA==[\/vc_raw_html][\/vc_column][\/vc_row]<\/p>\n<\/div>","protected":false},"excerpt":{"rendered":"<p>[vc_row full_width=&#8221;stretch_row_content_no_spaces&#8221;][vc_column][\/vc_column][\/vc_row][vc_row equal_height=&#8221;yes&#8221; content_placement=&#8221;middle&#8221; css=&#8221;.vc_custom_1542716954316{padding-top: 30px !important;}&#8221;][vc_column css_animation=&#8221;fadeInLeft&#8221;][vc_raw_html css=&#8221;&#8221;]JTVCbWVpbGVuc3RlaW5fdGltZWxpbmUlNUQ=[\/vc_raw_html][\/vc_column][\/vc_row][vc_row][vc_column][vc_gallery type=&#8221;image_grid&#8221; images=&#8221;1924,1925,1926&#8243; img_size=&#8221;large&#8221; css=&#8221;.vc_custom_1762247381295{margin-bottom: 0px !important;}&#8221;][\/vc_column][\/vc_row][vc_row css=&#8221;.vc_custom_1759595249926{margin-top: 80px !important;}&#8221;][vc_column css=&#8221;.vc_custom_1762247363758{margin-bottom: 75px !important;padding-top: 24px !important;padding-right: 48px !important;padding-bottom: 24px !important;padding-left: 48px !important;background-color: #F2F2F2 !important;border-radius: 10px !important;}&#8221;][vc_column_text css=&#8221;&#8221;] Faites connaissance avec notre \u00e9quipe! [\/vc_column_text][vc_column_text css=&#8221;&#8221;]Derri\u00e8re chaque production imprim\u00e9e haut de gamme se cachent des personnes passionn\u00e9es et expertes dans [&hellip;]<\/p>\n","protected":false},"author":2,"featured_media":0,"parent":0,"menu_order":0,"comment_status":"closed","ping_status":"closed","template":"template-landing.php","meta":{"_acf_changed":false,"footnotes":""},"class_list":["post-2026","page","type-page","status-publish","hentry"],"acf":[],"_links":{"self":[{"href":"https:\/\/www.bastiandruck.de\/fr\/wp-json\/wp\/v2\/pages\/2026","targetHints":{"allow":["GET"]}}],"collection":[{"href":"https:\/\/www.bastiandruck.de\/fr\/wp-json\/wp\/v2\/pages"}],"about":[{"href":"https:\/\/www.bastiandruck.de\/fr\/wp-json\/wp\/v2\/types\/page"}],"author":[{"embeddable":true,"href":"https:\/\/www.bastiandruck.de\/fr\/wp-json\/wp\/v2\/users\/2"}],"replies":[{"embeddable":true,"href":"https:\/\/www.bastiandruck.de\/fr\/wp-json\/wp\/v2\/comments?post=2026"}],"version-history":[{"count":8,"href":"https:\/\/www.bastiandruck.de\/fr\/wp-json\/wp\/v2\/pages\/2026\/revisions"}],"predecessor-version":[{"id":2177,"href":"https:\/\/www.bastiandruck.de\/fr\/wp-json\/wp\/v2\/pages\/2026\/revisions\/2177"}],"wp:attachment":[{"href":"https:\/\/www.bastiandruck.de\/fr\/wp-json\/wp\/v2\/media?parent=2026"}],"curies":[{"name":"wp","href":"https:\/\/api.w.org\/{rel}","templated":true}]}}