{"id":2044,"date":"2025-11-18T14:29:32","date_gmt":"2025-11-18T13:29:32","guid":{"rendered":"https:\/\/www.bastiandruck.de\/verpackungen\/"},"modified":"2026-02-09T16:34:27","modified_gmt":"2026-02-09T15:34:27","slug":"emballages","status":"publish","type":"page","link":"https:\/\/www.bastiandruck.de\/fr\/emballages\/","title":{"rendered":"Emballages (Verpackungen)"},"content":{"rendered":"<div class=\"wpb-content-wrapper\"><p>[vc_row full_width=&#8221;stretch_row_content_no_spaces&#8221;][vc_column]<div class=\"banner-area banner-5bf3ec817cf7c autoplay-true social-buttons-align-right\"><div class=\"banner-bottom\"><div class=\"container\"><div class=\"banner-counter\"><\/div><div class=\"owl-nav\"><\/div><\/div><\/div><div class=\"banner  fixed-height style2\" style=\"height: 610px;\"><div class=\"item banner-item-6a01d4f4e94e9 middle tal white\" style=\"background-image: url(https:\/\/www.bastiandruck.de\/wp-content\/uploads\/2025\/08\/pexels-apasaric-1555199-scaled.jpg);\"><div class=\"overlay\"><\/div><div class=\"container\"><div class=\"cell\"><div class=\"sub-h decor-h dec-line-t-l\"><span>Nous sommes votre partenaire pour l'impression d'emballages<\/span><\/div><div class=\"h\"><\/p>\n<h1>Une impression parfaite pour tous les types d'emballages \u2013 une expertise qui convainc<\/h1>\n<p><\/div><\/div><\/div><\/div><\/div><\/div>[\/vc_column][\/vc_row][vc_row css=&#8221;.vc_custom_1761301326054{margin-top: 80px !important;}&#8221; el_class=&#8221;greybox&#8221;][vc_column css=&#8221;.vc_custom_1761301278586{padding-top: 24px !important;padding-right: 48px !important;padding-bottom: 24px !important;padding-left: 48px !important;background-color: #F2F2F2 !important;border-radius: 10px !important;}&#8221;][vc_column_text css=&#8221;&#8221;]<\/p>\n<h2 class=\"ms-outlook-mobile-reference-message skipProofing\" dir=\"ltr\"><span style=\"font-size: 24pt;\">Nous sommes sp\u00e9cialis\u00e9s dans l&#8217;impression d&#8217;emballages.<\/span><\/h2>\n<p>[\/vc_column_text][vc_column_text css=&#8221;&#8221;]En tant qu&#8217;imprimerie exp\u00e9riment\u00e9e dans le domaine des emballages, nous vous proposons des solutions sur mesure pour r\u00e9pondre aux exigences les plus \u00e9lev\u00e9es. Des emballages \u00e0 fond plat et \u00e0 fond automatique aux d\u00e9coupes individuelles en passant par les bo\u00eetes pliantes coll\u00e9es \u00e0 fond automatique ou \u00e0 fond \u00e0 embo\u00eeter, nous imprimons et confectionnons avec pr\u00e9cision. Nous r\u00e9alisons \u00e9galement les petits tirages de mani\u00e8re fiable et \u00e9conomique.<\/p>\n<p>Nous traitons des mat\u00e9riaux d&#8217;une \u00e9paisseur maximale de 1 mm, qui peuvent \u00eatre imprim\u00e9s et finis sur une ou deux faces. Nous couvrons ainsi un large \u00e9ventail d&#8217;exigences en mati\u00e8re d&#8217;emballage, des emballages secondaires l\u00e9gers aux solutions premium robustes.<\/p>\n<p>Notre production est con\u00e7ue pour offrir une s\u00e9curit\u00e9 maximale des processus. Gr\u00e2ce \u00e0 des syst\u00e8mes de contr\u00f4le des feuilles ultramodernes dans la d\u00e9coupeuse, un contr\u00f4le qualit\u00e9 \u00e0 100 % est effectu\u00e9 des deux c\u00f4t\u00e9s de chaque feuille, pour une pr\u00e9cision maximale, un rep\u00e9rage parfait et des r\u00e9sultats sans d\u00e9faut.<\/p>\n<p>Nos emballages conviennent \u00e0 une grande vari\u00e9t\u00e9 de secteurs, du tabac aux produits alimentaires, en passant par les cosm\u00e9tiques et les produits non alimentaires. Gr\u00e2ce \u00e0 une technologie d&#8217;impression, de d\u00e9coupe et de collage de pointe, nous garantissons une pr\u00e9cision d&#8217;ajustage maximale et une finition parfaite, m\u00eame pour les designs les plus exigeants. \u00c0 l&#8217;aide de notre machine \u00e0 coller \u00e0 chaud sp\u00e9cialis\u00e9e, nous pouvons \u00e9galement fixer de mani\u00e8re s\u00fbre et pr\u00e9cise des \u00e9chantillons de produits complexes ou des articles joints \u00e0 l&#8217;emballage, pour des promotions ou des tests accrocheurs.[\/vc_column_text]<div class=\"button-container  vc_custom_1770651263578 tal\"><a href=\"https:\/\/www.bastiandruck.de\/fr\/contact\/\" class=\"button-style2\" target=\"_self\">Contact<\/a><\/div>\r\n        <div class=\"icon-box icon-box-6a01d4f4ea5be icon-box-style1 tal  vc_custom_1770645332910\">\r\n                            <div class=\"icon basic-ui-elements-printer\"><\/div>\r\n                            <h4 class=\"heading\">Une finition qui s\u00e9duit<\/h4>\r\n                            <div class=\"desc\">Tous les produits d'emballage peuvent \u00eatre ennoblis avec des vernis et des effets haut de gamme. Qu'il s'agisse de vernis \u00e0 dispersion, de vernis soft touch, de combinaisons mat-brillant ou de vernis parfum\u00e9s, nous cr\u00e9ons des effets visuels et tactiles qui rendent les marques uniques.<\/p>\n<p>Nous accordons une attention particuli\u00e8re \u00e0 notre technologie de bronzage, qui permet d'obtenir des effets m\u00e9talliques raffin\u00e9s tout en \u00e9tant respectueuse de l'environnement. Contrairement au film \u00e0 chaud classique, elle ne g\u00e9n\u00e8re pas de supports en plastique ni de d\u00e9chets de film. Les pigments m\u00e9talliques sont enti\u00e8rement recyclables, ce qui am\u00e9liore le bilan \u00e9cologique tout en r\u00e9duisant les co\u00fbts, un atout pour la durabilit\u00e9 et la rentabilit\u00e9.<\/p>\n<p>Nous proposons \u00e9galement des gaufrages \u00e0 chaud qui permettent de cr\u00e9er des effets m\u00e9talliques en or, en argent ou dans des teintes personnalis\u00e9es. Le gaufrage \u00e0 froid permet de mettre en valeur certains \u00e9l\u00e9ments de design, ce qui est id\u00e9al pour les logos, les lettrages ou les \u00e9l\u00e9ments structurels. La combinaison du film \u00e0 chaud ou du bronze et du gaufrage cr\u00e9e des effets 3D impressionnants, dans lesquels la lumi\u00e8re et le mat\u00e9riau interagissent avec une profondeur particuli\u00e8re, ce qui est un gage de qualit\u00e9 sup\u00e9rieure sur le point de vente.<\/div>\r\n                    <\/div>\r\n        \r\n        [\/vc_column][\/vc_row][vc_row css=&#8221;.vc_custom_1765448694314{margin-top: 80px !important;margin-bottom: 20px !important;}&#8221;][vc_column width=&#8221;1\/2&#8243;]\r\n        <div class=\"icon-box icon-box-6a01d4f4ea69e icon-box-style1 tal\">\r\n                            <div class=\"icon base-icons-heart\"><\/div>\r\n                            <h4 class=\"heading\">Quand durabilit\u00e9 rime avec innovation<\/h4>\r\n                            <div class=\"desc\">Notre production est synonyme d'efficacit\u00e9, de respect de l'environnement et de pr\u00e9cision technique. Nous travaillons avec des encres sans solvants, des processus optimis\u00e9s sur le plan \u00e9nerg\u00e9tique et des mat\u00e9riaux recyclables. Bon nombre de nos combinaisons de papier et de vernis sont enti\u00e8rement recyclables et offrent des r\u00e9sultats durables.<br \/>\nIl en r\u00e9sulte des solutions d'emballage durables, esth\u00e9tiques, fonctionnelles et \u00e9cologiques.<\/div>\r\n                    <\/div>\r\n        \r\n        [\/vc_column][vc_column width=&#8221;1\/2&#8243;]\r\n        <div class=\"icon-box icon-box-6a01d4f4ea737 icon-box-style1 tal\">\r\n                            <div class=\"icon base-icons-like\"><\/div>\r\n                            <h4 class=\"heading\">Votre partenaire solide pour l'impression d'emballages<\/h4>\r\n                            <div class=\"desc\">Gr\u00e2ce \u00e0 notre savoir-faire approfondi, \u00e0 nos machines \u00e0 la pointe de la technologie et \u00e0 notre sens aigu de la qualit\u00e9, nous vous accompagnons dans la r\u00e9alisation de vos projets d'emballage, du conseil sur les mat\u00e9riaux et la conception \u00e0 la production en s\u00e9rie.<br \/>\nQu'il s'agisse de bo\u00eetes pliantes, d'emballages \u00e0 soufflet, d'emballages \u00e0 embo\u00eeter ou de d\u00e9coupes, nous garantissons une fabrication pr\u00e9cise, le respect des d\u00e9lais de livraison et un impact parfait sur votre marque.<\/div>\r\n                    <\/div>\r\n        \r\n        [\/vc_column][\/vc_row][vc_row css=&#8221;.vc_custom_1765448701471{margin-bottom: 80px !important;}&#8221;][vc_column]<div class=\"pt-special-heading pt-special-heading-5bf401ae270da  wpb_animate_when_almost_visible wpb_fadeInLeft fadeInLeft tac  vc_custom_1770645395583\"><div class=\"sub-h decor-h\"><span>Notre travail<\/span><\/div><h2 class=\"heading\"><i>R\u00e9alis\u00e9 avec <span>amour<\/span><\/i><\/h2><\/div>[vc_gallery type=&#8221;image_grid&#8221; images=&#8221;1924,1925,1926&#8243; img_size=&#8221;large&#8221; css=&#8221;.vc_custom_1762247381295{margin-bottom: 0px !important;}&#8221;][\/vc_column][\/vc_row]<\/p>\n<\/div>","protected":false},"excerpt":{"rendered":"<p>[vc_row full_width=&#8221;stretch_row_content_no_spaces&#8221;][vc_column][\/vc_column][\/vc_row][vc_row css=&#8221;.vc_custom_1761301326054{margin-top: 80px !important;}&#8221; el_class=&#8221;greybox&#8221;][vc_column css=&#8221;.vc_custom_1761301278586{padding-top: 24px !important;padding-right: 48px !important;padding-bottom: 24px !important;padding-left: 48px !important;background-color: #F2F2F2 !important;border-radius: 10px !important;}&#8221;][vc_column_text css=&#8221;&#8221;] Nous sommes sp\u00e9cialis\u00e9s dans l&#8217;impression d&#8217;emballages. [\/vc_column_text][vc_column_text css=&#8221;&#8221;]En tant qu&#8217;imprimerie exp\u00e9riment\u00e9e dans le domaine des emballages, nous vous proposons des solutions sur mesure pour r\u00e9pondre aux exigences les plus \u00e9lev\u00e9es. Des emballages \u00e0 fond plat [&hellip;]<\/p>\n","protected":false},"author":2,"featured_media":0,"parent":0,"menu_order":0,"comment_status":"closed","ping_status":"closed","template":"template-landing.php","meta":{"_acf_changed":false,"footnotes":""},"class_list":["post-2044","page","type-page","status-publish","hentry"],"acf":[],"_links":{"self":[{"href":"https:\/\/www.bastiandruck.de\/fr\/wp-json\/wp\/v2\/pages\/2044","targetHints":{"allow":["GET"]}}],"collection":[{"href":"https:\/\/www.bastiandruck.de\/fr\/wp-json\/wp\/v2\/pages"}],"about":[{"href":"https:\/\/www.bastiandruck.de\/fr\/wp-json\/wp\/v2\/types\/page"}],"author":[{"embeddable":true,"href":"https:\/\/www.bastiandruck.de\/fr\/wp-json\/wp\/v2\/users\/2"}],"replies":[{"embeddable":true,"href":"https:\/\/www.bastiandruck.de\/fr\/wp-json\/wp\/v2\/comments?post=2044"}],"version-history":[{"count":6,"href":"https:\/\/www.bastiandruck.de\/fr\/wp-json\/wp\/v2\/pages\/2044\/revisions"}],"predecessor-version":[{"id":2175,"href":"https:\/\/www.bastiandruck.de\/fr\/wp-json\/wp\/v2\/pages\/2044\/revisions\/2175"}],"wp:attachment":[{"href":"https:\/\/www.bastiandruck.de\/fr\/wp-json\/wp\/v2\/media?parent=2044"}],"curies":[{"name":"wp","href":"https:\/\/api.w.org\/{rel}","templated":true}]}}