{"id":2050,"date":"2025-10-23T16:34:19","date_gmt":"2025-10-23T14:34:19","guid":{"rendered":"https:\/\/www.bastiandruck.de\/zertifizierungen\/"},"modified":"2026-02-09T16:33:47","modified_gmt":"2026-02-09T15:33:47","slug":"certifications","status":"publish","type":"page","link":"https:\/\/www.bastiandruck.de\/fr\/certifications\/","title":{"rendered":"Certifications"},"content":{"rendered":"<div class=\"wpb-content-wrapper\"><p>[vc_row full_width=&#8221;stretch_row_content_no_spaces&#8221;][vc_column]<div class=\"banner-area banner-5bf3ec817cf7c autoplay-true social-buttons-align-right\"><div class=\"banner-bottom\"><div class=\"container\"><div class=\"banner-counter\"><\/div><div class=\"owl-nav\"><\/div><\/div><\/div><div class=\"banner  fixed-height style2\" style=\"height: 610px;\"><div class=\"item banner-item-6a01d52f4ea68 middle tal white\" style=\"background-image: url(https:\/\/www.bastiandruck.de\/wp-content\/uploads\/2025\/10\/Zertifizierungen-Bastian-Druck.jpg);\"><div class=\"overlay\"><\/div><div class=\"container\"><div class=\"cell\"><div class=\"sub-h decor-h dec-line-t-l\"><span>Qualit\u00e9 certifi\u00e9e et protection de l'environnement<\/span><\/div><div class=\"h\"><\/p>\n<h1>Nos certifications<\/h1>\n<p><\/div><\/div><\/div><\/div><\/div><\/div>[\/vc_column][\/vc_row][vc_row equal_height=&#8221;yes&#8221; content_placement=&#8221;middle&#8221; css=&#8221;.vc_custom_1542716954316{padding-top: 30px !important;}&#8221;][vc_column css_animation=&#8221;fadeInLeft&#8221;]        \r\n        <div class=\"tabs tabs-horizontal tabs-6a01d52f500c5 style2\">\r\n            <div class=\"tabs-head\">\r\n                <div class=\"wrap\">\r\n                                            <div class=\"item\">Certification PSO<\/div>\r\n                                            <div class=\"item\">Certification FSC\u00ae<\/div>\r\n                                            <div class=\"item\">Certification DPG<\/div>\r\n                                            <div class=\"item\">Environment<\/div>\r\n                                    <\/div>\r\n            <\/div>\r\n            <div class=\"tabs-body\"><div class=\"tab-content\"><div class=\"pt-special-heading pt-special-heading-5bf3ed9cbf1ca  tal\"><h3 class=\"heading\"><i>Certification PSO \u2013<br \/>\n<span>Qualit\u00e9 selon la norme<\/span>, votre avantage dans la pratique<\/i><\/h3><\/div>[vc_column_text css=&#8221;&#8221;]La norme PSO (ProcessStandard Offsetdruck), officiellement ISO 12647-2, est la norme internationalement reconnue pour la production industrielle d&#8217;imprim\u00e9s. D\u00e9velopp\u00e9e par les associations de l&#8217;industrie de l&#8217;imprimerie et des m\u00e9dias en collaboration avec les instituts de recherche Fogra et UGRA, la norme PSO garantit les normes de qualit\u00e9 les plus \u00e9lev\u00e9es tout au long de la cha\u00eene de production.<\/p>\n<p>Que signifie la norme PSO pour vous ?<\/p>\n<p>\u00c0 l&#8217;aide d&#8217;\u00e9quipements de test et de m\u00e9thodes de contr\u00f4le adapt\u00e9s, nous surveillons, contr\u00f4lons et v\u00e9rifions chaque \u00e9tape de la production, de la saisie des donn\u00e9es au produit imprim\u00e9 fini. Le r\u00e9sultat : une qualit\u00e9 de couleur pr\u00e9visible, des processus efficaces et des r\u00e9sultats mesurables.<\/p>\n<p>La qualit\u00e9 devient mesurable, v\u00e9rifiable et d\u00e9montrable !<\/p>\n<p>Vos avantages en un coup d&#8217;\u0153il :<\/p>\n<p>\u2713 Respect des d\u00e9lais \u2013 D\u00e9lais de livraison fiables gr\u00e2ce \u00e0 des processus optimis\u00e9s<br \/>\n\u2713 Assurance qualit\u00e9 \u2013 Normes \u00e9lev\u00e9es et constantes pour chaque commande<br \/>\n\u2713 R\u00e9p\u00e9tabilit\u00e9 \u2013 R\u00e9sultats identiques garantis pour les r\u00e9impressions<br \/>\n\u2713 Coh\u00e9rence des couleurs \u2013 Rendu des couleurs uniforme sur tous les produits imprim\u00e9s<br \/>\n\u2713 Gain de temps \u2013 Moins d&#8217;efforts de coordination et de corrections<br \/>\n\u2713 Plus de libert\u00e9 \u2013 Vous vous concentrez sur votre c\u0153ur de m\u00e9tier, nous nous concentrons sur la qualit\u00e9[\/vc_column_text][vc_single_image image=&#8221;2057&#8243; img_size=&#8221;medium&#8221; css=&#8221;&#8221;]<\/div><div class=\"tab-content\"><div class=\"pt-special-heading pt-special-heading-6a01d52f506d3  tal\"><h3 class=\"heading\"><i>Certification FSC\u00ae \u2013<br \/>\n<span>Une gestion foresti\u00e8re responsable<\/span> pour l'homme et la nature<\/i><\/h3><\/div>[vc_column_text css=&#8221;&#8221;]Le Forest Stewardship Council\u00ae (FSC\u00ae) est synonyme de gestion foresti\u00e8re responsable, conforme aux normes \u00e9cologiques et sociales les plus strictes. En tant qu&#8217;imprimerie certifi\u00e9e FSC\u00ae, nous garantissons une tra\u00e7abilit\u00e9 compl\u00e8te, de la for\u00eat au produit imprim\u00e9 fini.<\/p>\n<p>Recommandation pour un papier durable<\/p>\n<p>Nous recommandons principalement le papier recycl\u00e9 portant le label \u00e9cologique \u00ab Blue Angel \u00bb. Pour les exigences de qualit\u00e9 particuli\u00e8rement \u00e9lev\u00e9es, nous proposons des papiers certifi\u00e9s FSC\u00ae \u2013 alliant une qualit\u00e9 et une blancheur exceptionnelles \u00e0 une responsabilit\u00e9 \u00e9cologique.<\/p>\n<p>Les normes FSC\u00ae en bref :<\/p>\n<p>\u2713 Protection naturelle des for\u00eats \u2013 Pas de certification pour les plantations converties \u00e0 partir de for\u00eats naturelles<\/p>\n<p>\u2713 Biodiversit\u00e9 \u2013 Pr\u00e9servation et promotion des vestiges forestiers naturels existants<\/p>\n<p>\u2713 Sans OGM \u2013 Aucune utilisation d&#8217;organismes g\u00e9n\u00e9tiquement modifi\u00e9s<\/p>\n<p>\u2713 Sans pesticides \u2013 Aucune utilisation de pesticides dangereux<\/p>\n<p>\u2713 Gestion proche de la nature \u2013 Promotion d&#8217;une gestion foresti\u00e8re proche de la nature<\/p>\n<p>\u2713 Protection des sols et de l&#8217;eau \u2013 Minimisation des impacts n\u00e9gatifs sur l&#8217;environnement<\/p>\n<p>\u2713 Protection par l&#8217;utilisation \u2013 Le FSC\u00ae garantit la conservation \u00e0 long terme des for\u00eats<\/p>\n<p>Responsabilit\u00e9 sociale dans le monde entier<\/p>\n<p>Le minist\u00e8re f\u00e9d\u00e9ral allemand de la Coop\u00e9ration \u00e9conomique et du D\u00e9veloppement (BMZ) et la Soci\u00e9t\u00e9 allemande de coop\u00e9ration technique (GTZ) le confirment : le FSC\u00ae initie des processus d\u00e9mocratiques dans les pays en d\u00e9veloppement et promeut des conditions de travail \u00e9quitables.[\/vc_column_text][vc_single_image image=&#8221;2059&#8243; img_size=&#8221;full&#8221; css=&#8221;&#8221;]<\/div><div class=\"tab-content\"><div class=\"pt-special-heading pt-special-heading-6a01d52f5076f  tal\"><h3 class=\"heading\"><i>Certification DPG \u2013<br \/>\n<span>Fiabilit\u00e9 certifi\u00e9e des processus<\/span> \u2013 une qualit\u00e9 document\u00e9e pour les normes les plus \u00e9lev\u00e9es<\/i><\/h3><\/div>[vc_column_text css=&#8221;&#8221;]Ce certificat atteste que notre entreprise a pass\u00e9 avec succ\u00e8s les tests et obtenu la certification conform\u00e9ment aux directives actuelles de la Deutsche Pfandsystem GmbH. La certification de processus de niveau 2 prouve que nos processus de production r\u00e9pondent aux normes de qualit\u00e9 et de s\u00e9curit\u00e9 requises et sont r\u00e9guli\u00e8rement contr\u00f4l\u00e9s par des experts ind\u00e9pendants.<\/p>\n<p>Cela confirme notre engagement en faveur de processus de travail transparents, fiables et conformes aux normes, autre \u00e9l\u00e9ment important pour la haute qualit\u00e9 et la tra\u00e7abilit\u00e9 de nos services d&#8217;impression et de production.[\/vc_column_text][vc_single_image image=&#8221;2060&#8243; img_size=&#8221;290&#215;405&#8243; css=&#8221;&#8221;]<\/div><div class=\"tab-content\"><div class=\"pt-special-heading pt-special-heading-6a01d52f5082f  tal\"><h3 class=\"heading\"><i><span>La durabilit\u00e9 comme leitmotiv:<\/span> notre contribution pour l'avenir<\/i><\/h3><\/div>[vc_column_text css=&#8221;&#8221;]Des produits imprim\u00e9s exemplaires et une production m\u00e9diatique durable : ce ne sont pas seulement des mots cl\u00e9s, mais une pratique quotidienne chez BASTIAN Druck. Notre approche suit une priorit\u00e9 claire :<\/p>\n<p>1. \u00c9viter \u2013 2. R\u00e9duire \u2013 3. Compenser<\/p>\n<p>Production int\u00e9grale = moins de CO\u2082<\/p>\n<p>Nos processus de production int\u00e9gr\u00e9s, de la pr\u00e9presse \u00e0 la finition, avec un haut niveau de finition et de transformation, couvrent toutes les \u00e9tapes de la cha\u00eene de valeur sur un seul site. R\u00e9sultat : nous \u00e9vitons les transports et les \u00e9missions de CO\u2082 qui y sont associ\u00e9es.<\/p>\n<p>L&#8217;innovation au service de la r\u00e9duction des \u00e9missions<\/p>\n<p>Une technologie moderne<\/p>\n<p>Gr\u00e2ce \u00e0 des machines d&#8217;impression innovantes \u00e0 consommation d&#8217;\u00e9nergie optimis\u00e9e, nous r\u00e9duisons les \u00e9missions de CO\u2082 de 30 % par rapport aux mod\u00e8les pr\u00e9c\u00e9dents :<\/p>\n<p>\u2713 Conception a\u00e9rodynamique du pont \u00e0 pinces pour r\u00e9duire les turbulences<\/p>\n<p>\u2713 Distance optimis\u00e9e entre le s\u00e9choir et la feuille<\/p>\n<p>\u2713 Utilisation intelligente de l&#8217;air aspir\u00e9 et souffl\u00e9<\/p>\n<p>Technique de mesure pr\u00e9cise des couleurs<\/p>\n<p>Des syst\u00e8mes innovants de mesure des couleurs et un transport s\u00fbr des feuilles r\u00e9duisent consid\u00e9rablement les d\u00e9chets \u2013 une consommation de papier moindre signifie moins de CO\u2082, en particulier pour les papiers \u00e0 base de fibres vierges, qui repr\u00e9sentent la plus grande part des \u00e9missions de CO\u2082 d&#8217;un produit imprim\u00e9.<\/p>\n<p>Impression sans alcool \u2013 Bon pour l&#8217;homme et l&#8217;environnement<\/p>\n<p>L&#8217;utilisation d&#8217;alcool isopropylique (IPA) dans le syst\u00e8me de mouillage lib\u00e8re du CO\u2082 lors de sa d\u00e9gradation et est nocive pour la sant\u00e9. Chez BASTIAN, nous avons agi de mani\u00e8re coh\u00e9rente :<\/p>\n<p>Des produits imprim\u00e9s exemplaires et une production m\u00e9diatique durable : ce ne sont pas seulement des mots cl\u00e9s, mais une pratique quotidienne chez BASTIAN Druck.<\/p>\n<p>De 10 % en moyenne \u00e0 0 % d&#8217;IPA !<\/p>\n<p>Apr\u00e8s une phase de d\u00e9marrage avec seulement 3 %, nous renon\u00e7ons aujourd&#8217;hui compl\u00e8tement \u00e0 l&#8217;alcool dans les solutions de mouillage, ce qui constitue un \u00e9l\u00e9ment suppl\u00e9mentaire de notre concept \u00e9cologique au profit de l&#8217;homme et de l&#8217;environnement.<\/p>\n<p>R\u00e9duction des produits chimiques dans l&#8217;exposition des plaques d&#8217;impression<\/p>\n<p>Gr\u00e2ce \u00e0 une technologie moderne, nous avons pu r\u00e9duire consid\u00e9rablement les substances chimiques utilis\u00e9es dans l&#8217;exposition des plaques d&#8217;impression :<\/p>\n<p>de 18 000 litres \u00e0 1 300 litres par an, soit une r\u00e9duction de plus de 92,7 % !<\/p>\n<p>100 % d&#8217;\u00e9lectricit\u00e9 verte depuis 2017<\/p>\n<p>Depuis d\u00e9but 2017, nous utilisons de l&#8217;\u00e9lectricit\u00e9 100 % verte pour alimenter l&#8217;ensemble de notre parc de machines. Nous contribuons ainsi de mani\u00e8re tangible \u00e0 l&#8217;am\u00e9lioration du bilan \u00e9cologique, y compris pour votre entreprise ![\/vc_column_text][vc_single_image image=&#8221;2058&#8243; img_size=&#8221;full&#8221; css=&#8221;&#8221;]<\/div><\/div>\r\n        <\/div>\r\n        \r\n        [\/vc_column][\/vc_row][vc_row css=&#8221;.vc_custom_1759595249926{margin-top: 80px !important;}&#8221;][vc_column css=&#8221;.vc_custom_1762247363758{margin-bottom: 75px !important;padding-top: 24px !important;padding-right: 48px !important;padding-bottom: 24px !important;padding-left: 48px !important;background-color: #F2F2F2 !important;border-radius: 10px !important;}&#8221;][vc_column_text css=&#8221;&#8221;]<\/p>\n<h2><span style=\"font-size: 24pt;\">Nous sommes plus que de simples experts en impression<\/span><\/h2>\n<p>[\/vc_column_text][vc_column_text css=&#8221;&#8221;]Depuis plus de 100 ans, nous allions pr\u00e9cision artisanale, technologie de pointe et valeurs claires. En tant qu&#8217;entreprise familiale g\u00e9r\u00e9e par son propri\u00e9taire, nous sommes synonymes de qualit\u00e9, de fiabilit\u00e9 et de pens\u00e9e durable, jour apr\u00e8s jour, dans chaque produit imprim\u00e9.<\/p>\n<p>Mais ce qui nous caract\u00e9rise vraiment, ce sont les personnes qui se cachent derri\u00e8re les machines : des sp\u00e9cialistes engag\u00e9s, des esprits innovants et des professionnels de l&#8217;impression exp\u00e9riment\u00e9s qui travaillent avec passion sur chaque d\u00e9tail.<\/p>\n<p>D\u00e9couvrez notre histoire, notre motivation et ce qui nous pousse \u00e0 toujours donner le meilleur de nous-m\u00eames pour nos clients.[\/vc_column_text]<div class=\"button-container  vc_custom_1770651217330 tal\"><a href=\"https:\/\/www.bastiandruck.de\/fr\/notre-entreprise\/\" class=\"button-style2\" target=\"_self\">En savoir plus sur Bastian Druck<\/a><\/div>[\/vc_column][\/vc_row]<\/p>\n<\/div>","protected":false},"excerpt":{"rendered":"<p>[vc_row full_width=&#8221;stretch_row_content_no_spaces&#8221;][vc_column][\/vc_column][\/vc_row][vc_row equal_height=&#8221;yes&#8221; content_placement=&#8221;middle&#8221; css=&#8221;.vc_custom_1542716954316{padding-top: 30px !important;}&#8221;][vc_column css_animation=&#8221;fadeInLeft&#8221;][\/vc_column][\/vc_row][vc_row css=&#8221;.vc_custom_1759595249926{margin-top: 80px !important;}&#8221;][vc_column css=&#8221;.vc_custom_1762247363758{margin-bottom: 75px !important;padding-top: 24px !important;padding-right: 48px !important;padding-bottom: 24px !important;padding-left: 48px !important;background-color: #F2F2F2 !important;border-radius: 10px !important;}&#8221;][vc_column_text css=&#8221;&#8221;] Nous sommes plus que de simples experts en impression [\/vc_column_text][vc_column_text css=&#8221;&#8221;]Depuis plus de 100 ans, nous allions pr\u00e9cision artisanale, technologie de pointe et valeurs claires. En tant qu&#8217;entreprise [&hellip;]<\/p>\n","protected":false},"author":2,"featured_media":0,"parent":0,"menu_order":0,"comment_status":"closed","ping_status":"closed","template":"template-landing.php","meta":{"_acf_changed":false,"footnotes":""},"class_list":["post-2050","page","type-page","status-publish","hentry"],"acf":[],"_links":{"self":[{"href":"https:\/\/www.bastiandruck.de\/fr\/wp-json\/wp\/v2\/pages\/2050","targetHints":{"allow":["GET"]}}],"collection":[{"href":"https:\/\/www.bastiandruck.de\/fr\/wp-json\/wp\/v2\/pages"}],"about":[{"href":"https:\/\/www.bastiandruck.de\/fr\/wp-json\/wp\/v2\/types\/page"}],"author":[{"embeddable":true,"href":"https:\/\/www.bastiandruck.de\/fr\/wp-json\/wp\/v2\/users\/2"}],"replies":[{"embeddable":true,"href":"https:\/\/www.bastiandruck.de\/fr\/wp-json\/wp\/v2\/comments?post=2050"}],"version-history":[{"count":11,"href":"https:\/\/www.bastiandruck.de\/fr\/wp-json\/wp\/v2\/pages\/2050\/revisions"}],"predecessor-version":[{"id":2174,"href":"https:\/\/www.bastiandruck.de\/fr\/wp-json\/wp\/v2\/pages\/2050\/revisions\/2174"}],"wp:attachment":[{"href":"https:\/\/www.bastiandruck.de\/fr\/wp-json\/wp\/v2\/media?parent=2050"}],"curies":[{"name":"wp","href":"https:\/\/api.w.org\/{rel}","templated":true}]}}